{"id":2,"date":"2014-09-05T08:17:34","date_gmt":"2014-09-05T07:17:34","guid":{"rendered":"https:\/\/evconexion.com\/?page_id=2"},"modified":"2025-06-25T11:05:53","modified_gmt":"2025-06-25T10:05:53","slug":"mentionslegales","status":"publish","type":"page","link":"https:\/\/evconexion.com\/?page_id=2","title":{"rendered":"Mentions L\u00e9gales"},"content":{"rendered":"\t\t<div data-elementor-type=\"wp-page\" data-elementor-id=\"2\" class=\"elementor elementor-2\">\n\t\t\t\t\t\t<section class=\"has_eae_slider elementor-section elementor-top-section elementor-element elementor-element-378af61f elementor-section-full_width elementor-section-stretched elementor-section-height-default elementor-section-height-default wpr-particle-no wpr-jarallax-no wpr-parallax-no wpr-sticky-section-no\" data-eae-slider=\"38724\" data-id=\"378af61f\" data-element_type=\"section\" data-e-type=\"section\" data-settings=\"{&quot;stretch_section&quot;:&quot;section-stretched&quot;}\">\n\t\t\t\t\t\t<div class=\"elementor-container elementor-column-gap-default\">\n\t\t\t\t\t<div class=\"has_eae_slider elementor-column elementor-col-100 elementor-top-column elementor-element elementor-element-36ee493b\" data-eae-slider=\"22552\" data-id=\"36ee493b\" data-element_type=\"column\" data-e-type=\"column\">\n\t\t\t<div class=\"elementor-widget-wrap elementor-element-populated\">\n\t\t\t\t\t\t<div class=\"elementor-element elementor-element-6e2be926 elementor-widget elementor-widget-text-editor\" data-id=\"6e2be926\" data-element_type=\"widget\" data-e-type=\"widget\" data-widget_type=\"text-editor.default\">\n\t\t\t\t<div class=\"elementor-widget-container\">\n\t\t\t\t\t\t\t\t\t<blockquote>\n<ul>\n<li><strong>RAFET\/ EV CONEXION<\/strong> : Il s\u2019agit d\u2019une entreprise bas\u00e9e en France et en Espagne dans la r\u00e9gion de GERONE, plus pr\u00e9cis\u00e9ment \u00e0 FIGUERE,<\/li>\n<li><strong>Les coordonn\u00e9es :<\/strong>&nbsp;42 rue d&#8217;Oradour sur Glane 31200 TOULOUSE France<\/li>\n<li><strong>Les mentions relatives \u00e0 la propri\u00e9t\u00e9 intellectuelle :<\/strong>&nbsp;Toute reproduction ou copie de ce site est est interdite par les lois du copyright.<\/li>\n<li><strong>Les mentions relatives \u00e0 l\u2019h\u00e9bergement du site :<\/strong><br><p class=\"content\">LWS (www.lws.fr &#8211; Ligne Web Services)<br>SAS au capital de 500 000 Euros<br>10, RUE PENTHIEVRE<br>75008 PARIS<br>FRANCE<\/p>\n<p class=\"content\">RCS Paris B 851 993 683 00024 &#8211; APE 6311Z<br>TVA intra: FR21<div class=\"callext-highlight\" id=\"callext-hrdm9\" phone-number=\"851993683\"> 851 993 683<img  class=\"lws-optimize-lazyload\" data-src=\"chrome-extension:\/\/epfenpmnngonckanfoaehlnepjbjlmaa\/img\/logophone.png\"><\/div> SIRET 85199368300024<\/p>\n<\/li>\n<\/ul>\n<\/blockquote>\n<blockquote>\n<h3 class=\"elementor-icon-box-title\">ADRESSE:<\/h3>\n<p class=\"elementor-icon-box-description\"><b>Adresse en Espagne:<\/b>&nbsp;Carrer Hortes 12, 17600 Figueres, registrada con el numero: B56903396&nbsp;<\/p><p class=\"elementor-icon-box-description\"><b><br><\/b><\/p><p class=\"elementor-icon-box-description\"><b>Adresse en France:&nbsp;<\/b>42 rue d&#8217;Oradour sur Glane 31300 Toulouse, enregistr\u00e9 sous le num\u00e9ro: 842 433 799 00025<\/p>\n<\/blockquote>\t\t\t\t\t\t\t\t<\/div>\n\t\t\t\t<\/div>\n\t\t\t\t\t<\/div>\n\t\t<\/div>\n\t\t\t\t\t<\/div>\n\t\t<\/section>\n\t\t\t\t<\/div>\n\t\t","protected":false},"excerpt":{"rendered":"<p>RAFET\/ EV CONEXION : Il s\u2019agit d\u2019une entreprise bas\u00e9e en France et en Espagne dans la r\u00e9gion de GERONE, plus pr\u00e9cis\u00e9ment \u00e0 FIGUERE, Les coordonn\u00e9es :&nbsp;42 rue d&#8217;Oradour sur Glane 31200 TOULOUSE France Les mentions relatives \u00e0 la propri\u00e9t\u00e9 intellectuelle :&nbsp;Toute reproduction ou copie de ce site est est interdite par les lois du copyright. Les mentions relatives \u00e0 l\u2019h\u00e9bergement<\/p>\n","protected":false},"author":1,"featured_media":0,"parent":0,"menu_order":0,"comment_status":"open","ping_status":"open","template":"","meta":{"_seopress_robots_primary_cat":"","_seopress_titles_title":"","_seopress_titles_desc":"","_seopress_robots_index":"yes","_sitemap_exclude":false,"_sitemap_priority":"","_sitemap_frequency":"","_monsterinsights_skip_tracking":false,"_monsterinsights_sitenote_active":false,"_monsterinsights_sitenote_note":"","_monsterinsights_sitenote_category":0,"footnotes":""},"class_list":["post-2","page","type-page","status-publish","hentry"],"aioseo_notices":[],"yoast_head":"<!-- This site is optimized with the Yoast SEO plugin v27.4 - https:\/\/yoast.com\/product\/yoast-seo-wordpress\/ -->\n<title>Mentions L\u00e9gales - EV CONNEXION: BORNE DE CHARGE ELECTRIQUE<\/title>\n<meta name=\"robots\" content=\"index, follow, max-snippet:-1, max-image-preview:large, max-video-preview:-1\" \/>\n<link rel=\"canonical\" href=\"https:\/\/evconexion.com\/?page_id=2\" \/>\n<meta property=\"og:locale\" content=\"fr_FR\" \/>\n<meta property=\"og:type\" content=\"article\" \/>\n<meta property=\"og:title\" content=\"Mentions L\u00e9gales - EV CONNEXION: BORNE DE CHARGE ELECTRIQUE\" \/>\n<meta property=\"og:description\" content=\"RAFET\/ EV CONEXION : Il s\u2019agit d\u2019une entreprise bas\u00e9e en France et en Espagne dans la r\u00e9gion de GERONE, plus pr\u00e9cis\u00e9ment \u00e0 FIGUERE, Les coord\" \/>\n<meta property=\"og:url\" content=\"https:\/\/evconexion.com\/?page_id=2\" \/>\n<meta property=\"og:site_name\" content=\"EV CONNEXION: BORNE DE CHARGE ELECTRIQUE\" \/>\n<meta property=\"article:modified_time\" content=\"2025-06-25T10:05:53+00:00\" \/>\n<meta property=\"og:image\" content=\"\" \/>\n<meta name=\"twitter:card\" content=\"summary_large_image\" \/>\n<script type=\"application\/ld+json\" class=\"yoast-schema-graph\">{\"@context\":\"https:\\\/\\\/schema.org\",\"@graph\":[{\"@type\":\"WebPage\",\"@id\":\"https:\\\/\\\/evconexion.com\\\/?page_id=2\",\"url\":\"https:\\\/\\\/evconexion.com\\\/?page_id=2\",\"name\":\"Mentions L\u00e9gales - EV CONNEXION: BORNE DE CHARGE ELECTRIQUE\",\"isPartOf\":{\"@id\":\"https:\\\/\\\/evconexion.com\\\/#website\"},\"primaryImageOfPage\":{\"@id\":\"https:\\\/\\\/evconexion.com\\\/?page_id=2#primaryimage\"},\"image\":{\"@id\":\"https:\\\/\\\/evconexion.com\\\/?page_id=2#primaryimage\"},\"thumbnailUrl\":\"chrome-extension:\\\/\\\/epfenpmnngonckanfoaehlnepjbjlmaa\\\/img\\\/logophone.png\",\"datePublished\":\"2014-09-05T07:17:34+00:00\",\"dateModified\":\"2025-06-25T10:05:53+00:00\",\"breadcrumb\":{\"@id\":\"https:\\\/\\\/evconexion.com\\\/?page_id=2#breadcrumb\"},\"inLanguage\":\"fr-FR\",\"potentialAction\":[{\"@type\":\"ReadAction\",\"target\":[\"https:\\\/\\\/evconexion.com\\\/?page_id=2\"]}]},{\"@type\":\"ImageObject\",\"inLanguage\":\"fr-FR\",\"@id\":\"https:\\\/\\\/evconexion.com\\\/?page_id=2#primaryimage\",\"url\":\"chrome-extension:\\\/\\\/epfenpmnngonckanfoaehlnepjbjlmaa\\\/img\\\/logophone.png\",\"contentUrl\":\"chrome-extension:\\\/\\\/epfenpmnngonckanfoaehlnepjbjlmaa\\\/img\\\/logophone.png\"},{\"@type\":\"BreadcrumbList\",\"@id\":\"https:\\\/\\\/evconexion.com\\\/?page_id=2#breadcrumb\",\"itemListElement\":[{\"@type\":\"ListItem\",\"position\":1,\"name\":\"Accueil\",\"item\":\"https:\\\/\\\/evconexion.com\\\/\"},{\"@type\":\"ListItem\",\"position\":2,\"name\":\"Mentions L\u00e9gales\"}]},{\"@type\":\"WebSite\",\"@id\":\"https:\\\/\\\/evconexion.com\\\/#website\",\"url\":\"https:\\\/\\\/evconexion.com\\\/\",\"name\":\"EV CONNEXION: BORNE DE CHARGE ELECTRIQUE\",\"description\":\"EV CONNEXION BORNE DE CHARGE VEHICULE ELECTRIQUE\",\"publisher\":{\"@id\":\"https:\\\/\\\/evconexion.com\\\/#organization\"},\"potentialAction\":[{\"@type\":\"SearchAction\",\"target\":{\"@type\":\"EntryPoint\",\"urlTemplate\":\"https:\\\/\\\/evconexion.com\\\/?s={search_term_string}\"},\"query-input\":{\"@type\":\"PropertyValueSpecification\",\"valueRequired\":true,\"valueName\":\"search_term_string\"}}],\"inLanguage\":\"fr-FR\"},{\"@type\":\"Organization\",\"@id\":\"https:\\\/\\\/evconexion.com\\\/#organization\",\"name\":\"EV CONNEXION: BORNE DE CHARGE ELECTRIQUE\",\"url\":\"https:\\\/\\\/evconexion.com\\\/\",\"logo\":{\"@type\":\"ImageObject\",\"inLanguage\":\"fr-FR\",\"@id\":\"https:\\\/\\\/evconexion.com\\\/#\\\/schema\\\/logo\\\/image\\\/\",\"url\":\"https:\\\/\\\/evconexion.com\\\/wp-content\\\/uploads\\\/2023\\\/10\\\/EVT.gif\",\"contentUrl\":\"https:\\\/\\\/evconexion.com\\\/wp-content\\\/uploads\\\/2023\\\/10\\\/EVT.gif\",\"width\":500,\"height\":500,\"caption\":\"EV CONNEXION: BORNE DE CHARGE ELECTRIQUE\"},\"image\":{\"@id\":\"https:\\\/\\\/evconexion.com\\\/#\\\/schema\\\/logo\\\/image\\\/\"}}]}<\/script>\n<!-- \/ Yoast SEO plugin. -->","yoast_head_json":{"title":"Mentions L\u00e9gales - EV CONNEXION: BORNE DE CHARGE ELECTRIQUE","robots":{"index":"index","follow":"follow","max-snippet":"max-snippet:-1","max-image-preview":"max-image-preview:large","max-video-preview":"max-video-preview:-1"},"canonical":"https:\/\/evconexion.com\/?page_id=2","og_locale":"fr_FR","og_type":"article","og_title":"Mentions L\u00e9gales - EV CONNEXION: BORNE DE CHARGE ELECTRIQUE","og_description":"RAFET\/ EV CONEXION : Il s\u2019agit d\u2019une entreprise bas\u00e9e en France et en Espagne dans la r\u00e9gion de GERONE, plus pr\u00e9cis\u00e9ment \u00e0 FIGUERE, Les coord","og_url":"https:\/\/evconexion.com\/?page_id=2","og_site_name":"EV CONNEXION: BORNE DE CHARGE ELECTRIQUE","article_modified_time":"2025-06-25T10:05:53+00:00","og_image":[{"url":"chrome-extension:\/\/epfenpmnngonckanfoaehlnepjbjlmaa\/img\/logophone.png","type":"","width":"","height":""}],"twitter_card":"summary_large_image","schema":{"@context":"https:\/\/schema.org","@graph":[{"@type":"WebPage","@id":"https:\/\/evconexion.com\/?page_id=2","url":"https:\/\/evconexion.com\/?page_id=2","name":"Mentions L\u00e9gales - EV CONNEXION: BORNE DE CHARGE ELECTRIQUE","isPartOf":{"@id":"https:\/\/evconexion.com\/#website"},"primaryImageOfPage":{"@id":"https:\/\/evconexion.com\/?page_id=2#primaryimage"},"image":{"@id":"https:\/\/evconexion.com\/?page_id=2#primaryimage"},"thumbnailUrl":"chrome-extension:\/\/epfenpmnngonckanfoaehlnepjbjlmaa\/img\/logophone.png","datePublished":"2014-09-05T07:17:34+00:00","dateModified":"2025-06-25T10:05:53+00:00","breadcrumb":{"@id":"https:\/\/evconexion.com\/?page_id=2#breadcrumb"},"inLanguage":"fr-FR","potentialAction":[{"@type":"ReadAction","target":["https:\/\/evconexion.com\/?page_id=2"]}]},{"@type":"ImageObject","inLanguage":"fr-FR","@id":"https:\/\/evconexion.com\/?page_id=2#primaryimage","url":"chrome-extension:\/\/epfenpmnngonckanfoaehlnepjbjlmaa\/img\/logophone.png","contentUrl":"chrome-extension:\/\/epfenpmnngonckanfoaehlnepjbjlmaa\/img\/logophone.png"},{"@type":"BreadcrumbList","@id":"https:\/\/evconexion.com\/?page_id=2#breadcrumb","itemListElement":[{"@type":"ListItem","position":1,"name":"Accueil","item":"https:\/\/evconexion.com\/"},{"@type":"ListItem","position":2,"name":"Mentions L\u00e9gales"}]},{"@type":"WebSite","@id":"https:\/\/evconexion.com\/#website","url":"https:\/\/evconexion.com\/","name":"EV CONNEXION: BORNE DE CHARGE ELECTRIQUE","description":"EV CONNEXION BORNE DE CHARGE VEHICULE ELECTRIQUE","publisher":{"@id":"https:\/\/evconexion.com\/#organization"},"potentialAction":[{"@type":"SearchAction","target":{"@type":"EntryPoint","urlTemplate":"https:\/\/evconexion.com\/?s={search_term_string}"},"query-input":{"@type":"PropertyValueSpecification","valueRequired":true,"valueName":"search_term_string"}}],"inLanguage":"fr-FR"},{"@type":"Organization","@id":"https:\/\/evconexion.com\/#organization","name":"EV CONNEXION: BORNE DE CHARGE ELECTRIQUE","url":"https:\/\/evconexion.com\/","logo":{"@type":"ImageObject","inLanguage":"fr-FR","@id":"https:\/\/evconexion.com\/#\/schema\/logo\/image\/","url":"https:\/\/evconexion.com\/wp-content\/uploads\/2023\/10\/EVT.gif","contentUrl":"https:\/\/evconexion.com\/wp-content\/uploads\/2023\/10\/EVT.gif","width":500,"height":500,"caption":"EV CONNEXION: BORNE DE CHARGE ELECTRIQUE"},"image":{"@id":"https:\/\/evconexion.com\/#\/schema\/logo\/image\/"}}]}},"_links":{"self":[{"href":"https:\/\/evconexion.com\/index.php?rest_route=\/wp\/v2\/pages\/2","targetHints":{"allow":["GET"]}}],"collection":[{"href":"https:\/\/evconexion.com\/index.php?rest_route=\/wp\/v2\/pages"}],"about":[{"href":"https:\/\/evconexion.com\/index.php?rest_route=\/wp\/v2\/types\/page"}],"author":[{"embeddable":true,"href":"https:\/\/evconexion.com\/index.php?rest_route=\/wp\/v2\/users\/1"}],"replies":[{"embeddable":true,"href":"https:\/\/evconexion.com\/index.php?rest_route=%2Fwp%2Fv2%2Fcomments&post=2"}],"version-history":[{"count":0,"href":"https:\/\/evconexion.com\/index.php?rest_route=\/wp\/v2\/pages\/2\/revisions"}],"wp:attachment":[{"href":"https:\/\/evconexion.com\/index.php?rest_route=%2Fwp%2Fv2%2Fmedia&parent=2"}],"curies":[{"name":"wp","href":"https:\/\/api.w.org\/{rel}","templated":true}]}}