{"id":5137,"date":"2024-08-27T13:19:35","date_gmt":"2024-08-27T12:19:35","guid":{"rendered":"https:\/\/evconexion.com\/reinitialiser\/"},"modified":"2024-08-27T13:23:17","modified_gmt":"2024-08-27T12:23:17","slug":"reinitialiser","status":"publish","type":"page","link":"https:\/\/evconexion.com\/?page_id=5137","title":{"rendered":"R\u00e9initialiser le mot de passe"},"content":{"rendered":"<div class=\"uwp-reset-class bsui sdel-52a20fce\" ><div class=\"uwp_widgets uwp_widget_reset\"><div class=\"uwp_page\">    <div class=\"uwp-content-wrap \">\n        <div class=\"uwp-login\">\n            <div class=\"uwp-lf-icon\"><i class=\"fas fa-key fa-fw fa-width-fixed\"><\/i><\/div>\n                        <h2>R\u00e9initialiser le mot de passe            <\/h2>\n                        Vous ne pouvez pas acc\u00e9der directement \u00e0 cette page. Suivez le lien de r\u00e9initialisation de mot de passe que vous avez re\u00e7u dans votre e-mail. Pour demander un nouveau lien de r\u00e9initialisation de mot de passe <a href=\"https:\/\/evconexion.com\/?page_id=5135\">voir ici<\/a>.\n            <div class=\"uwp-footer-link uwp-resetpsw\">Already a member?<a rel=\"nofollow\" href=\"https:\/\/evconexion.com\/?page_id=5131\">Connectez-vous ici<\/a><\/div>\n            <div class=\"clfx\"><\/div>\n            <div class=\"uwp-footer-link uwp-register-now\">Pas encore inscrit\u00a0? <a rel=\"nofollow\" href=\"https:\/\/evconexion.com\/?page_id=5186\">Cr\u00e9er un compte<\/a><\/div>\n        <\/div>\n    <\/div>\n<\/div><\/div>\t<script>\n        jQuery( document ).ready( function( $ ) {\n\n            $( 'body' ).on( 'keyup', 'input[name=password], input[name=confirm_password]',\n                function( event ) {\n                    var $form = $(this).closest('form');\n                    if( ! $form.hasClass('uwp-login-form') ) {\n                        uwp_checkPasswordStrength(\n                            $form.find('input[name=password]'),\n                            $form.find('input[name=confirm_password]'),\n                            $form.find('#uwp-password-strength'),\n                            $form.find('button[type=\"submit\"], input[type=\"submit\"]'),\n                            ['black', 'listed', 'word']\n                        );\n                    }\n                }\n            );\n        });\n\t<\/script><\/div>\n","protected":false},"excerpt":{"rendered":"","protected":false},"author":1,"featured_media":0,"parent":0,"menu_order":0,"comment_status":"closed","ping_status":"open","template":"","meta":{"_seopress_robots_primary_cat":"","_seopress_titles_title":"","_seopress_titles_desc":"","_seopress_robots_index":"","_sitemap_exclude":false,"_sitemap_priority":"","_sitemap_frequency":"","_monsterinsights_skip_tracking":false,"_monsterinsights_sitenote_active":false,"_monsterinsights_sitenote_note":"","_monsterinsights_sitenote_category":0,"footnotes":""},"class_list":["post-5137","page","type-page","status-publish","hentry"],"aioseo_notices":[],"yoast_head":"<!-- This site is optimized with the Yoast SEO plugin v27.4 - https:\/\/yoast.com\/product\/yoast-seo-wordpress\/ -->\n<title>R\u00e9initialiser le mot de passe - EV CONNEXION: BORNE DE CHARGE ELECTRIQUE<\/title>\n<meta name=\"robots\" content=\"index, follow, max-snippet:-1, max-image-preview:large, max-video-preview:-1\" \/>\n<link rel=\"canonical\" href=\"https:\/\/evconexion.com\/?page_id=5137\" \/>\n<meta property=\"og:locale\" content=\"fr_FR\" \/>\n<meta property=\"og:type\" content=\"article\" \/>\n<meta property=\"og:title\" content=\"R\u00e9initialiser le mot de passe - EV CONNEXION: BORNE DE CHARGE ELECTRIQUE\" \/>\n<meta property=\"og:url\" content=\"https:\/\/evconexion.com\/?page_id=5137\" \/>\n<meta property=\"og:site_name\" content=\"EV CONNEXION: BORNE DE CHARGE ELECTRIQUE\" \/>\n<meta property=\"article:modified_time\" content=\"2024-08-27T12:23:17+00:00\" \/>\n<meta name=\"twitter:card\" content=\"summary_large_image\" \/>\n<script type=\"application\/ld+json\" class=\"yoast-schema-graph\">{\"@context\":\"https:\\\/\\\/schema.org\",\"@graph\":[{\"@type\":\"WebPage\",\"@id\":\"https:\\\/\\\/evconexion.com\\\/?page_id=5137\",\"url\":\"https:\\\/\\\/evconexion.com\\\/?page_id=5137\",\"name\":\"R\u00e9initialiser le mot de passe - EV CONNEXION: BORNE DE CHARGE ELECTRIQUE\",\"isPartOf\":{\"@id\":\"https:\\\/\\\/evconexion.com\\\/#website\"},\"datePublished\":\"2024-08-27T12:19:35+00:00\",\"dateModified\":\"2024-08-27T12:23:17+00:00\",\"breadcrumb\":{\"@id\":\"https:\\\/\\\/evconexion.com\\\/?page_id=5137#breadcrumb\"},\"inLanguage\":\"fr-FR\",\"potentialAction\":[{\"@type\":\"ReadAction\",\"target\":[\"https:\\\/\\\/evconexion.com\\\/?page_id=5137\"]}]},{\"@type\":\"BreadcrumbList\",\"@id\":\"https:\\\/\\\/evconexion.com\\\/?page_id=5137#breadcrumb\",\"itemListElement\":[{\"@type\":\"ListItem\",\"position\":1,\"name\":\"Accueil\",\"item\":\"https:\\\/\\\/evconexion.com\\\/\"},{\"@type\":\"ListItem\",\"position\":2,\"name\":\"R\u00e9initialiser le mot de passe\"}]},{\"@type\":\"WebSite\",\"@id\":\"https:\\\/\\\/evconexion.com\\\/#website\",\"url\":\"https:\\\/\\\/evconexion.com\\\/\",\"name\":\"EV CONNEXION: BORNE DE CHARGE ELECTRIQUE\",\"description\":\"EV CONNEXION BORNE DE CHARGE VEHICULE ELECTRIQUE\",\"publisher\":{\"@id\":\"https:\\\/\\\/evconexion.com\\\/#organization\"},\"potentialAction\":[{\"@type\":\"SearchAction\",\"target\":{\"@type\":\"EntryPoint\",\"urlTemplate\":\"https:\\\/\\\/evconexion.com\\\/?s={search_term_string}\"},\"query-input\":{\"@type\":\"PropertyValueSpecification\",\"valueRequired\":true,\"valueName\":\"search_term_string\"}}],\"inLanguage\":\"fr-FR\"},{\"@type\":\"Organization\",\"@id\":\"https:\\\/\\\/evconexion.com\\\/#organization\",\"name\":\"EV CONNEXION: BORNE DE CHARGE ELECTRIQUE\",\"url\":\"https:\\\/\\\/evconexion.com\\\/\",\"logo\":{\"@type\":\"ImageObject\",\"inLanguage\":\"fr-FR\",\"@id\":\"https:\\\/\\\/evconexion.com\\\/#\\\/schema\\\/logo\\\/image\\\/\",\"url\":\"https:\\\/\\\/evconexion.com\\\/wp-content\\\/uploads\\\/2023\\\/10\\\/EVT.gif\",\"contentUrl\":\"https:\\\/\\\/evconexion.com\\\/wp-content\\\/uploads\\\/2023\\\/10\\\/EVT.gif\",\"width\":500,\"height\":500,\"caption\":\"EV CONNEXION: BORNE DE CHARGE ELECTRIQUE\"},\"image\":{\"@id\":\"https:\\\/\\\/evconexion.com\\\/#\\\/schema\\\/logo\\\/image\\\/\"}}]}<\/script>\n<!-- \/ Yoast SEO plugin. -->","yoast_head_json":{"title":"R\u00e9initialiser le mot de passe - EV CONNEXION: BORNE DE CHARGE ELECTRIQUE","robots":{"index":"index","follow":"follow","max-snippet":"max-snippet:-1","max-image-preview":"max-image-preview:large","max-video-preview":"max-video-preview:-1"},"canonical":"https:\/\/evconexion.com\/?page_id=5137","og_locale":"fr_FR","og_type":"article","og_title":"R\u00e9initialiser le mot de passe - EV CONNEXION: BORNE DE CHARGE ELECTRIQUE","og_url":"https:\/\/evconexion.com\/?page_id=5137","og_site_name":"EV CONNEXION: BORNE DE CHARGE ELECTRIQUE","article_modified_time":"2024-08-27T12:23:17+00:00","twitter_card":"summary_large_image","schema":{"@context":"https:\/\/schema.org","@graph":[{"@type":"WebPage","@id":"https:\/\/evconexion.com\/?page_id=5137","url":"https:\/\/evconexion.com\/?page_id=5137","name":"R\u00e9initialiser le mot de passe - EV CONNEXION: BORNE DE CHARGE ELECTRIQUE","isPartOf":{"@id":"https:\/\/evconexion.com\/#website"},"datePublished":"2024-08-27T12:19:35+00:00","dateModified":"2024-08-27T12:23:17+00:00","breadcrumb":{"@id":"https:\/\/evconexion.com\/?page_id=5137#breadcrumb"},"inLanguage":"fr-FR","potentialAction":[{"@type":"ReadAction","target":["https:\/\/evconexion.com\/?page_id=5137"]}]},{"@type":"BreadcrumbList","@id":"https:\/\/evconexion.com\/?page_id=5137#breadcrumb","itemListElement":[{"@type":"ListItem","position":1,"name":"Accueil","item":"https:\/\/evconexion.com\/"},{"@type":"ListItem","position":2,"name":"R\u00e9initialiser le mot de passe"}]},{"@type":"WebSite","@id":"https:\/\/evconexion.com\/#website","url":"https:\/\/evconexion.com\/","name":"EV CONNEXION: BORNE DE CHARGE ELECTRIQUE","description":"EV CONNEXION BORNE DE CHARGE VEHICULE ELECTRIQUE","publisher":{"@id":"https:\/\/evconexion.com\/#organization"},"potentialAction":[{"@type":"SearchAction","target":{"@type":"EntryPoint","urlTemplate":"https:\/\/evconexion.com\/?s={search_term_string}"},"query-input":{"@type":"PropertyValueSpecification","valueRequired":true,"valueName":"search_term_string"}}],"inLanguage":"fr-FR"},{"@type":"Organization","@id":"https:\/\/evconexion.com\/#organization","name":"EV CONNEXION: BORNE DE CHARGE ELECTRIQUE","url":"https:\/\/evconexion.com\/","logo":{"@type":"ImageObject","inLanguage":"fr-FR","@id":"https:\/\/evconexion.com\/#\/schema\/logo\/image\/","url":"https:\/\/evconexion.com\/wp-content\/uploads\/2023\/10\/EVT.gif","contentUrl":"https:\/\/evconexion.com\/wp-content\/uploads\/2023\/10\/EVT.gif","width":500,"height":500,"caption":"EV CONNEXION: BORNE DE CHARGE ELECTRIQUE"},"image":{"@id":"https:\/\/evconexion.com\/#\/schema\/logo\/image\/"}}]}},"_links":{"self":[{"href":"https:\/\/evconexion.com\/index.php?rest_route=\/wp\/v2\/pages\/5137","targetHints":{"allow":["GET"]}}],"collection":[{"href":"https:\/\/evconexion.com\/index.php?rest_route=\/wp\/v2\/pages"}],"about":[{"href":"https:\/\/evconexion.com\/index.php?rest_route=\/wp\/v2\/types\/page"}],"author":[{"embeddable":true,"href":"https:\/\/evconexion.com\/index.php?rest_route=\/wp\/v2\/users\/1"}],"replies":[{"embeddable":true,"href":"https:\/\/evconexion.com\/index.php?rest_route=%2Fwp%2Fv2%2Fcomments&post=5137"}],"version-history":[{"count":0,"href":"https:\/\/evconexion.com\/index.php?rest_route=\/wp\/v2\/pages\/5137\/revisions"}],"wp:attachment":[{"href":"https:\/\/evconexion.com\/index.php?rest_route=%2Fwp%2Fv2%2Fmedia&parent=5137"}],"curies":[{"name":"wp","href":"https:\/\/api.w.org\/{rel}","templated":true}]}}