{"id":2943,"date":"2024-02-24T22:21:56","date_gmt":"2024-02-24T21:21:56","guid":{"rendered":"https:\/\/evconexion.com\/?post_type=product&#038;p=2943"},"modified":"2025-10-05T01:23:36","modified_gmt":"2025-10-05T00:23:36","slug":"wallbox-smart-ac-charger-evcah10","status":"publish","type":"product","link":"https:\/\/evconexion.com\/?product=wallbox-smart-ac-charger-evcah10","title":{"rendered":"EVC WALLBOX Smart AC"},"content":{"rendered":"<section class=\"elementor-section elementor-top-section elementor-element elementor-element-b7ea74d elementor-section-boxed elementor-section-height-default elementor-section-height-default\" data-id=\"b7ea74d\" data-element_type=\"section\">\n<div class=\"elementor-container elementor-column-gap-default\">\n<div class=\"elementor-column elementor-col-100 elementor-top-column elementor-element elementor-element-7907652\" data-id=\"7907652\" data-element_type=\"column\">\n<div class=\"elementor-widget-wrap elementor-element-populated\">\n<div class=\"elementor-element elementor-element-a224ce1 elementor-widget elementor-widget-text-editor\" data-id=\"a224ce1\" data-element_type=\"widget\" data-widget_type=\"text-editor.default\">\n<div class=\"elementor-widget-container\">\n<p><strong>Chargeur ev intelligent pour la maison<\/strong><\/p>\n<p class=\"\">EVC WALLBOX Smart AC est un chargeur intelligent, facile \u00e0 installer, qui vous permet d&#8217;ajouter des services intelligents et de g\u00e9rer le chargeur \u00e0 distance.\u00a0 Associ\u00e9 \u00e0 l&#8217;application mobile IOC Family, il offre une gamme compl\u00e8te de fonctions pour contr\u00f4ler l&#8217;\u00e9tat de votre chargeur, les utilisateurs, les programmes de charge, la consommation d&#8217;\u00e9nergie et <span style=\"font-size: 1rem;\">bien plus encore. Ces fonctions intelligentes font de EVCAH10 le choix id\u00e9al pour la recharge \u00e0 domicile.<\/span><\/p>\n<\/div>\n<\/div>\n<\/div>\n<\/div>\n<\/div>\n<\/section>\n<section class=\"elementor-section elementor-top-section elementor-element elementor-element-dcec509 elementor-section-boxed elementor-section-height-default elementor-section-height-default\" data-id=\"dcec509\" data-element_type=\"section\">\n<div class=\"elementor-container elementor-column-gap-default\">\n<div class=\"elementor-column elementor-col-100 elementor-top-column elementor-element elementor-element-4aa0bfb\" data-id=\"4aa0bfb\" data-element_type=\"column\">\n<div class=\"elementor-widget-wrap elementor-element-populated\">\n<div class=\"elementor-element elementor-element-9586421 elementor-widget elementor-widget-video\" data-over-color=\"\" data-over=\"overlay\" data-id=\"9586421\" data-element_type=\"widget\" data-settings=\"{&quot;youtube_url&quot;:&quot;https:\\\/\\\/www.youtube.com\\\/watch?v=Ec7fQTJ_tOo&quot;,&quot;video_type&quot;:&quot;youtube&quot;,&quot;controls&quot;:&quot;yes&quot;}\" data-widget_type=\"video.default\">\n<div class=\"elementor-widget-container\">\n<div class=\"elementor-wrapper elementor-open-inline\"><\/div>\n<\/div>\n<\/div>\n<\/div>\n<\/div>\n<\/div>\n<\/section>\n<section class=\"elementor-section elementor-top-section elementor-element elementor-element-2598f9d elementor-section-boxed elementor-section-height-default elementor-section-height-default\" data-id=\"2598f9d\" data-element_type=\"section\">\n<div class=\"elementor-container elementor-column-gap-default\">\n<div class=\"elementor-column elementor-col-50 elementor-top-column elementor-element elementor-element-1f2018a\" data-id=\"1f2018a\" data-element_type=\"column\">\n<div class=\"elementor-widget-wrap elementor-element-populated\">\n<div class=\"elementor-element elementor-element-4e0f1e8 elementor-widget elementor-widget-text-editor\" data-id=\"4e0f1e8\" data-element_type=\"widget\" data-widget_type=\"text-editor.default\">\n<div class=\"elementor-widget-container\">\n<p><strong>Caract\u00e9ristiques principales :<\/strong><\/p>\n<ul>\n<li>Compatible avec tous les VE et r\u00e9seaux \u00e9lectriques<\/li>\n<li>Disponible en version avec ou sans support<\/li>\n<li>\u00c9cran LCD de 2,8\u2032 pour une utilisation facile et conviviale<\/li>\n<li>Conception unique d&#8217;installation avec plaque arri\u00e8re ind\u00e9pendante<\/li>\n<li>Configuration flexible du courant de sortie et de la puissance<\/li>\n<li>Lumi\u00e8re respiratoire personnalisable selon les pr\u00e9f\u00e9rences<\/li>\n<li>Soutien \u00e0 l&#8217;\u00e9quilibrage dynamique intelligent de la charge<\/li>\n<li>Authentification de l&#8217;utilisateur par RFID ou application mobile<\/li>\n<li>Portail web convivial pour la configuration du chargeur<\/li>\n<li>Contr\u00f4le et surveillance \u00e0 distance<\/li>\n<li>Design \u00e9pur\u00e9, apparence simple et \u00e9l\u00e9gante<\/li>\n<li>Protection contre les fuites de courant AC 30mA &amp; DC 6mA<\/li>\n<\/ul>\n<\/div>\n<\/div>\n<\/div>\n<\/div>\n<\/div>\n<div><\/div>\n<div style=\"text-align: center;\"><strong>Affichage graphique et lumi\u00e8re t\u00e9moin de charge\u00a0 personnalisable<\/strong><\/div>\n<div><\/div>\n<\/section>\n<section class=\"elementor-section elementor-top-section elementor-element elementor-element-b694dda elementor-section-boxed elementor-section-height-default elementor-section-height-default\" data-id=\"b694dda\" data-element_type=\"section\">\n<div class=\"elementor-container elementor-column-gap-default\">\n<div class=\"elementor-column elementor-col-50 elementor-top-column elementor-element elementor-element-5b52f7e\" data-id=\"5b52f7e\" data-element_type=\"column\">\n<div class=\"elementor-widget-wrap elementor-element-populated\">\n<div class=\"elementor-element elementor-element-4834d3a elementor-widget elementor-widget-text-editor\" data-id=\"4834d3a\" data-element_type=\"widget\" data-widget_type=\"text-editor.default\">\n<div class=\"elementor-widget-container\">\n<p>&nbsp;<\/p>\n<p>EVC WALLBOX Smart AC est \u00e9quip\u00e9 d&#8217;un \u00e9cran LCD de 2,8 pouces qui permet \u00e0 l&#8217;utilisateur de v\u00e9rifier facilement l&#8217;\u00e9tat du chargeur et les donn\u00e9es de charge en temps r\u00e9el. Ces informations permettent \u00e0 l&#8217;utilisateur d&#8217;effectuer un diagnostic pr\u00e9liminaire des d\u00e9fauts et de minimiser les co\u00fbts et le temps de maintenance.<\/p>\n<p>Chaque utilisateur peut r\u00e9gler la lumi\u00e8re respiratoire du chargeur en fonction de ses pr\u00e9f\u00e9rences, y compris le type, la vitesse de clignotement, la couleur, etc. Gr\u00e2ce \u00e0 son design fonctionnel et \u00e9l\u00e9gant, EVCAH10 offre aux utilisateurs une exp\u00e9rience ultime.<\/p>\n<p>&nbsp;<\/p>\n<\/div>\n<\/div>\n<\/div>\n<\/div>\n<\/div>\n<\/section>\n<section class=\"elementor-section elementor-top-section elementor-element elementor-element-44ae0ae elementor-section-boxed elementor-section-height-default elementor-section-height-default\" data-id=\"44ae0ae\" data-element_type=\"section\">\n<div class=\"elementor-container elementor-column-gap-default\">\n<div class=\"elementor-column elementor-col-50 elementor-top-column elementor-element elementor-element-9217973\" data-id=\"9217973\" data-element_type=\"column\">\n<div class=\"elementor-widget-wrap elementor-element-populated\">\n<div class=\"elementor-element elementor-element-65ef5ff elementor-widget elementor-widget-text-editor\" data-id=\"65ef5ff\" data-element_type=\"widget\" data-widget_type=\"text-editor.default\">\n<div class=\"elementor-widget-container\">\n<p><strong>Conforme \u00e0 l&#8217;OCPP<\/strong><br \/>\nEnti\u00e8rement compatible avec les profils OCPP 1.6J et OCPP 2.0, ce qui signifie que vous pouvez facilement le connecter \u00e0 n&#8217;importe quel CCMS OCPP tiers pour la surveillance et la gestion \u00e0 distance.<\/p>\n<p><strong>Prise en charge de l&#8217;\u00e9quilibrage dynamique de la charge<\/strong><br \/>\nLa fonction d&#8217;\u00e9quilibrage de la charge de EVCAH10 le rend parfait pour la recharge domestique et r\u00e9sidentielle. Elle garantit que l&#8217;utilisateur peut \u00e9quilibrer dynamiquement toute l&#8217;\u00e9lectricit\u00e9 disponible \u00e0 la maison, y compris l&#8217;\u00e9nergie solaire, le syst\u00e8me de batterie, et que le circuit ne sera jamais surcharg\u00e9. Tous les \u00e9quipements peuvent alors fonctionner normalement pour maximiser la consommation d&#8217;\u00e9nergie \u00e9conomique.<\/p>\n<p>&nbsp;<\/p>\n<\/div>\n<\/div>\n<\/div>\n<\/div>\n<\/div>\n<\/section>\n<section class=\"elementor-section elementor-top-section elementor-element elementor-element-fd82118 elementor-section-boxed elementor-section-height-default elementor-section-height-default\" data-id=\"fd82118\" data-element_type=\"section\">\n<div class=\"elementor-container elementor-column-gap-default\">\n<div class=\"elementor-column elementor-col-50 elementor-top-column elementor-element elementor-element-48ab8d2\" data-id=\"48ab8d2\" data-element_type=\"column\">\n<div class=\"elementor-widget-wrap elementor-element-populated\">\n<div class=\"elementor-element elementor-element-d79b927 elementor-widget elementor-widget-text-editor\" data-id=\"d79b927\" data-element_type=\"widget\" data-widget_type=\"text-editor.default\">\n<div class=\"elementor-widget-container\">\n<p><strong>Chargement \u00e9conomique<\/strong><\/p>\n<p>La hausse exponentielle des prix de l&#8217;\u00e9lectricit\u00e9 a consid\u00e9rablement augment\u00e9 les d\u00e9penses d&#8217;\u00e9lectricit\u00e9 des m\u00e9nages. Le meilleur choix pour les utilisateurs est d&#8217;utiliser le prix de l&#8217;\u00e9lectricit\u00e9 en fonction de l&#8217;heure d&#8217;utilisation pour la recharge en heures creuses afin de minimiser le co\u00fbt de la recharge. Notre application mobile IOC Family permet un<\/p>\n<p>contr\u00f4le total de la charge et de la consommation. L&#8217;application permet \u00e9galement \u00e0 l&#8217;utilisateur de charger la voiture lorsque le prix de l&#8217;\u00e9lectricit\u00e9 est bas en activant le mode Eco.<\/p>\n<\/div>\n<\/div>\n<\/div>\n<\/div>\n<\/div>\n<\/section>\n","protected":false},"excerpt":{"rendered":"<p>Le chargeur le plus intelligent avec une fonction de charge intelligente et une application mobile conviviale avec des fonctions telles que la gestion du programme de charge, la gestion de l&#8217;\u00e9nergie, le mode Eco, etc.<\/p>\n<ul class=\"clearfix\">\n<li>Puissance d&#8217;entr\u00e9e : 1-phase 230V\u00b120% ; 3-phase 400V\u00b120%<\/li>\n<li>Puissance de sortie : Monophas\u00e9 7kW 32A ; triphas\u00e9 22kW 32A<\/li>\n<li>RCD interne : AC 30mA &amp; DC 6mA certifi\u00e9 IEC62955 &amp; IEC61008<\/li>\n<li>\u00c9cran : 2,8&#8243; LCD<\/li>\n<li>Compteur : Compteur IC ou MID (en option)<\/li>\n<li>Interface r\u00e9seau : Ethernet\/ WiFi\/ 4G connexion internet intelligente<\/li>\n<li>OCPP : Prise en charge compl\u00e8te d&#8217;OCPP 1.6J\/ OCPP 2.0.1<\/li>\n<li>ISO15118 Plug&amp;Charge : \u00e9volutif<\/li>\n<li>Protection contre les infiltrations : IP55<\/li>\n<li>Dimensions d&#8217;exp\u00e9dition : 500 x 383 x 198 mm ; 500 x 383 x 243 mm<\/li>\n<li>Interface de chargement : SAE J1772 &amp; c\u00e2ble de type 2\/ prise de type 2\/ prise T2S avec obturateur<\/li>\n<li>Type de montage : Mur ou sol (socle fourni s\u00e9par\u00e9ment)<\/li>\n<\/ul>\n<p>&nbsp;<\/p>\n","protected":false},"featured_media":7624,"comment_status":"open","ping_status":"closed","template":"","meta":{"_seopress_robots_primary_cat":"none","_seopress_titles_title":"","_seopress_titles_desc":"","_seopress_robots_index":"","_sitemap_exclude":false,"_sitemap_priority":"","_sitemap_frequency":"","_monsterinsights_skip_tracking":false,"_monsterinsights_sitenote_active":false,"_monsterinsights_sitenote_note":"","_monsterinsights_sitenote_category":0},"product_brand":[],"product_cat":[110],"product_tag":[],"class_list":{"0":"post-2943","1":"product","2":"type-product","3":"status-publish","4":"has-post-thumbnail","6":"product_cat-borne-de-recharge-acdc","8":"first","9":"instock","10":"taxable","11":"shipping-taxable","12":"purchasable","13":"product-type-variable"},"aioseo_notices":[],"yoast_head":"<!-- This site is optimized with the Yoast SEO plugin v27.4 - https:\/\/yoast.com\/product\/yoast-seo-wordpress\/ -->\n<title>EVC WALLBOX Smart AC - EV CONNEXION: BORNE DE CHARGE ELECTRIQUE<\/title>\n<meta name=\"robots\" content=\"index, follow, max-snippet:-1, max-image-preview:large, max-video-preview:-1\" \/>\n<link rel=\"canonical\" href=\"https:\/\/evconexion.com\/?product=wallbox-smart-ac-charger-evcah10\" \/>\n<meta property=\"og:locale\" content=\"fr_FR\" \/>\n<meta property=\"og:type\" content=\"article\" \/>\n<meta property=\"og:title\" content=\"EVC WALLBOX Smart AC - EV CONNEXION: BORNE DE CHARGE ELECTRIQUE\" \/>\n<meta property=\"og:description\" content=\"Le chargeur le plus intelligent avec une fonction de charge intelligente et une application mobile conviviale avec des fonctions telles que la gestion\" \/>\n<meta property=\"og:url\" content=\"https:\/\/evconexion.com\/?product=wallbox-smart-ac-charger-evcah10\" \/>\n<meta property=\"og:site_name\" content=\"EV CONNEXION: BORNE DE CHARGE ELECTRIQUE\" \/>\n<meta property=\"article:modified_time\" content=\"2025-10-05T00:23:36+00:00\" \/>\n<meta property=\"og:image\" content=\"https:\/\/evconexion.com\/wp-content\/uploads\/2025\/10\/YLEV22K-S3-3-1-scaled.jpg\" \/>\n\t<meta property=\"og:image:width\" content=\"2560\" \/>\n\t<meta property=\"og:image:height\" content=\"2560\" \/>\n\t<meta property=\"og:image:type\" content=\"image\/jpeg\" \/>\n<meta name=\"twitter:card\" content=\"summary_large_image\" \/>\n<meta name=\"twitter:label1\" content=\"Dur\u00e9e de lecture estim\u00e9e\" \/>\n\t<meta name=\"twitter:data1\" content=\"3 minutes\" \/>\n<script type=\"application\/ld+json\" class=\"yoast-schema-graph\">{\"@context\":\"https:\\\/\\\/schema.org\",\"@graph\":[{\"@type\":\"WebPage\",\"@id\":\"https:\\\/\\\/evconexion.com\\\/?product=wallbox-smart-ac-charger-evcah10\",\"url\":\"https:\\\/\\\/evconexion.com\\\/?product=wallbox-smart-ac-charger-evcah10\",\"name\":\"EVC WALLBOX Smart AC - EV CONNEXION: BORNE DE CHARGE ELECTRIQUE\",\"isPartOf\":{\"@id\":\"https:\\\/\\\/evconexion.com\\\/#website\"},\"primaryImageOfPage\":{\"@id\":\"https:\\\/\\\/evconexion.com\\\/?product=wallbox-smart-ac-charger-evcah10#primaryimage\"},\"image\":{\"@id\":\"https:\\\/\\\/evconexion.com\\\/?product=wallbox-smart-ac-charger-evcah10#primaryimage\"},\"thumbnailUrl\":\"https:\\\/\\\/evconexion.com\\\/wp-content\\\/uploads\\\/2025\\\/10\\\/YLEV22K-S3-3-1-scaled.jpg\",\"datePublished\":\"2024-02-24T21:21:56+00:00\",\"dateModified\":\"2025-10-05T00:23:36+00:00\",\"breadcrumb\":{\"@id\":\"https:\\\/\\\/evconexion.com\\\/?product=wallbox-smart-ac-charger-evcah10#breadcrumb\"},\"inLanguage\":\"fr-FR\",\"potentialAction\":[{\"@type\":\"ReadAction\",\"target\":[\"https:\\\/\\\/evconexion.com\\\/?product=wallbox-smart-ac-charger-evcah10\"]}]},{\"@type\":\"ImageObject\",\"inLanguage\":\"fr-FR\",\"@id\":\"https:\\\/\\\/evconexion.com\\\/?product=wallbox-smart-ac-charger-evcah10#primaryimage\",\"url\":\"https:\\\/\\\/evconexion.com\\\/wp-content\\\/uploads\\\/2025\\\/10\\\/YLEV22K-S3-3-1-scaled.jpg\",\"contentUrl\":\"https:\\\/\\\/evconexion.com\\\/wp-content\\\/uploads\\\/2025\\\/10\\\/YLEV22K-S3-3-1-scaled.jpg\",\"width\":2560,\"height\":2560},{\"@type\":\"BreadcrumbList\",\"@id\":\"https:\\\/\\\/evconexion.com\\\/?product=wallbox-smart-ac-charger-evcah10#breadcrumb\",\"itemListElement\":[{\"@type\":\"ListItem\",\"position\":1,\"name\":\"Accueil\",\"item\":\"https:\\\/\\\/evconexion.com\\\/\"},{\"@type\":\"ListItem\",\"position\":2,\"name\":\"Boutique\",\"item\":\"https:\\\/\\\/evconexion.com\\\/?page_id=47\"},{\"@type\":\"ListItem\",\"position\":3,\"name\":\"EVC WALLBOX Smart AC\"}]},{\"@type\":\"WebSite\",\"@id\":\"https:\\\/\\\/evconexion.com\\\/#website\",\"url\":\"https:\\\/\\\/evconexion.com\\\/\",\"name\":\"EV CONNEXION: BORNE DE CHARGE ELECTRIQUE\",\"description\":\"EV CONNEXION BORNE DE CHARGE VEHICULE ELECTRIQUE\",\"publisher\":{\"@id\":\"https:\\\/\\\/evconexion.com\\\/#organization\"},\"potentialAction\":[{\"@type\":\"SearchAction\",\"target\":{\"@type\":\"EntryPoint\",\"urlTemplate\":\"https:\\\/\\\/evconexion.com\\\/?s={search_term_string}\"},\"query-input\":{\"@type\":\"PropertyValueSpecification\",\"valueRequired\":true,\"valueName\":\"search_term_string\"}}],\"inLanguage\":\"fr-FR\"},{\"@type\":\"Organization\",\"@id\":\"https:\\\/\\\/evconexion.com\\\/#organization\",\"name\":\"EV CONNEXION: BORNE DE CHARGE ELECTRIQUE\",\"url\":\"https:\\\/\\\/evconexion.com\\\/\",\"logo\":{\"@type\":\"ImageObject\",\"inLanguage\":\"fr-FR\",\"@id\":\"https:\\\/\\\/evconexion.com\\\/#\\\/schema\\\/logo\\\/image\\\/\",\"url\":\"https:\\\/\\\/evconexion.com\\\/wp-content\\\/uploads\\\/2023\\\/10\\\/EVT.gif\",\"contentUrl\":\"https:\\\/\\\/evconexion.com\\\/wp-content\\\/uploads\\\/2023\\\/10\\\/EVT.gif\",\"width\":500,\"height\":500,\"caption\":\"EV CONNEXION: BORNE DE CHARGE ELECTRIQUE\"},\"image\":{\"@id\":\"https:\\\/\\\/evconexion.com\\\/#\\\/schema\\\/logo\\\/image\\\/\"}}]}<\/script>\n<!-- \/ Yoast SEO plugin. -->","yoast_head_json":{"title":"EVC WALLBOX Smart AC - EV CONNEXION: BORNE DE CHARGE ELECTRIQUE","robots":{"index":"index","follow":"follow","max-snippet":"max-snippet:-1","max-image-preview":"max-image-preview:large","max-video-preview":"max-video-preview:-1"},"canonical":"https:\/\/evconexion.com\/?product=wallbox-smart-ac-charger-evcah10","og_locale":"fr_FR","og_type":"article","og_title":"EVC WALLBOX Smart AC - EV CONNEXION: BORNE DE CHARGE ELECTRIQUE","og_description":"Le chargeur le plus intelligent avec une fonction de charge intelligente et une application mobile conviviale avec des fonctions telles que la gestion","og_url":"https:\/\/evconexion.com\/?product=wallbox-smart-ac-charger-evcah10","og_site_name":"EV CONNEXION: BORNE DE CHARGE ELECTRIQUE","article_modified_time":"2025-10-05T00:23:36+00:00","og_image":[{"width":2560,"height":2560,"url":"https:\/\/evconexion.com\/wp-content\/uploads\/2025\/10\/YLEV22K-S3-3-1-scaled.jpg","type":"image\/jpeg"}],"twitter_card":"summary_large_image","twitter_misc":{"Dur\u00e9e de lecture estim\u00e9e":"3 minutes"},"schema":{"@context":"https:\/\/schema.org","@graph":[{"@type":"WebPage","@id":"https:\/\/evconexion.com\/?product=wallbox-smart-ac-charger-evcah10","url":"https:\/\/evconexion.com\/?product=wallbox-smart-ac-charger-evcah10","name":"EVC WALLBOX Smart AC - EV CONNEXION: BORNE DE CHARGE ELECTRIQUE","isPartOf":{"@id":"https:\/\/evconexion.com\/#website"},"primaryImageOfPage":{"@id":"https:\/\/evconexion.com\/?product=wallbox-smart-ac-charger-evcah10#primaryimage"},"image":{"@id":"https:\/\/evconexion.com\/?product=wallbox-smart-ac-charger-evcah10#primaryimage"},"thumbnailUrl":"https:\/\/evconexion.com\/wp-content\/uploads\/2025\/10\/YLEV22K-S3-3-1-scaled.jpg","datePublished":"2024-02-24T21:21:56+00:00","dateModified":"2025-10-05T00:23:36+00:00","breadcrumb":{"@id":"https:\/\/evconexion.com\/?product=wallbox-smart-ac-charger-evcah10#breadcrumb"},"inLanguage":"fr-FR","potentialAction":[{"@type":"ReadAction","target":["https:\/\/evconexion.com\/?product=wallbox-smart-ac-charger-evcah10"]}]},{"@type":"ImageObject","inLanguage":"fr-FR","@id":"https:\/\/evconexion.com\/?product=wallbox-smart-ac-charger-evcah10#primaryimage","url":"https:\/\/evconexion.com\/wp-content\/uploads\/2025\/10\/YLEV22K-S3-3-1-scaled.jpg","contentUrl":"https:\/\/evconexion.com\/wp-content\/uploads\/2025\/10\/YLEV22K-S3-3-1-scaled.jpg","width":2560,"height":2560},{"@type":"BreadcrumbList","@id":"https:\/\/evconexion.com\/?product=wallbox-smart-ac-charger-evcah10#breadcrumb","itemListElement":[{"@type":"ListItem","position":1,"name":"Accueil","item":"https:\/\/evconexion.com\/"},{"@type":"ListItem","position":2,"name":"Boutique","item":"https:\/\/evconexion.com\/?page_id=47"},{"@type":"ListItem","position":3,"name":"EVC WALLBOX Smart AC"}]},{"@type":"WebSite","@id":"https:\/\/evconexion.com\/#website","url":"https:\/\/evconexion.com\/","name":"EV CONNEXION: BORNE DE CHARGE ELECTRIQUE","description":"EV CONNEXION BORNE DE CHARGE VEHICULE ELECTRIQUE","publisher":{"@id":"https:\/\/evconexion.com\/#organization"},"potentialAction":[{"@type":"SearchAction","target":{"@type":"EntryPoint","urlTemplate":"https:\/\/evconexion.com\/?s={search_term_string}"},"query-input":{"@type":"PropertyValueSpecification","valueRequired":true,"valueName":"search_term_string"}}],"inLanguage":"fr-FR"},{"@type":"Organization","@id":"https:\/\/evconexion.com\/#organization","name":"EV CONNEXION: BORNE DE CHARGE ELECTRIQUE","url":"https:\/\/evconexion.com\/","logo":{"@type":"ImageObject","inLanguage":"fr-FR","@id":"https:\/\/evconexion.com\/#\/schema\/logo\/image\/","url":"https:\/\/evconexion.com\/wp-content\/uploads\/2023\/10\/EVT.gif","contentUrl":"https:\/\/evconexion.com\/wp-content\/uploads\/2023\/10\/EVT.gif","width":500,"height":500,"caption":"EV CONNEXION: BORNE DE CHARGE ELECTRIQUE"},"image":{"@id":"https:\/\/evconexion.com\/#\/schema\/logo\/image\/"}}]}},"_links":{"self":[{"href":"https:\/\/evconexion.com\/index.php?rest_route=\/wp\/v2\/product\/2943","targetHints":{"allow":["GET"]}}],"collection":[{"href":"https:\/\/evconexion.com\/index.php?rest_route=\/wp\/v2\/product"}],"about":[{"href":"https:\/\/evconexion.com\/index.php?rest_route=\/wp\/v2\/types\/product"}],"replies":[{"embeddable":true,"href":"https:\/\/evconexion.com\/index.php?rest_route=%2Fwp%2Fv2%2Fcomments&post=2943"}],"version-history":[{"count":0,"href":"https:\/\/evconexion.com\/index.php?rest_route=\/wp\/v2\/product\/2943\/revisions"}],"wp:featuredmedia":[{"embeddable":true,"href":"https:\/\/evconexion.com\/index.php?rest_route=\/wp\/v2\/media\/7624"}],"wp:attachment":[{"href":"https:\/\/evconexion.com\/index.php?rest_route=%2Fwp%2Fv2%2Fmedia&parent=2943"}],"wp:term":[{"taxonomy":"product_brand","embeddable":true,"href":"https:\/\/evconexion.com\/index.php?rest_route=%2Fwp%2Fv2%2Fproduct_brand&post=2943"},{"taxonomy":"product_cat","embeddable":true,"href":"https:\/\/evconexion.com\/index.php?rest_route=%2Fwp%2Fv2%2Fproduct_cat&post=2943"},{"taxonomy":"product_tag","embeddable":true,"href":"https:\/\/evconexion.com\/index.php?rest_route=%2Fwp%2Fv2%2Fproduct_tag&post=2943"}],"curies":[{"name":"wp","href":"https:\/\/api.w.org\/{rel}","templated":true}]}}