{"id":2960,"date":"2024-02-25T00:17:48","date_gmt":"2024-02-24T23:17:48","guid":{"rendered":"https:\/\/evconexion.com\/?post_type=product&#038;p=2960"},"modified":"2025-10-05T01:03:42","modified_gmt":"2025-10-05T00:03:42","slug":"wallbox-ac-charger-evcaw05c","status":"publish","type":"product","link":"https:\/\/evconexion.com\/?product=wallbox-ac-charger-evcaw05c","title":{"rendered":"EVC WALLBOX  Charger Pro AC"},"content":{"rendered":"<section class=\"elementor-section elementor-top-section elementor-element elementor-element-a293c89 elementor-section-boxed elementor-section-height-default elementor-section-height-default\" data-id=\"a293c89\" data-element_type=\"section\">\n<div class=\"elementor-container elementor-column-gap-default\">\n<div class=\"elementor-column elementor-col-100 elementor-top-column elementor-element elementor-element-186a873\" data-id=\"186a873\" data-element_type=\"column\">\n<div class=\"elementor-widget-wrap elementor-element-populated\">\n<div class=\"elementor-element elementor-element-bc78920 elementor-widget elementor-widget-text-editor\" data-id=\"bc78920\" data-element_type=\"widget\" data-widget_type=\"text-editor.default\">\n<div class=\"elementor-widget-container\">\n<p>EVC WALLBOX Charger Pro AC est sp\u00e9cialement con\u00e7u pour la recharge commerciale. Son niveau de protection \u00e9lev\u00e9 et sa conception antivol en font un outil id\u00e9al pour les lieux de recharge ext\u00e9rieurs tels que les stations-service, les parkings, les coins de rue, etc.<\/p>\n<\/div>\n<\/div>\n<\/div>\n<\/div>\n<\/div>\n<\/section>\n<section class=\"elementor-section elementor-top-section elementor-element elementor-element-582f211 elementor-section-boxed elementor-section-height-default elementor-section-height-default\" data-id=\"582f211\" data-element_type=\"section\">\n<div class=\"elementor-container elementor-column-gap-default\">\n<div class=\"elementor-column elementor-col-100 elementor-top-column elementor-element elementor-element-e1ef811\" data-id=\"e1ef811\" data-element_type=\"column\">\n<div class=\"elementor-widget-wrap elementor-element-populated\">\n<div class=\"elementor-element elementor-element-5fa2a94 elementor-widget elementor-widget-video\" data-over-color=\"\" data-over=\"overlay\" data-id=\"5fa2a94\" data-element_type=\"widget\" data-settings=\"{&quot;youtube_url&quot;:&quot;https:\\\/\\\/www.youtube.com\\\/watch?v=nx7S6Z_GT00&quot;,&quot;video_type&quot;:&quot;youtube&quot;,&quot;controls&quot;:&quot;yes&quot;}\" data-widget_type=\"video.default\">\n<div class=\"elementor-widget-container\">\n<div class=\"elementor-wrapper elementor-open-inline\"><\/div>\n<\/div>\n<\/div>\n<\/div>\n<\/div>\n<\/div>\n<\/section>\n<section class=\"elementor-section elementor-top-section elementor-element elementor-element-942e1ab elementor-section-boxed elementor-section-height-default elementor-section-height-default\" data-id=\"942e1ab\" data-element_type=\"section\">\n<div class=\"elementor-container elementor-column-gap-default\">\n<div class=\"elementor-column elementor-col-50 elementor-top-column elementor-element elementor-element-c9112d8\" data-id=\"c9112d8\" data-element_type=\"column\">\n<div class=\"elementor-widget-wrap elementor-element-populated\">\n<div class=\"elementor-element elementor-element-d159d11 elementor-widget elementor-widget-text-editor\" data-id=\"d159d11\" data-element_type=\"widget\" data-widget_type=\"text-editor.default\">\n<div class=\"elementor-widget-container\">\n<p><strong>Caract\u00e9ristiques principales :<\/strong><br \/>\n\u25cf Compatible avec toutes les voitures et tous les r\u00e9seaux \u00e9lectriques.<br \/>\n\u25cf RCCB Type-B<br \/>\n\u25cf Compteur MID<br \/>\n\u25cf 7\u2032 \u00e9cran LCD pour une utilisation facile et conviviale.<br \/>\n\u25cf Commutation intelligente Ethernet, cellulaire, WLAN<br \/>\n\u25cf Configuration flexible du courant de sortie \/ de la puissance<br \/>\n\u25cf Prise en charge intelligente de l&#8217;\u00e9quilibrage dynamique de la charge<br \/>\n\u25cf Authentification de l&#8217;utilisateur via l&#8217;identification par radiofr\u00e9quence ou l&#8217;application mobile.<br \/>\n\u25cf Portail web convivial pour la configuration du chargeur.<br \/>\n\u25cf Contr\u00f4le et surveillance \u00e0 distance<\/p>\n<p>&nbsp;<\/p>\n<\/div>\n<\/div>\n<\/div>\n<\/div>\n<\/div>\n<\/section>\n<section class=\"elementor-section elementor-top-section elementor-element elementor-element-9603aec elementor-section-boxed elementor-section-height-default elementor-section-height-default\" data-id=\"9603aec\" data-element_type=\"section\">\n<div class=\"elementor-container elementor-column-gap-default\">\n<div class=\"elementor-column elementor-col-50 elementor-top-column elementor-element elementor-element-5b864db\" data-id=\"5b864db\" data-element_type=\"column\">\n<div class=\"elementor-widget-wrap elementor-element-populated\">\n<div class=\"elementor-element elementor-element-4788f4e elementor-widget elementor-widget-text-editor\" data-id=\"4788f4e\" data-element_type=\"widget\" data-widget_type=\"text-editor.default\">\n<div class=\"elementor-widget-container\">\n<p><strong>\u00c9cran LCD 7\u2032<\/strong><\/p>\n<p class=\"\">L&#8217;\u00e9cran de 7 pouces affiche en temps r\u00e9el l&#8217;\u00e9tat du chargeur ev, l&#8217;\u00e9tat de la charge, le code QR, la charge rapide et d&#8217;autres contenus. Il permet \u00e9galement de lire des vid\u00e9os, des images, des textes, des sons et d&#8217;autres fonctions, ce qui permet d&#8217;am\u00e9liorer <span style=\"font-size: 1rem;\">l&#8217;effet d&#8217;exposition de la station de recharge.<\/span><\/p>\n<p class=\"\">\n<\/div>\n<\/div>\n<\/div>\n<\/div>\n<\/div>\n<\/section>\n<section class=\"elementor-section elementor-top-section elementor-element elementor-element-67a4712 elementor-section-boxed elementor-section-height-default elementor-section-height-default\" data-id=\"67a4712\" data-element_type=\"section\">\n<div class=\"elementor-container elementor-column-gap-default\">\n<div class=\"elementor-column elementor-col-50 elementor-top-column elementor-element elementor-element-351a9a2\" data-id=\"351a9a2\" data-element_type=\"column\">\n<div class=\"elementor-widget-wrap elementor-element-populated\">\n<div class=\"elementor-element elementor-element-7ee3b45 elementor-widget elementor-widget-text-editor\" data-id=\"7ee3b45\" data-element_type=\"widget\" data-widget_type=\"text-editor.default\">\n<div class=\"elementor-widget-container\">\n<p><strong>Conforme \u00e0 l&#8217;OCPP<\/strong><\/p>\n<p>Avec sa conformit\u00e9 totale aux profils OCPP 1.6J et OCPP 2.0, vous pouvez facilement le connecter \u00e0 n&#8217;importe quel CCMS OCPP tiers pour la surveillance et la gestion \u00e0 distance.<\/p>\n<p><strong>Prise en charge de l&#8217;\u00e9quilibrage dynamique de la charge<\/strong><\/p>\n<p class=\"\">La fonction d&#8217;\u00e9quilibrage de la charge des chargeurs EVCAW05 les rend parfaits pour une utilisation commerciale. Elle permet aux utilisateurs d&#8217;\u00e9quilibrer dynamiquement toute la puissance disponible \u00e0 la station de charge, y compris l&#8217;\u00e9nergie solaire, les syst\u00e8mes de batterie et les circuits qui ne sont jamais surcharg\u00e9s. De plus, tous les \u00e9quipements fonctionnent normalement afin de minimiser la consommation d&#8217;\u00e9nergie.<\/p>\n<p>&nbsp;<\/p>\n<\/div>\n<\/div>\n<\/div>\n<\/div>\n<div class=\"elementor-column elementor-col-50 elementor-top-column elementor-element elementor-element-0935c28\" data-id=\"0935c28\" data-element_type=\"column\">\n<div class=\"elementor-widget-wrap elementor-element-populated\">\n<div>\n<p class=\"\"><strong>Prise en charge de plusieurs m\u00e9thodes de paiement<\/strong><\/p>\n<p class=\"\">Le chargeur commercial EVCAW05C prend en charge plusieurs m\u00e9thodes de paiement afin de r\u00e9pondre aux diff\u00e9rentes exigences des utilisateurs en mati\u00e8re de paiement. Paypal, le paiement par carte de cr\u00e9dit avec l&#8217;application mobile et le paiement NFC sont pris en charge. Avec la passerelle Kiosk de EV CONEXION , le paiement direct par carte de cr\u00e9dit est \u00e9galement possible.<\/p>\n<\/div>\n<\/div>\n<\/div>\n<\/div>\n<\/section>\n<section class=\"elementor-section elementor-top-section elementor-element elementor-element-58c5698 elementor-section-boxed elementor-section-height-default elementor-section-height-default\" data-id=\"58c5698\" data-element_type=\"section\">\n<div class=\"elementor-container elementor-column-gap-default\">\n<div class=\"elementor-column elementor-col-50 elementor-top-column elementor-element elementor-element-645d292\" data-id=\"645d292\" data-element_type=\"column\">\n<div class=\"elementor-widget-wrap elementor-element-populated\">\n<div class=\"elementor-element elementor-element-c4775bf elementor-widget elementor-widget-image\" data-id=\"c4775bf\" data-element_type=\"widget\" data-widget_type=\"image.default\">\n<div class=\"elementor-widget-container\"><img fetchpriority=\"high\" class=\"wp-image-3031 aligncenter lws-optimize-lazyload\"  alt=\"\" width=\"522\" height=\"522\" \/ data-src=\"https:\/\/evconexion.com\/wp-content\/uploads\/2024\/02\/PAYMENT-300x300.png\" srcset=\"https:\/\/evconexion.com\/wp-content\/uploads\/2024\/02\/PAYMENT-300x300.png 300w, https:\/\/evconexion.com\/wp-content\/uploads\/2024\/02\/PAYMENT-150x150.png 150w, https:\/\/evconexion.com\/wp-content\/uploads\/2024\/02\/PAYMENT-768x768.png 768w, https:\/\/evconexion.com\/wp-content\/uploads\/2024\/02\/PAYMENT-100x100.png 100w, https:\/\/evconexion.com\/wp-content\/uploads\/2024\/02\/PAYMENT-390x390.png 390w, https:\/\/evconexion.com\/wp-content\/uploads\/2024\/02\/PAYMENT.png 800w\" sizes=\"(max-width: 522px) 100vw, 522px\" \/><\/div>\n<\/div>\n<\/div>\n<\/div>\n<div class=\"elementor-column elementor-col-50 elementor-top-column elementor-element elementor-element-49aa57d\" data-id=\"49aa57d\" data-element_type=\"column\">\n<div class=\"elementor-widget-wrap elementor-element-populated\">\n<div class=\"elementor-element elementor-element-4c21c78 elementor-widget elementor-widget-text-editor\" data-id=\"4c21c78\" data-element_type=\"widget\" data-widget_type=\"text-editor.default\">\n<div class=\"elementor-widget-container\">\n<p class=\"\">\n<\/div>\n<\/div>\n<\/div>\n<\/div>\n<\/div>\n<\/section>\n","protected":false},"excerpt":{"rendered":"<h4 class=\"product_title entry-title\">Mode public 3 32A OCPP 1.6J OCPP 2.0.1 Chargeur EV jusqu&#8217;\u00e0 22kW<\/h4>\n<div class=\"woocommerce-product-details__short-description\">\n<div class=\"pro_main_text clearfix\">\n<div class=\"pro_main_text clearfix\">\n<div class=\"pro_main_text clearfix\">\n<p>L&#8217;assistant fiable pour l&#8217;exploitation des points de charge.<\/p>\n<\/div>\n<ul class=\"clearfix\">\n<li>Puissance d&#8217;entr\u00e9e : 1-phase 230V\u00b120% ; 3-phase 400V\u00b120%<\/li>\n<li>Puissance de sortie : Monophas\u00e9 7kW 32A ; triphas\u00e9 22kW 32A<\/li>\n<li>RCD interne : RCCB de type B<\/li>\n<li>\u00c9cran : 7&#8243; LCD<\/li>\n<li>Compteur : Compteur MID<\/li>\n<li>Interface r\u00e9seau : Ethernet\/ WiFi\/ 4G connexion internet intelligente<\/li>\n<li>OCPP : Prise en charge compl\u00e8te d&#8217;OCPP 1.6J\/ OCPP 2.0.1<\/li>\n<li>ISO15118 Plug&amp;Charge : \u00e9volutif<\/li>\n<li>Protection contre les infiltrations : IP54<\/li>\n<li>Interface de chargement : SAE J1772 &amp; c\u00e2ble de type 2\/ prise de type 2\/ prise T2S avec obturateur<\/li>\n<li>Type de montage : Mur ou sol (socle fourni s\u00e9par\u00e9ment)<\/li>\n<\/ul>\n<\/div>\n<\/div>\n<\/div>\n<p>&nbsp;<\/p>\n","protected":false},"featured_media":7615,"comment_status":"open","ping_status":"closed","template":"","meta":{"_seopress_robots_primary_cat":"none","_seopress_titles_title":"","_seopress_titles_desc":"","_seopress_robots_index":"","_sitemap_exclude":false,"_sitemap_priority":"","_sitemap_frequency":"","_monsterinsights_skip_tracking":false,"_monsterinsights_sitenote_active":false,"_monsterinsights_sitenote_note":"","_monsterinsights_sitenote_category":0},"product_brand":[],"product_cat":[110],"product_tag":[],"class_list":{"0":"post-2960","1":"product","2":"type-product","3":"status-publish","4":"has-post-thumbnail","6":"product_cat-borne-de-recharge-acdc","8":"first","9":"instock","10":"taxable","11":"shipping-taxable","12":"purchasable","13":"product-type-variable"},"aioseo_notices":[],"yoast_head":"<!-- This site is optimized with the Yoast SEO plugin v27.4 - https:\/\/yoast.com\/product\/yoast-seo-wordpress\/ -->\n<title>EVC WALLBOX Charger Pro AC - EV CONNEXION: BORNE DE CHARGE ELECTRIQUE<\/title>\n<meta name=\"robots\" content=\"index, follow, max-snippet:-1, max-image-preview:large, max-video-preview:-1\" \/>\n<link rel=\"canonical\" href=\"https:\/\/evconexion.com\/?product=wallbox-ac-charger-evcaw05c\" \/>\n<meta property=\"og:locale\" content=\"fr_FR\" \/>\n<meta property=\"og:type\" content=\"article\" \/>\n<meta property=\"og:title\" content=\"EVC WALLBOX Charger Pro AC - EV CONNEXION: BORNE DE CHARGE ELECTRIQUE\" \/>\n<meta property=\"og:description\" content=\"Mode public 3 32A OCPP 1.6J OCPP 2.0.1 Chargeur EV jusqu&#039;\u00e0 22kW      L&#039;assistant fiable pour l&#039;exploitation des points de charge.     Puissance d&#039;ent\" \/>\n<meta property=\"og:url\" content=\"https:\/\/evconexion.com\/?product=wallbox-ac-charger-evcaw05c\" \/>\n<meta property=\"og:site_name\" content=\"EV CONNEXION: BORNE DE CHARGE ELECTRIQUE\" \/>\n<meta property=\"article:modified_time\" content=\"2025-10-05T00:03:42+00:00\" \/>\n<meta property=\"og:image\" content=\"https:\/\/evconexion.com\/wp-content\/uploads\/2025\/10\/YLEV44K-T3-3-scaled.jpg\" \/>\n\t<meta property=\"og:image:width\" content=\"2560\" \/>\n\t<meta property=\"og:image:height\" content=\"2560\" \/>\n\t<meta property=\"og:image:type\" content=\"image\/jpeg\" \/>\n<meta name=\"twitter:card\" content=\"summary_large_image\" \/>\n<meta name=\"twitter:label1\" content=\"Dur\u00e9e de lecture estim\u00e9e\" \/>\n\t<meta name=\"twitter:data1\" content=\"3 minutes\" \/>\n<script type=\"application\/ld+json\" class=\"yoast-schema-graph\">{\"@context\":\"https:\\\/\\\/schema.org\",\"@graph\":[{\"@type\":\"WebPage\",\"@id\":\"https:\\\/\\\/evconexion.com\\\/?product=wallbox-ac-charger-evcaw05c\",\"url\":\"https:\\\/\\\/evconexion.com\\\/?product=wallbox-ac-charger-evcaw05c\",\"name\":\"EVC WALLBOX Charger Pro AC - EV CONNEXION: BORNE DE CHARGE ELECTRIQUE\",\"isPartOf\":{\"@id\":\"https:\\\/\\\/evconexion.com\\\/#website\"},\"primaryImageOfPage\":{\"@id\":\"https:\\\/\\\/evconexion.com\\\/?product=wallbox-ac-charger-evcaw05c#primaryimage\"},\"image\":{\"@id\":\"https:\\\/\\\/evconexion.com\\\/?product=wallbox-ac-charger-evcaw05c#primaryimage\"},\"thumbnailUrl\":\"https:\\\/\\\/evconexion.com\\\/wp-content\\\/uploads\\\/2025\\\/10\\\/YLEV44K-T3-3-scaled.jpg\",\"datePublished\":\"2024-02-24T23:17:48+00:00\",\"dateModified\":\"2025-10-05T00:03:42+00:00\",\"breadcrumb\":{\"@id\":\"https:\\\/\\\/evconexion.com\\\/?product=wallbox-ac-charger-evcaw05c#breadcrumb\"},\"inLanguage\":\"fr-FR\",\"potentialAction\":[{\"@type\":\"ReadAction\",\"target\":[\"https:\\\/\\\/evconexion.com\\\/?product=wallbox-ac-charger-evcaw05c\"]}]},{\"@type\":\"ImageObject\",\"inLanguage\":\"fr-FR\",\"@id\":\"https:\\\/\\\/evconexion.com\\\/?product=wallbox-ac-charger-evcaw05c#primaryimage\",\"url\":\"https:\\\/\\\/evconexion.com\\\/wp-content\\\/uploads\\\/2025\\\/10\\\/YLEV44K-T3-3-scaled.jpg\",\"contentUrl\":\"https:\\\/\\\/evconexion.com\\\/wp-content\\\/uploads\\\/2025\\\/10\\\/YLEV44K-T3-3-scaled.jpg\",\"width\":2560,\"height\":2560},{\"@type\":\"BreadcrumbList\",\"@id\":\"https:\\\/\\\/evconexion.com\\\/?product=wallbox-ac-charger-evcaw05c#breadcrumb\",\"itemListElement\":[{\"@type\":\"ListItem\",\"position\":1,\"name\":\"Accueil\",\"item\":\"https:\\\/\\\/evconexion.com\\\/\"},{\"@type\":\"ListItem\",\"position\":2,\"name\":\"Boutique\",\"item\":\"https:\\\/\\\/evconexion.com\\\/?page_id=47\"},{\"@type\":\"ListItem\",\"position\":3,\"name\":\"EVC WALLBOX Charger Pro AC\"}]},{\"@type\":\"WebSite\",\"@id\":\"https:\\\/\\\/evconexion.com\\\/#website\",\"url\":\"https:\\\/\\\/evconexion.com\\\/\",\"name\":\"EV CONNEXION: BORNE DE CHARGE ELECTRIQUE\",\"description\":\"EV CONNEXION BORNE DE CHARGE VEHICULE ELECTRIQUE\",\"publisher\":{\"@id\":\"https:\\\/\\\/evconexion.com\\\/#organization\"},\"potentialAction\":[{\"@type\":\"SearchAction\",\"target\":{\"@type\":\"EntryPoint\",\"urlTemplate\":\"https:\\\/\\\/evconexion.com\\\/?s={search_term_string}\"},\"query-input\":{\"@type\":\"PropertyValueSpecification\",\"valueRequired\":true,\"valueName\":\"search_term_string\"}}],\"inLanguage\":\"fr-FR\"},{\"@type\":\"Organization\",\"@id\":\"https:\\\/\\\/evconexion.com\\\/#organization\",\"name\":\"EV CONNEXION: BORNE DE CHARGE ELECTRIQUE\",\"url\":\"https:\\\/\\\/evconexion.com\\\/\",\"logo\":{\"@type\":\"ImageObject\",\"inLanguage\":\"fr-FR\",\"@id\":\"https:\\\/\\\/evconexion.com\\\/#\\\/schema\\\/logo\\\/image\\\/\",\"url\":\"https:\\\/\\\/evconexion.com\\\/wp-content\\\/uploads\\\/2023\\\/10\\\/EVT.gif\",\"contentUrl\":\"https:\\\/\\\/evconexion.com\\\/wp-content\\\/uploads\\\/2023\\\/10\\\/EVT.gif\",\"width\":500,\"height\":500,\"caption\":\"EV CONNEXION: BORNE DE CHARGE ELECTRIQUE\"},\"image\":{\"@id\":\"https:\\\/\\\/evconexion.com\\\/#\\\/schema\\\/logo\\\/image\\\/\"}}]}<\/script>\n<!-- \/ Yoast SEO plugin. -->","yoast_head_json":{"title":"EVC WALLBOX Charger Pro AC - EV CONNEXION: BORNE DE CHARGE ELECTRIQUE","robots":{"index":"index","follow":"follow","max-snippet":"max-snippet:-1","max-image-preview":"max-image-preview:large","max-video-preview":"max-video-preview:-1"},"canonical":"https:\/\/evconexion.com\/?product=wallbox-ac-charger-evcaw05c","og_locale":"fr_FR","og_type":"article","og_title":"EVC WALLBOX Charger Pro AC - EV CONNEXION: BORNE DE CHARGE ELECTRIQUE","og_description":"Mode public 3 32A OCPP 1.6J OCPP 2.0.1 Chargeur EV jusqu'\u00e0 22kW      L'assistant fiable pour l'exploitation des points de charge.     Puissance d'ent","og_url":"https:\/\/evconexion.com\/?product=wallbox-ac-charger-evcaw05c","og_site_name":"EV CONNEXION: BORNE DE CHARGE ELECTRIQUE","article_modified_time":"2025-10-05T00:03:42+00:00","og_image":[{"width":2560,"height":2560,"url":"https:\/\/evconexion.com\/wp-content\/uploads\/2025\/10\/YLEV44K-T3-3-scaled.jpg","type":"image\/jpeg"}],"twitter_card":"summary_large_image","twitter_misc":{"Dur\u00e9e de lecture estim\u00e9e":"3 minutes"},"schema":{"@context":"https:\/\/schema.org","@graph":[{"@type":"WebPage","@id":"https:\/\/evconexion.com\/?product=wallbox-ac-charger-evcaw05c","url":"https:\/\/evconexion.com\/?product=wallbox-ac-charger-evcaw05c","name":"EVC WALLBOX Charger Pro AC - EV CONNEXION: BORNE DE CHARGE ELECTRIQUE","isPartOf":{"@id":"https:\/\/evconexion.com\/#website"},"primaryImageOfPage":{"@id":"https:\/\/evconexion.com\/?product=wallbox-ac-charger-evcaw05c#primaryimage"},"image":{"@id":"https:\/\/evconexion.com\/?product=wallbox-ac-charger-evcaw05c#primaryimage"},"thumbnailUrl":"https:\/\/evconexion.com\/wp-content\/uploads\/2025\/10\/YLEV44K-T3-3-scaled.jpg","datePublished":"2024-02-24T23:17:48+00:00","dateModified":"2025-10-05T00:03:42+00:00","breadcrumb":{"@id":"https:\/\/evconexion.com\/?product=wallbox-ac-charger-evcaw05c#breadcrumb"},"inLanguage":"fr-FR","potentialAction":[{"@type":"ReadAction","target":["https:\/\/evconexion.com\/?product=wallbox-ac-charger-evcaw05c"]}]},{"@type":"ImageObject","inLanguage":"fr-FR","@id":"https:\/\/evconexion.com\/?product=wallbox-ac-charger-evcaw05c#primaryimage","url":"https:\/\/evconexion.com\/wp-content\/uploads\/2025\/10\/YLEV44K-T3-3-scaled.jpg","contentUrl":"https:\/\/evconexion.com\/wp-content\/uploads\/2025\/10\/YLEV44K-T3-3-scaled.jpg","width":2560,"height":2560},{"@type":"BreadcrumbList","@id":"https:\/\/evconexion.com\/?product=wallbox-ac-charger-evcaw05c#breadcrumb","itemListElement":[{"@type":"ListItem","position":1,"name":"Accueil","item":"https:\/\/evconexion.com\/"},{"@type":"ListItem","position":2,"name":"Boutique","item":"https:\/\/evconexion.com\/?page_id=47"},{"@type":"ListItem","position":3,"name":"EVC WALLBOX Charger Pro AC"}]},{"@type":"WebSite","@id":"https:\/\/evconexion.com\/#website","url":"https:\/\/evconexion.com\/","name":"EV CONNEXION: BORNE DE CHARGE ELECTRIQUE","description":"EV CONNEXION BORNE DE CHARGE VEHICULE ELECTRIQUE","publisher":{"@id":"https:\/\/evconexion.com\/#organization"},"potentialAction":[{"@type":"SearchAction","target":{"@type":"EntryPoint","urlTemplate":"https:\/\/evconexion.com\/?s={search_term_string}"},"query-input":{"@type":"PropertyValueSpecification","valueRequired":true,"valueName":"search_term_string"}}],"inLanguage":"fr-FR"},{"@type":"Organization","@id":"https:\/\/evconexion.com\/#organization","name":"EV CONNEXION: BORNE DE CHARGE ELECTRIQUE","url":"https:\/\/evconexion.com\/","logo":{"@type":"ImageObject","inLanguage":"fr-FR","@id":"https:\/\/evconexion.com\/#\/schema\/logo\/image\/","url":"https:\/\/evconexion.com\/wp-content\/uploads\/2023\/10\/EVT.gif","contentUrl":"https:\/\/evconexion.com\/wp-content\/uploads\/2023\/10\/EVT.gif","width":500,"height":500,"caption":"EV CONNEXION: BORNE DE CHARGE ELECTRIQUE"},"image":{"@id":"https:\/\/evconexion.com\/#\/schema\/logo\/image\/"}}]}},"_links":{"self":[{"href":"https:\/\/evconexion.com\/index.php?rest_route=\/wp\/v2\/product\/2960","targetHints":{"allow":["GET"]}}],"collection":[{"href":"https:\/\/evconexion.com\/index.php?rest_route=\/wp\/v2\/product"}],"about":[{"href":"https:\/\/evconexion.com\/index.php?rest_route=\/wp\/v2\/types\/product"}],"replies":[{"embeddable":true,"href":"https:\/\/evconexion.com\/index.php?rest_route=%2Fwp%2Fv2%2Fcomments&post=2960"}],"version-history":[{"count":0,"href":"https:\/\/evconexion.com\/index.php?rest_route=\/wp\/v2\/product\/2960\/revisions"}],"wp:featuredmedia":[{"embeddable":true,"href":"https:\/\/evconexion.com\/index.php?rest_route=\/wp\/v2\/media\/7615"}],"wp:attachment":[{"href":"https:\/\/evconexion.com\/index.php?rest_route=%2Fwp%2Fv2%2Fmedia&parent=2960"}],"wp:term":[{"taxonomy":"product_brand","embeddable":true,"href":"https:\/\/evconexion.com\/index.php?rest_route=%2Fwp%2Fv2%2Fproduct_brand&post=2960"},{"taxonomy":"product_cat","embeddable":true,"href":"https:\/\/evconexion.com\/index.php?rest_route=%2Fwp%2Fv2%2Fproduct_cat&post=2960"},{"taxonomy":"product_tag","embeddable":true,"href":"https:\/\/evconexion.com\/index.php?rest_route=%2Fwp%2Fv2%2Fproduct_tag&post=2960"}],"curies":[{"name":"wp","href":"https:\/\/api.w.org\/{rel}","templated":true}]}}