{"id":2962,"date":"2024-02-24T23:44:10","date_gmt":"2024-02-24T22:44:10","guid":{"rendered":"https:\/\/evconexion.com\/?post_type=product&#038;p=2962"},"modified":"2025-09-15T17:24:32","modified_gmt":"2025-09-15T16:24:32","slug":"colonne-ac-charger-evcap06c","status":"publish","type":"product","link":"https:\/\/evconexion.com\/?product=colonne-ac-charger-evcap06c","title":{"rendered":"Colonne  Double"},"content":{"rendered":"<section class=\"elementor-section elementor-top-section elementor-element elementor-element-b7ea74d elementor-section-boxed elementor-section-height-default elementor-section-height-default\" data-id=\"b7ea74d\" data-element_type=\"section\">\n<div class=\"elementor-container elementor-column-gap-default\">\n<div class=\"elementor-column elementor-col-100 elementor-top-column elementor-element elementor-element-7907652\" data-id=\"7907652\" data-element_type=\"column\">\n<div class=\"elementor-widget-wrap elementor-element-populated\">\n<div class=\"elementor-element elementor-element-a224ce1 elementor-widget elementor-widget-text-editor\" data-id=\"a224ce1\" data-element_type=\"widget\" data-widget_type=\"text-editor.default\">\n<div class=\"elementor-widget-container\">\n<section class=\"elementor-section elementor-top-section elementor-element elementor-element-00e90a8 elementor-section-boxed elementor-section-height-default elementor-section-height-default\" data-id=\"00e90a8\" data-element_type=\"section\">\n<div class=\"elementor-container elementor-column-gap-default\">\n<div class=\"elementor-column elementor-col-100 elementor-top-column elementor-element elementor-element-b7cfd57\" data-id=\"b7cfd57\" data-element_type=\"column\">\n<div class=\"elementor-widget-wrap elementor-element-populated\">\n<div class=\"elementor-element elementor-element-c2e8bae elementor-widget elementor-widget-text-editor\" data-id=\"c2e8bae\" data-element_type=\"widget\" data-widget_type=\"text-editor.default\">\n<div class=\"elementor-widget-container\">\n<p>La ne de charge Colonne double est sp\u00e9cialement con\u00e7u pour la recharge commerciale. Tr\u00e8s r\u00e9sistant \u00e0 l&#8217;eau et \u00e0 la poussi\u00e8re avec un indice de protection IP55 et IK10, il est parfait pour les lieux de recharge ext\u00e9rieurs tels que les stations-service, les parkings, les coins de rue, etc.<\/p>\n<\/div>\n<\/div>\n<\/div>\n<\/div>\n<\/div>\n<\/section>\n<section class=\"elementor-section elementor-top-section elementor-element elementor-element-1cfd539 elementor-section-boxed elementor-section-height-default elementor-section-height-default\" data-id=\"1cfd539\" data-element_type=\"section\">\n<div class=\"elementor-container elementor-column-gap-default\">\n<div class=\"elementor-column elementor-col-50 elementor-top-column elementor-element elementor-element-20c5297\" data-id=\"20c5297\" data-element_type=\"column\">\n<div class=\"elementor-widget-wrap elementor-element-populated\">\n<div class=\"elementor-element elementor-element-9a50614 elementor-widget elementor-widget-text-editor\" data-id=\"9a50614\" data-element_type=\"widget\" data-widget_type=\"text-editor.default\">\n<div class=\"elementor-widget-container\">\n<p>&nbsp;<\/p>\n<p><strong>Caract\u00e9ristiques principales :<\/strong><\/p>\n<ul>\n<li>Configuration flexible du courant et de la puissance de sortie<\/li>\n<li>Double contr\u00f4le ind\u00e9pendant de la puissance avec les connecteurs<\/li>\n<li>2x Type-B RCCB<\/li>\n<li>2x MID Meter \u00e0 l&#8217;int\u00e9rieur<\/li>\n<li>Connectivit\u00e9 r\u00e9seau intelligente Ethernet, Wi-Fi, Celluar<\/li>\n<li>Authentification de l&#8217;utilisateur par RFID ou application mobile<\/li>\n<li>Portail web convivial pour la configuration du chargeur<\/li>\n<li>Gestion dynamique de la charge Prise en charge jusqu&#8217;\u00e0 252 pi\u00e8ces<\/li>\n<li>Aide \u00e0 l&#8217;installation des terminaux de point de vente<\/li>\n<li>Fen\u00eatre s\u00e9par\u00e9e pour le relev\u00e9 des compteurs MID<\/li>\n<li>Breathing light, connexion en cascade pour le partage de l&#8217;internet<\/li>\n<\/ul>\n<\/div>\n<\/div>\n<\/div>\n<\/div>\n<\/div>\n<\/section>\n<section class=\"elementor-section elementor-top-section elementor-element elementor-element-353d4e0 elementor-section-boxed elementor-section-height-default elementor-section-height-default\" data-id=\"353d4e0\" data-element_type=\"section\">\n<div class=\"elementor-container elementor-column-gap-default\">\n<div class=\"elementor-column elementor-col-50 elementor-top-column elementor-element elementor-element-90eca43\" data-id=\"90eca43\" data-element_type=\"column\">\n<div class=\"elementor-widget-wrap elementor-element-populated\">\n<div class=\"elementor-element elementor-element-13a2eab elementor-widget elementor-widget-text-editor\" data-id=\"13a2eab\" data-element_type=\"widget\" data-widget_type=\"text-editor.default\">\n<div class=\"elementor-widget-container\">\n<p>&nbsp;<\/p>\n<p><strong>Int\u00e9grer le paiement trimestriel POS<\/strong><\/p>\n<p>Colonne a int\u00e9gr\u00e9 notre derni\u00e8re technologie de terminal de paiement POS pour maximiser l&#8217;exp\u00e9rience de charge de l&#8217;utilisateur dans les lieux publics, les lieux de travail, les parkings commerciaux, les stations-service, etc. Nous fournissons une solution de paiement compl\u00e8te qui comprend<\/p>\n<ul>\n<li>\u00a0Terminal POS sur chargeur AC&amp;DC ou installation s\u00e9par\u00e9e<\/li>\n<li>\u00a0Paiement local hors ligne au point de vente<\/li>\n<li>Int\u00e9gration des paiements en ligne aux points de vente avec le backend OCPP<\/li>\n<li>Un seul terminal de point de vente prenant en charge plusieurs connexions de chargeurs de v\u00e9hicules \u00e9lectriques<\/li>\n<li>Nayax, terminal de paiement<\/li>\n<\/ul>\n<p>Il s&#8217;agit d&#8217;une solution parfaite et compl\u00e8te pour votre entreprise, qui vous offre un fonctionnement, un contr\u00f4le et une gestion faciles, ainsi que l&#8217;acceptation de paiements sans num\u00e9raire.<\/p>\n<p><strong style=\"font-size: 1rem;\">Chargement simultan\u00e9 de deux voitures<\/strong><\/p>\n<\/div>\n<\/div>\n<\/div>\n<\/div>\n<\/div>\n<\/section>\n<section class=\"elementor-section elementor-top-section elementor-element elementor-element-68cc48d elementor-section-boxed elementor-section-height-default elementor-section-height-default\" data-id=\"68cc48d\" data-element_type=\"section\">\n<div class=\"elementor-container elementor-column-gap-default\">\n<div class=\"elementor-column elementor-col-50 elementor-top-column elementor-element elementor-element-315ab35\" data-id=\"315ab35\" data-element_type=\"column\">\n<div class=\"elementor-widget-wrap elementor-element-populated\">\n<div class=\"elementor-element elementor-element-a1006df elementor-widget elementor-widget-text-editor\" data-id=\"a1006df\" data-element_type=\"widget\" data-widget_type=\"text-editor.default\">\n<div class=\"elementor-widget-container\">\n<p>Deux connecteurs de charge permettent \u00e0 l&#8217;EVCAP06C de charger deux voitures simultan\u00e9ment. La conception de l&#8217;entr\u00e9e d&#8217;alimentation ind\u00e9pendante permet \u00e0 chaque prise de typ<\/p>\n<p>e 2S de fonctionner s\u00e9par\u00e9ment sans interf\u00e9rence, et chaque prise de type 2S peut fournir une puissance maximale de 22 kW en m\u00eame temps pour la charge rapide.<\/p>\n<p><strong style=\"font-size: 1rem;\">Enti\u00e8rement conforme \u00e0 l&#8217;OCPP<\/strong><\/p>\n<\/div>\n<\/div>\n<\/div>\n<\/div>\n<\/div>\n<\/section>\n<section class=\"elementor-section elementor-top-section elementor-element elementor-element-9c3d70e elementor-section-boxed elementor-section-height-default elementor-section-height-default\" data-id=\"9c3d70e\" data-element_type=\"section\">\n<div class=\"elementor-container elementor-column-gap-default\">\n<div class=\"elementor-column elementor-col-50 elementor-top-column elementor-element elementor-element-913c83f\" data-id=\"913c83f\" data-element_type=\"column\">\n<div class=\"elementor-widget-wrap elementor-element-populated\">\n<div class=\"elementor-element elementor-element-66b877b elementor-widget elementor-widget-text-editor\" data-id=\"66b877b\" data-element_type=\"widget\" data-widget_type=\"text-editor.default\">\n<div class=\"elementor-widget-container\">\n<p>En tant que membre de l&#8217;OCA (OCPP) et de l&#8217;OCPI, nos chargeurs de VE sont toujours \u00e0 jo<\/p>\n<p>ur avec le dernier protocole OCPP. Les protocoles OCPP 1.6J et OCPP 2.0.1 sont d\u00e9sormais enti\u00e8rement compatibles, ce qui permet \u00e0 nos chargeurs de fonctionner harmonieusement avec toutes les plates-formes bas\u00e9es sur le protocole OCPP.<\/p>\n<p><strong>\u00c9quilibrage dynamique de la charge<\/strong><\/p>\n<p>La fonction d&#8217;\u00e9quilibrage de la charge de la colonne le rend parfait pour la recharge commerciale. Elle ajuste dynamiquement<\/p>\n<div class=\"elementor-widget-container\"><span style=\"font-size: 1rem;\">la puissance entre les stations de charge en fonction de la situation \u00e9nerg\u00e9tique en temps r\u00e9el, afin d&#8217;\u00e9viter toute panne due \u00e0 une surcharge.<\/span><\/div>\n<\/div>\n<\/div>\n<\/div>\n<\/div>\n<\/div>\n<\/section>\n<\/div>\n<\/div>\n<\/div>\n<\/div>\n<\/div>\n<\/section>\n","protected":false},"excerpt":{"rendered":"<h4 class=\"product_title entry-title\">Le chargeur publics de v\u00e9hicules \u00e9lectriques OCPP qui permet le paiement par carte de cr\u00e9dit \u00e0 l&#8217;aide d&#8217;un terminal de point de vente.<\/h4>\n<div><span dir=\"auto\">Cette borne de recharge professionnelle \u00e0 double socle de 2 x 22 kW est dot\u00e9e de deux sorties. \u00c9tanch\u00e9it\u00e9 IP65, elle peut \u00eatre install\u00e9e en int\u00e9rieur comme en ext\u00e9rieur.<\/span><\/div>\n<div><span dir=\"auto\">Le chargeur prend en charge le protocole de communication OCPP 1.6 Json avec la communication sans fil CMS Wi-Fi\/Ethernet\/4G, qui est intelligente \u00e0 utiliser.<\/span><\/div>\n<div><\/div>\n<div><span dir=\"auto\">Caract\u00e9ristiques principales :<\/span><\/div>\n<div><span dir=\"auto\">Puissance : 2*22kW<\/span><\/div>\n<div><span dir=\"auto\">Courant de sortie : 2*32A triphas\u00e9<\/span><\/div>\n<div><span dir=\"auto\">Prise de charge : prise de type 2<\/span><\/div>\n<div><span dir=\"auto\">OCPP1.6 Json<\/span><\/div>\n<div><span dir=\"auto\">Fonction RFID, WIFI\/4G\/Ethernet (en option)<\/span><\/div>\n<div><span dir=\"auto\">Protection : IP65, IK10<\/span><\/div>\n<div><span dir=\"auto\">Garantie : 2 ans<\/span><\/div>\n<div><\/div>\n<div class=\"woocommerce-product-details__short-description\">\n<div class=\"pro_main_text clearfix\">\n<div class=\"pro_main_text clearfix\">\n<div class=\"pro_main_text clearfix\">\n<div class=\"pro_main_text clearfix\">\n<div class=\"pro_main_text clearfix\">\n<p>Colonne est un chargeur id\u00e9al pour la recharge publique en ext\u00e9rieur. Chaque connecteur de charge peut d\u00e9livrer une puissance maximale de 22 kW en m\u00eame temps.<\/p>\n<\/div>\n<ul class=\"clearfix\">\n<li>Puissance d&#8217;entr\u00e9e : 1-phase 230V\u00b120% ; 3-phase 400V\u00b120%<\/li>\n<li>Puissance de sortie : Monophas\u00e9 2 x 7kW 32A ; triphas\u00e9 2 x 22kW 32A<\/li>\n<li>RCD interne : 2 x RCCB de type B<\/li>\n<li>\u00c9cran : 7&#8243; LCD<\/li>\n<li>Compteur : 2 x MID m\u00e8tre<\/li>\n<li>Interface r\u00e9seau : Ethernet\/ WiFi\/ 4G connexion internet intelligente<\/li>\n<li>OCPP : Prise en charge compl\u00e8te d&#8217;OCPP 1.6J\/ OCPP 2.0.1<\/li>\n<li>Protection contre les infiltrations : IP55<\/li>\n<li>Dimensions d&#8217;exp\u00e9dition : 1530 x 450 x 320 mm<\/li>\n<li>Interface de chargement : SAE J1772 &amp; c\u00e2ble de type 2\/ prise de type 2\/ prise T2S avec obturateur<\/li>\n<li>Type de montage : Sol<\/li>\n<\/ul>\n<\/div>\n<\/div>\n<\/div>\n<\/div>\n<\/div>\n<p>&nbsp;<\/p>\n","protected":false},"featured_media":7553,"comment_status":"open","ping_status":"closed","template":"","meta":{"_seopress_robots_primary_cat":"none","_seopress_titles_title":"","_seopress_titles_desc":"","_seopress_robots_index":"","_sitemap_exclude":false,"_sitemap_priority":"","_sitemap_frequency":"","_monsterinsights_skip_tracking":false,"_monsterinsights_sitenote_active":false,"_monsterinsights_sitenote_note":"","_monsterinsights_sitenote_category":0},"product_brand":[],"product_cat":[110],"product_tag":[],"class_list":{"0":"post-2962","1":"product","2":"type-product","3":"status-publish","4":"has-post-thumbnail","6":"product_cat-borne-de-recharge-acdc","8":"first","9":"instock","10":"taxable","11":"shipping-taxable","12":"purchasable","13":"product-type-variable"},"aioseo_notices":[],"yoast_head":"<!-- This site is optimized with the Yoast SEO plugin v27.4 - https:\/\/yoast.com\/product\/yoast-seo-wordpress\/ -->\n<title>Colonne Double - EV CONNEXION: BORNE DE CHARGE ELECTRIQUE<\/title>\n<meta name=\"robots\" content=\"index, follow, max-snippet:-1, max-image-preview:large, max-video-preview:-1\" \/>\n<link rel=\"canonical\" href=\"https:\/\/evconexion.com\/?product=colonne-ac-charger-evcap06c\" \/>\n<meta property=\"og:locale\" content=\"fr_FR\" \/>\n<meta property=\"og:type\" content=\"article\" \/>\n<meta property=\"og:title\" content=\"Colonne Double - EV CONNEXION: BORNE DE CHARGE ELECTRIQUE\" \/>\n<meta property=\"og:description\" content=\"Le chargeur publics de v\u00e9hicules \u00e9lectriques OCPP qui permet le paiement par carte de cr\u00e9dit \u00e0 l&#039;aide d&#039;un terminal de point de vente. Cette borne\" \/>\n<meta property=\"og:url\" content=\"https:\/\/evconexion.com\/?product=colonne-ac-charger-evcap06c\" \/>\n<meta property=\"og:site_name\" content=\"EV CONNEXION: BORNE DE CHARGE ELECTRIQUE\" \/>\n<meta property=\"article:modified_time\" content=\"2025-09-15T16:24:32+00:00\" \/>\n<meta property=\"og:image\" content=\"https:\/\/evconexion.com\/wp-content\/uploads\/2024\/02\/22KW_floor_mounted_EV_Charger_OCPP1_6_Ethernet_4G_1730362173349_0.jpg_w2048.jpg\" \/>\n\t<meta property=\"og:image:width\" content=\"800\" \/>\n\t<meta property=\"og:image:height\" content=\"800\" \/>\n\t<meta property=\"og:image:type\" content=\"image\/jpeg\" \/>\n<meta name=\"twitter:card\" content=\"summary_large_image\" \/>\n<meta name=\"twitter:label1\" content=\"Dur\u00e9e de lecture estim\u00e9e\" \/>\n\t<meta name=\"twitter:data1\" content=\"3 minutes\" \/>\n<script type=\"application\/ld+json\" class=\"yoast-schema-graph\">{\"@context\":\"https:\\\/\\\/schema.org\",\"@graph\":[{\"@type\":\"WebPage\",\"@id\":\"https:\\\/\\\/evconexion.com\\\/?product=colonne-ac-charger-evcap06c\",\"url\":\"https:\\\/\\\/evconexion.com\\\/?product=colonne-ac-charger-evcap06c\",\"name\":\"Colonne Double - EV CONNEXION: BORNE DE CHARGE ELECTRIQUE\",\"isPartOf\":{\"@id\":\"https:\\\/\\\/evconexion.com\\\/#website\"},\"primaryImageOfPage\":{\"@id\":\"https:\\\/\\\/evconexion.com\\\/?product=colonne-ac-charger-evcap06c#primaryimage\"},\"image\":{\"@id\":\"https:\\\/\\\/evconexion.com\\\/?product=colonne-ac-charger-evcap06c#primaryimage\"},\"thumbnailUrl\":\"https:\\\/\\\/evconexion.com\\\/wp-content\\\/uploads\\\/2024\\\/02\\\/22KW_floor_mounted_EV_Charger_OCPP1_6_Ethernet_4G_1730362173349_0.jpg_w2048.jpg\",\"datePublished\":\"2024-02-24T22:44:10+00:00\",\"dateModified\":\"2025-09-15T16:24:32+00:00\",\"breadcrumb\":{\"@id\":\"https:\\\/\\\/evconexion.com\\\/?product=colonne-ac-charger-evcap06c#breadcrumb\"},\"inLanguage\":\"fr-FR\",\"potentialAction\":[{\"@type\":\"ReadAction\",\"target\":[\"https:\\\/\\\/evconexion.com\\\/?product=colonne-ac-charger-evcap06c\"]}]},{\"@type\":\"ImageObject\",\"inLanguage\":\"fr-FR\",\"@id\":\"https:\\\/\\\/evconexion.com\\\/?product=colonne-ac-charger-evcap06c#primaryimage\",\"url\":\"https:\\\/\\\/evconexion.com\\\/wp-content\\\/uploads\\\/2024\\\/02\\\/22KW_floor_mounted_EV_Charger_OCPP1_6_Ethernet_4G_1730362173349_0.jpg_w2048.jpg\",\"contentUrl\":\"https:\\\/\\\/evconexion.com\\\/wp-content\\\/uploads\\\/2024\\\/02\\\/22KW_floor_mounted_EV_Charger_OCPP1_6_Ethernet_4G_1730362173349_0.jpg_w2048.jpg\",\"width\":800,\"height\":800},{\"@type\":\"BreadcrumbList\",\"@id\":\"https:\\\/\\\/evconexion.com\\\/?product=colonne-ac-charger-evcap06c#breadcrumb\",\"itemListElement\":[{\"@type\":\"ListItem\",\"position\":1,\"name\":\"Accueil\",\"item\":\"https:\\\/\\\/evconexion.com\\\/\"},{\"@type\":\"ListItem\",\"position\":2,\"name\":\"Boutique\",\"item\":\"https:\\\/\\\/evconexion.com\\\/?page_id=47\"},{\"@type\":\"ListItem\",\"position\":3,\"name\":\"Colonne Double\"}]},{\"@type\":\"WebSite\",\"@id\":\"https:\\\/\\\/evconexion.com\\\/#website\",\"url\":\"https:\\\/\\\/evconexion.com\\\/\",\"name\":\"EV CONNEXION: BORNE DE CHARGE ELECTRIQUE\",\"description\":\"EV CONNEXION BORNE DE CHARGE VEHICULE ELECTRIQUE\",\"publisher\":{\"@id\":\"https:\\\/\\\/evconexion.com\\\/#organization\"},\"potentialAction\":[{\"@type\":\"SearchAction\",\"target\":{\"@type\":\"EntryPoint\",\"urlTemplate\":\"https:\\\/\\\/evconexion.com\\\/?s={search_term_string}\"},\"query-input\":{\"@type\":\"PropertyValueSpecification\",\"valueRequired\":true,\"valueName\":\"search_term_string\"}}],\"inLanguage\":\"fr-FR\"},{\"@type\":\"Organization\",\"@id\":\"https:\\\/\\\/evconexion.com\\\/#organization\",\"name\":\"EV CONNEXION: BORNE DE CHARGE ELECTRIQUE\",\"url\":\"https:\\\/\\\/evconexion.com\\\/\",\"logo\":{\"@type\":\"ImageObject\",\"inLanguage\":\"fr-FR\",\"@id\":\"https:\\\/\\\/evconexion.com\\\/#\\\/schema\\\/logo\\\/image\\\/\",\"url\":\"https:\\\/\\\/evconexion.com\\\/wp-content\\\/uploads\\\/2023\\\/10\\\/EVT.gif\",\"contentUrl\":\"https:\\\/\\\/evconexion.com\\\/wp-content\\\/uploads\\\/2023\\\/10\\\/EVT.gif\",\"width\":500,\"height\":500,\"caption\":\"EV CONNEXION: BORNE DE CHARGE ELECTRIQUE\"},\"image\":{\"@id\":\"https:\\\/\\\/evconexion.com\\\/#\\\/schema\\\/logo\\\/image\\\/\"}}]}<\/script>\n<!-- \/ Yoast SEO plugin. -->","yoast_head_json":{"title":"Colonne Double - EV CONNEXION: BORNE DE CHARGE ELECTRIQUE","robots":{"index":"index","follow":"follow","max-snippet":"max-snippet:-1","max-image-preview":"max-image-preview:large","max-video-preview":"max-video-preview:-1"},"canonical":"https:\/\/evconexion.com\/?product=colonne-ac-charger-evcap06c","og_locale":"fr_FR","og_type":"article","og_title":"Colonne Double - EV CONNEXION: BORNE DE CHARGE ELECTRIQUE","og_description":"Le chargeur publics de v\u00e9hicules \u00e9lectriques OCPP qui permet le paiement par carte de cr\u00e9dit \u00e0 l'aide d'un terminal de point de vente. Cette borne","og_url":"https:\/\/evconexion.com\/?product=colonne-ac-charger-evcap06c","og_site_name":"EV CONNEXION: BORNE DE CHARGE ELECTRIQUE","article_modified_time":"2025-09-15T16:24:32+00:00","og_image":[{"width":800,"height":800,"url":"https:\/\/evconexion.com\/wp-content\/uploads\/2024\/02\/22KW_floor_mounted_EV_Charger_OCPP1_6_Ethernet_4G_1730362173349_0.jpg_w2048.jpg","type":"image\/jpeg"}],"twitter_card":"summary_large_image","twitter_misc":{"Dur\u00e9e de lecture estim\u00e9e":"3 minutes"},"schema":{"@context":"https:\/\/schema.org","@graph":[{"@type":"WebPage","@id":"https:\/\/evconexion.com\/?product=colonne-ac-charger-evcap06c","url":"https:\/\/evconexion.com\/?product=colonne-ac-charger-evcap06c","name":"Colonne Double - EV CONNEXION: BORNE DE CHARGE ELECTRIQUE","isPartOf":{"@id":"https:\/\/evconexion.com\/#website"},"primaryImageOfPage":{"@id":"https:\/\/evconexion.com\/?product=colonne-ac-charger-evcap06c#primaryimage"},"image":{"@id":"https:\/\/evconexion.com\/?product=colonne-ac-charger-evcap06c#primaryimage"},"thumbnailUrl":"https:\/\/evconexion.com\/wp-content\/uploads\/2024\/02\/22KW_floor_mounted_EV_Charger_OCPP1_6_Ethernet_4G_1730362173349_0.jpg_w2048.jpg","datePublished":"2024-02-24T22:44:10+00:00","dateModified":"2025-09-15T16:24:32+00:00","breadcrumb":{"@id":"https:\/\/evconexion.com\/?product=colonne-ac-charger-evcap06c#breadcrumb"},"inLanguage":"fr-FR","potentialAction":[{"@type":"ReadAction","target":["https:\/\/evconexion.com\/?product=colonne-ac-charger-evcap06c"]}]},{"@type":"ImageObject","inLanguage":"fr-FR","@id":"https:\/\/evconexion.com\/?product=colonne-ac-charger-evcap06c#primaryimage","url":"https:\/\/evconexion.com\/wp-content\/uploads\/2024\/02\/22KW_floor_mounted_EV_Charger_OCPP1_6_Ethernet_4G_1730362173349_0.jpg_w2048.jpg","contentUrl":"https:\/\/evconexion.com\/wp-content\/uploads\/2024\/02\/22KW_floor_mounted_EV_Charger_OCPP1_6_Ethernet_4G_1730362173349_0.jpg_w2048.jpg","width":800,"height":800},{"@type":"BreadcrumbList","@id":"https:\/\/evconexion.com\/?product=colonne-ac-charger-evcap06c#breadcrumb","itemListElement":[{"@type":"ListItem","position":1,"name":"Accueil","item":"https:\/\/evconexion.com\/"},{"@type":"ListItem","position":2,"name":"Boutique","item":"https:\/\/evconexion.com\/?page_id=47"},{"@type":"ListItem","position":3,"name":"Colonne Double"}]},{"@type":"WebSite","@id":"https:\/\/evconexion.com\/#website","url":"https:\/\/evconexion.com\/","name":"EV CONNEXION: BORNE DE CHARGE ELECTRIQUE","description":"EV CONNEXION BORNE DE CHARGE VEHICULE ELECTRIQUE","publisher":{"@id":"https:\/\/evconexion.com\/#organization"},"potentialAction":[{"@type":"SearchAction","target":{"@type":"EntryPoint","urlTemplate":"https:\/\/evconexion.com\/?s={search_term_string}"},"query-input":{"@type":"PropertyValueSpecification","valueRequired":true,"valueName":"search_term_string"}}],"inLanguage":"fr-FR"},{"@type":"Organization","@id":"https:\/\/evconexion.com\/#organization","name":"EV CONNEXION: BORNE DE CHARGE ELECTRIQUE","url":"https:\/\/evconexion.com\/","logo":{"@type":"ImageObject","inLanguage":"fr-FR","@id":"https:\/\/evconexion.com\/#\/schema\/logo\/image\/","url":"https:\/\/evconexion.com\/wp-content\/uploads\/2023\/10\/EVT.gif","contentUrl":"https:\/\/evconexion.com\/wp-content\/uploads\/2023\/10\/EVT.gif","width":500,"height":500,"caption":"EV CONNEXION: BORNE DE CHARGE ELECTRIQUE"},"image":{"@id":"https:\/\/evconexion.com\/#\/schema\/logo\/image\/"}}]}},"_links":{"self":[{"href":"https:\/\/evconexion.com\/index.php?rest_route=\/wp\/v2\/product\/2962","targetHints":{"allow":["GET"]}}],"collection":[{"href":"https:\/\/evconexion.com\/index.php?rest_route=\/wp\/v2\/product"}],"about":[{"href":"https:\/\/evconexion.com\/index.php?rest_route=\/wp\/v2\/types\/product"}],"replies":[{"embeddable":true,"href":"https:\/\/evconexion.com\/index.php?rest_route=%2Fwp%2Fv2%2Fcomments&post=2962"}],"version-history":[{"count":0,"href":"https:\/\/evconexion.com\/index.php?rest_route=\/wp\/v2\/product\/2962\/revisions"}],"wp:featuredmedia":[{"embeddable":true,"href":"https:\/\/evconexion.com\/index.php?rest_route=\/wp\/v2\/media\/7553"}],"wp:attachment":[{"href":"https:\/\/evconexion.com\/index.php?rest_route=%2Fwp%2Fv2%2Fmedia&parent=2962"}],"wp:term":[{"taxonomy":"product_brand","embeddable":true,"href":"https:\/\/evconexion.com\/index.php?rest_route=%2Fwp%2Fv2%2Fproduct_brand&post=2962"},{"taxonomy":"product_cat","embeddable":true,"href":"https:\/\/evconexion.com\/index.php?rest_route=%2Fwp%2Fv2%2Fproduct_cat&post=2962"},{"taxonomy":"product_tag","embeddable":true,"href":"https:\/\/evconexion.com\/index.php?rest_route=%2Fwp%2Fv2%2Fproduct_tag&post=2962"}],"curies":[{"name":"wp","href":"https:\/\/api.w.org\/{rel}","templated":true}]}}