{"id":2984,"date":"2024-02-25T02:39:11","date_gmt":"2024-02-25T01:39:11","guid":{"rendered":"https:\/\/evconexion.com\/?post_type=product&#038;p=2984"},"modified":"2025-10-05T00:24:39","modified_gmt":"2025-10-04T23:24:39","slug":"charger-dc-evc030hy1","status":"publish","type":"product","link":"https:\/\/evconexion.com\/?product=charger-dc-evc030hy1","title":{"rendered":"EVC Wallbox DC Pro"},"content":{"rendered":"<section class=\"elementor-section elementor-top-section elementor-element elementor-element-b7ea74d elementor-section-boxed elementor-section-height-default elementor-section-height-default\" data-id=\"b7ea74d\" data-element_type=\"section\">\n<div class=\"elementor-container elementor-column-gap-default\">\n<div class=\"elementor-column elementor-col-100 elementor-top-column elementor-element elementor-element-7907652\" data-id=\"7907652\" data-element_type=\"column\">\n<div class=\"elementor-widget-wrap elementor-element-populated\">\n<div class=\"elementor-element elementor-element-a224ce1 elementor-widget elementor-widget-text-editor\" data-id=\"a224ce1\" data-element_type=\"widget\" data-widget_type=\"text-editor.default\">\n<div class=\"elementor-widget-container\">\n<section class=\"elementor-section elementor-top-section elementor-element elementor-element-00e90a8 elementor-section-boxed elementor-section-height-default elementor-section-height-default\" data-id=\"00e90a8\" data-element_type=\"section\">\n<div class=\"elementor-container elementor-column-gap-default\">\n<div class=\"elementor-column elementor-col-100 elementor-top-column elementor-element elementor-element-b7cfd57\" data-id=\"b7cfd57\" data-element_type=\"column\">\n<div class=\"elementor-widget-wrap elementor-element-populated\">\n<div class=\"elementor-element elementor-element-c2e8bae elementor-widget elementor-widget-text-editor\" data-id=\"c2e8bae\" data-element_type=\"widget\" data-widget_type=\"text-editor.default\">\n<div class=\"elementor-widget-container\">\n<section class=\"elementor-section elementor-top-section elementor-element elementor-element-34475fe elementor-section-boxed elementor-section-height-default elementor-section-height-default\" data-id=\"34475fe\" data-element_type=\"section\">\n<div class=\"elementor-container elementor-column-gap-default\">\n<div class=\"elementor-column elementor-col-50 elementor-top-column elementor-element elementor-element-09e3605\" data-id=\"09e3605\" data-element_type=\"column\">\n<div class=\"elementor-widget-wrap elementor-element-populated\">\n<div class=\"elementor-element elementor-element-3a8bec0 elementor-widget elementor-widget-text-editor\" data-id=\"3a8bec0\" data-element_type=\"widget\" data-widget_type=\"text-editor.default\">\n<div class=\"elementor-widget-container\">\n<p><strong>Caract\u00e9ristiques principales :<\/strong><\/p>\n<ul>\n<li>Vitesse de charge jusqu&#8217;\u00e0 60 kW<\/li>\n<li>CCS 1\/ CCS 2\/ ChadeMO\/ GB-T connecteur de charge<\/li>\n<li>ISO 15118 Plug &amp; Charge<\/li>\n<li>Prise en charge simultan\u00e9e de deux connecteurs de charge<\/li>\n<li>ment<\/li>\n<li>\u00a095% : un rendement \u00e9nerg\u00e9tique qui permet de r\u00e9duire les co\u00fbts d&#8217;exploitation<\/li>\n<li>Lecteur de carte RFID int\u00e9gr\u00e9 pour l&#8217;authentification de l&#8217;utilisateur<\/li>\n<li>\u00c9cran tactile LCD de 8 pouces et interface conviviale facile \u00e0 utiliser<\/li>\n<li>Capacit\u00e9 de r\u00e9seau c\u00e2bl\u00e9\/sans fil pour la connexion au back-office<\/li>\n<li>Code pin (OTP)<\/li>\n<li>Prise en charge compl\u00e8te des commandes OCPP 1.6J et OCPP 2.0.1<\/li>\n<\/ul>\n<\/div>\n<\/div>\n<\/div>\n<\/div>\n<\/div>\n<\/section>\n<section class=\"elementor-section elementor-top-section elementor-element elementor-element-e85439f elementor-section-boxed elementor-section-height-default elementor-section-height-default\" data-id=\"e85439f\" data-element_type=\"section\">\n<div class=\"elementor-container elementor-column-gap-default\">\n<div class=\"elementor-column elementor-col-50 elementor-top-column elementor-element elementor-element-ec719e4\" data-id=\"ec719e4\" data-element_type=\"column\">\n<div class=\"elementor-widget-wrap elementor-element-populated\"><\/div>\n<\/div>\n<div class=\"elementor-column elementor-col-50 elementor-top-column elementor-element elementor-element-45f5791\" data-id=\"45f5791\" data-element_type=\"column\">\n<div class=\"elementor-widget-wrap elementor-element-populated\">\n<div class=\"elementor-element elementor-element-b0f34e3 elementor-widget elementor-widget-text-editor\" data-id=\"b0f34e3\" data-element_type=\"widget\" data-widget_type=\"text-editor.default\">\n<div class=\"elementor-widget-container\">\n<div class=\"text-detail\">\n<p><strong>Vitesse de charge rapide et haute efficacit\u00e9<\/strong><\/p>\n<p>EVC Wallbox DC Pro permet une puissance de charge maximale de 30 \u00e0 60 kW, ce qui garantit un kilom\u00e9trage d&#8217;endurance \u00e9lev\u00e9 avec une charge de courte dur\u00e9e. L&#8217;efficacit\u00e9 de charge sup\u00e9rieure \u00e0 95% et la faible consommation en veille permettent de r\u00e9aliser des \u00e9conomies.<\/p>\n<\/div>\n<\/div>\n<\/div>\n<\/div>\n<\/div>\n<\/div>\n<\/section>\n<section class=\"elementor-section elementor-top-section elementor-element elementor-element-0172ff0 elementor-section-boxed elementor-section-height-default elementor-section-height-default\" data-id=\"0172ff0\" data-element_type=\"section\">\n<div class=\"elementor-container elementor-column-gap-default\">\n<div class=\"elementor-column elementor-col-50 elementor-top-column elementor-element elementor-element-787e6cf\" data-id=\"787e6cf\" data-element_type=\"column\">\n<div class=\"elementor-widget-wrap elementor-element-populated\">\n<div class=\"elementor-element elementor-element-2f96cea elementor-widget elementor-widget-text-editor\" data-id=\"2f96cea\" data-element_type=\"widget\" data-widget_type=\"text-editor.default\">\n<div class=\"elementor-widget-container\">\n<p>&nbsp;<\/p>\n<p><strong>Applicable \u00e0 une grande vari\u00e9t\u00e9 de cas d&#8217;utilisation<\/strong><\/p>\n<p>Gr\u00e2ce \u00e0 sa conception ultra-compacte, il est s\u00fbr et fiable pour les habitations, les bureaux, les biens commerciaux publics tels que les centres commerciaux, les h\u00f4tels, les parkings, les parcs de v\u00e9hicules, etc.<\/p>\n<p><strong>Facile \u00e0 utiliser<\/strong><\/p>\n<p>EVC Wallbox DC Pro permet une authentification et un paiement s\u00e9curis\u00e9s gr\u00e2ce \u00e0 la RFID et aux applications mobiles. L&#8217;\u00e9cran tactile multilingue de 8 pouces rend l&#8217;op\u00e9ration de chargement facile et compr\u00e9hensible pour tous les utilisateurs.<\/p>\n<p>&nbsp;<\/p>\n<\/div>\n<\/div>\n<\/div>\n<\/div>\n<\/div>\n<\/section>\n<section class=\"elementor-section elementor-top-section elementor-element elementor-element-b7d9a83 elementor-section-boxed elementor-section-height-default elementor-section-height-default\" data-id=\"b7d9a83\" data-element_type=\"section\">\n<div class=\"elementor-container elementor-column-gap-default\">\n<div class=\"elementor-column elementor-col-50 elementor-top-column elementor-element elementor-element-9abb748\" data-id=\"9abb748\" data-element_type=\"column\">\n<div class=\"elementor-widget-wrap elementor-element-populated\">\n<div class=\"elementor-element elementor-element-9f6a1bc elementor-widget elementor-widget-text-editor\" data-id=\"9f6a1bc\" data-element_type=\"widget\" data-widget_type=\"text-editor.default\">\n<div class=\"elementor-widget-container\">\n<p><strong>Chargement intelligent pris en charge<\/strong><\/p>\n<p><img fetchpriority=\"high\" class=\"wp-image-2990 alignright lws-optimize-lazyload\"  alt=\"\" width=\"287\" height=\"287\" \/ data-src=\"https:\/\/evconexion.com\/wp-content\/uploads\/2024\/02\/PC-L-300x300.png\" srcset=\"https:\/\/evconexion.com\/wp-content\/uploads\/2024\/02\/PC-L-300x300.png 300w, https:\/\/evconexion.com\/wp-content\/uploads\/2024\/02\/PC-L-150x150.png 150w, https:\/\/evconexion.com\/wp-content\/uploads\/2024\/02\/PC-L-100x100.png 100w, https:\/\/evconexion.com\/wp-content\/uploads\/2024\/02\/PC-L-390x390.png 390w, https:\/\/evconexion.com\/wp-content\/uploads\/2024\/02\/PC-L.png 750w\" sizes=\"(max-width: 287px) 100vw, 287px\" \/>Chargement intelligent via la derni\u00e8re version de l&#8217;OCPP. La fonction de gestion dynamique de la charge permet de l&#8217;int\u00e9grer dans les b\u00e2timents intelligents avanc\u00e9s ou lorsque la source d&#8217;\u00e9nergie est limit\u00e9e.<\/p>\n<\/div>\n<\/div>\n<\/div>\n<\/div>\n<\/div>\n<\/section>\n<\/div>\n<\/div>\n<\/div>\n<\/div>\n<\/div>\n<\/section>\n<\/div>\n<\/div>\n<\/div>\n<\/div>\n<\/div>\n<\/section>\n","protected":false},"excerpt":{"rendered":"<h4 class=\"product_title entry-title\">Niveau 3 OCPP 1.6J OCPP 2.0.1 30kW 60kW DC Wallbox<\/h4>\n<div class=\"woocommerce-product-details__short-description\">\n<div class=\"pro_main_text clearfix\">\n<div class=\"pro_main_text clearfix\">\n<div class=\"pro_main_text clearfix\">\n<div class=\"pro_main_text clearfix\">\n<div class=\"pro_main_text clearfix\">\n<div class=\"pro_main_text clearfix\">\n<p class=\"\">EVCHY2 est une station de recharge compacte \u00e0 courant continu qui peut \u00eatre fix\u00e9e au mur ou au sol Pied en option.<\/p>\n<\/div>\n<ul class=\"clearfix\">\n<li>Capacit\u00e9 d&#8217;entr\u00e9e : Triphas\u00e9 400V\u00b115% AC<\/li>\n<li>Puissance de sortie DC maximale : 30kW\/ 60kW<\/li>\n<li>Plage de tension de sortie DC : 150V-1000V DC<\/li>\n<li>Affichage : \u00e9cran tactile LCD TFT de 8 pouces \u00c9cran tactile TFT LCD<\/li>\n<li>Interface r\u00e9seau : Ethernet\/ WiFi\/ 4G connexion internet intelligente<\/li>\n<li>OCPP : prise en charge des profils complets OCPP 1.6J\/ OCPP 2.0.1<\/li>\n<li>ISO15118 Plug&amp;Charge : \u00e9volutif<\/li>\n<li>Protection contre les infiltrations : IP54<\/li>\n<li>Interface de chargement : 1 CCS\/ 1 CHAdeMO\/ 2 CCS\/ 2 CHAdeMO\/1 CCS +1 CHAdeMO<\/li>\n<li>Type de montage : Mur ou sol (socle fourni s\u00e9par\u00e9ment)<\/li>\n<li>Dimension : 355\u00d7690\u00d7770mm<\/li>\n<\/ul>\n<\/div>\n<\/div>\n<\/div>\n<\/div>\n<\/div>\n<\/div>\n","protected":false},"featured_media":7611,"comment_status":"open","ping_status":"closed","template":"","meta":{"_seopress_robots_primary_cat":"none","_seopress_titles_title":"","_seopress_titles_desc":"","_seopress_robots_index":"","_sitemap_exclude":false,"_sitemap_priority":"","_sitemap_frequency":"","_monsterinsights_skip_tracking":false,"_monsterinsights_sitenote_active":false,"_monsterinsights_sitenote_note":"","_monsterinsights_sitenote_category":0},"product_brand":[],"product_cat":[110],"product_tag":[],"class_list":{"0":"post-2984","1":"product","2":"type-product","3":"status-publish","4":"has-post-thumbnail","6":"product_cat-borne-de-recharge-acdc","8":"first","9":"instock","10":"taxable","11":"shipping-taxable","12":"purchasable","13":"product-type-variable"},"aioseo_notices":[],"yoast_head":"<!-- This site is optimized with the Yoast SEO plugin v27.4 - https:\/\/yoast.com\/product\/yoast-seo-wordpress\/ -->\n<title>EVC Wallbox DC Pro - EV CONNEXION: BORNE DE CHARGE ELECTRIQUE<\/title>\n<meta name=\"robots\" content=\"index, follow, max-snippet:-1, max-image-preview:large, max-video-preview:-1\" \/>\n<link rel=\"canonical\" href=\"https:\/\/evconexion.com\/?product=charger-dc-evc030hy1\" \/>\n<meta property=\"og:locale\" content=\"fr_FR\" \/>\n<meta property=\"og:type\" content=\"article\" \/>\n<meta property=\"og:title\" content=\"EVC Wallbox DC Pro - EV CONNEXION: BORNE DE CHARGE ELECTRIQUE\" \/>\n<meta property=\"og:description\" content=\"Niveau 3 OCPP 1.6J OCPP 2.0.1 30kW 60kW DC Wallbox        EVCHY2 est une station de recharge compacte \u00e0 courant continu qui peut \u00eatre fix\u00e9e au mur\" \/>\n<meta property=\"og:url\" content=\"https:\/\/evconexion.com\/?product=charger-dc-evc030hy1\" \/>\n<meta property=\"og:site_name\" content=\"EV CONNEXION: BORNE DE CHARGE ELECTRIQUE\" \/>\n<meta property=\"article:modified_time\" content=\"2025-10-04T23:24:39+00:00\" \/>\n<meta property=\"og:image\" content=\"https:\/\/evconexion.com\/wp-content\/uploads\/2025\/10\/YLEV40K-D2-YLEV60K-D3-2-scaled.png\" \/>\n\t<meta property=\"og:image:width\" content=\"2560\" \/>\n\t<meta property=\"og:image:height\" content=\"2213\" \/>\n\t<meta property=\"og:image:type\" content=\"image\/png\" \/>\n<meta name=\"twitter:card\" content=\"summary_large_image\" \/>\n<meta name=\"twitter:label1\" content=\"Dur\u00e9e de lecture estim\u00e9e\" \/>\n\t<meta name=\"twitter:data1\" content=\"2 minutes\" \/>\n<script type=\"application\/ld+json\" class=\"yoast-schema-graph\">{\"@context\":\"https:\\\/\\\/schema.org\",\"@graph\":[{\"@type\":\"WebPage\",\"@id\":\"https:\\\/\\\/evconexion.com\\\/?product=charger-dc-evc030hy1\",\"url\":\"https:\\\/\\\/evconexion.com\\\/?product=charger-dc-evc030hy1\",\"name\":\"EVC Wallbox DC Pro - EV CONNEXION: BORNE DE CHARGE ELECTRIQUE\",\"isPartOf\":{\"@id\":\"https:\\\/\\\/evconexion.com\\\/#website\"},\"primaryImageOfPage\":{\"@id\":\"https:\\\/\\\/evconexion.com\\\/?product=charger-dc-evc030hy1#primaryimage\"},\"image\":{\"@id\":\"https:\\\/\\\/evconexion.com\\\/?product=charger-dc-evc030hy1#primaryimage\"},\"thumbnailUrl\":\"https:\\\/\\\/evconexion.com\\\/wp-content\\\/uploads\\\/2025\\\/10\\\/YLEV40K-D2-YLEV60K-D3-2-scaled.png\",\"datePublished\":\"2024-02-25T01:39:11+00:00\",\"dateModified\":\"2025-10-04T23:24:39+00:00\",\"breadcrumb\":{\"@id\":\"https:\\\/\\\/evconexion.com\\\/?product=charger-dc-evc030hy1#breadcrumb\"},\"inLanguage\":\"fr-FR\",\"potentialAction\":[{\"@type\":\"ReadAction\",\"target\":[\"https:\\\/\\\/evconexion.com\\\/?product=charger-dc-evc030hy1\"]}]},{\"@type\":\"ImageObject\",\"inLanguage\":\"fr-FR\",\"@id\":\"https:\\\/\\\/evconexion.com\\\/?product=charger-dc-evc030hy1#primaryimage\",\"url\":\"https:\\\/\\\/evconexion.com\\\/wp-content\\\/uploads\\\/2025\\\/10\\\/YLEV40K-D2-YLEV60K-D3-2-scaled.png\",\"contentUrl\":\"https:\\\/\\\/evconexion.com\\\/wp-content\\\/uploads\\\/2025\\\/10\\\/YLEV40K-D2-YLEV60K-D3-2-scaled.png\",\"width\":2560,\"height\":2213},{\"@type\":\"BreadcrumbList\",\"@id\":\"https:\\\/\\\/evconexion.com\\\/?product=charger-dc-evc030hy1#breadcrumb\",\"itemListElement\":[{\"@type\":\"ListItem\",\"position\":1,\"name\":\"Accueil\",\"item\":\"https:\\\/\\\/evconexion.com\\\/\"},{\"@type\":\"ListItem\",\"position\":2,\"name\":\"Boutique\",\"item\":\"https:\\\/\\\/evconexion.com\\\/?page_id=47\"},{\"@type\":\"ListItem\",\"position\":3,\"name\":\"EVC Wallbox DC Pro\"}]},{\"@type\":\"WebSite\",\"@id\":\"https:\\\/\\\/evconexion.com\\\/#website\",\"url\":\"https:\\\/\\\/evconexion.com\\\/\",\"name\":\"EV CONNEXION: BORNE DE CHARGE ELECTRIQUE\",\"description\":\"EV CONNEXION BORNE DE CHARGE VEHICULE ELECTRIQUE\",\"publisher\":{\"@id\":\"https:\\\/\\\/evconexion.com\\\/#organization\"},\"potentialAction\":[{\"@type\":\"SearchAction\",\"target\":{\"@type\":\"EntryPoint\",\"urlTemplate\":\"https:\\\/\\\/evconexion.com\\\/?s={search_term_string}\"},\"query-input\":{\"@type\":\"PropertyValueSpecification\",\"valueRequired\":true,\"valueName\":\"search_term_string\"}}],\"inLanguage\":\"fr-FR\"},{\"@type\":\"Organization\",\"@id\":\"https:\\\/\\\/evconexion.com\\\/#organization\",\"name\":\"EV CONNEXION: BORNE DE CHARGE ELECTRIQUE\",\"url\":\"https:\\\/\\\/evconexion.com\\\/\",\"logo\":{\"@type\":\"ImageObject\",\"inLanguage\":\"fr-FR\",\"@id\":\"https:\\\/\\\/evconexion.com\\\/#\\\/schema\\\/logo\\\/image\\\/\",\"url\":\"https:\\\/\\\/evconexion.com\\\/wp-content\\\/uploads\\\/2023\\\/10\\\/EVT.gif\",\"contentUrl\":\"https:\\\/\\\/evconexion.com\\\/wp-content\\\/uploads\\\/2023\\\/10\\\/EVT.gif\",\"width\":500,\"height\":500,\"caption\":\"EV CONNEXION: BORNE DE CHARGE ELECTRIQUE\"},\"image\":{\"@id\":\"https:\\\/\\\/evconexion.com\\\/#\\\/schema\\\/logo\\\/image\\\/\"}}]}<\/script>\n<!-- \/ Yoast SEO plugin. -->","yoast_head_json":{"title":"EVC Wallbox DC Pro - EV CONNEXION: BORNE DE CHARGE ELECTRIQUE","robots":{"index":"index","follow":"follow","max-snippet":"max-snippet:-1","max-image-preview":"max-image-preview:large","max-video-preview":"max-video-preview:-1"},"canonical":"https:\/\/evconexion.com\/?product=charger-dc-evc030hy1","og_locale":"fr_FR","og_type":"article","og_title":"EVC Wallbox DC Pro - EV CONNEXION: BORNE DE CHARGE ELECTRIQUE","og_description":"Niveau 3 OCPP 1.6J OCPP 2.0.1 30kW 60kW DC Wallbox        EVCHY2 est une station de recharge compacte \u00e0 courant continu qui peut \u00eatre fix\u00e9e au mur","og_url":"https:\/\/evconexion.com\/?product=charger-dc-evc030hy1","og_site_name":"EV CONNEXION: BORNE DE CHARGE ELECTRIQUE","article_modified_time":"2025-10-04T23:24:39+00:00","og_image":[{"width":2560,"height":2213,"url":"https:\/\/evconexion.com\/wp-content\/uploads\/2025\/10\/YLEV40K-D2-YLEV60K-D3-2-scaled.png","type":"image\/png"}],"twitter_card":"summary_large_image","twitter_misc":{"Dur\u00e9e de lecture estim\u00e9e":"2 minutes"},"schema":{"@context":"https:\/\/schema.org","@graph":[{"@type":"WebPage","@id":"https:\/\/evconexion.com\/?product=charger-dc-evc030hy1","url":"https:\/\/evconexion.com\/?product=charger-dc-evc030hy1","name":"EVC Wallbox DC Pro - EV CONNEXION: BORNE DE CHARGE ELECTRIQUE","isPartOf":{"@id":"https:\/\/evconexion.com\/#website"},"primaryImageOfPage":{"@id":"https:\/\/evconexion.com\/?product=charger-dc-evc030hy1#primaryimage"},"image":{"@id":"https:\/\/evconexion.com\/?product=charger-dc-evc030hy1#primaryimage"},"thumbnailUrl":"https:\/\/evconexion.com\/wp-content\/uploads\/2025\/10\/YLEV40K-D2-YLEV60K-D3-2-scaled.png","datePublished":"2024-02-25T01:39:11+00:00","dateModified":"2025-10-04T23:24:39+00:00","breadcrumb":{"@id":"https:\/\/evconexion.com\/?product=charger-dc-evc030hy1#breadcrumb"},"inLanguage":"fr-FR","potentialAction":[{"@type":"ReadAction","target":["https:\/\/evconexion.com\/?product=charger-dc-evc030hy1"]}]},{"@type":"ImageObject","inLanguage":"fr-FR","@id":"https:\/\/evconexion.com\/?product=charger-dc-evc030hy1#primaryimage","url":"https:\/\/evconexion.com\/wp-content\/uploads\/2025\/10\/YLEV40K-D2-YLEV60K-D3-2-scaled.png","contentUrl":"https:\/\/evconexion.com\/wp-content\/uploads\/2025\/10\/YLEV40K-D2-YLEV60K-D3-2-scaled.png","width":2560,"height":2213},{"@type":"BreadcrumbList","@id":"https:\/\/evconexion.com\/?product=charger-dc-evc030hy1#breadcrumb","itemListElement":[{"@type":"ListItem","position":1,"name":"Accueil","item":"https:\/\/evconexion.com\/"},{"@type":"ListItem","position":2,"name":"Boutique","item":"https:\/\/evconexion.com\/?page_id=47"},{"@type":"ListItem","position":3,"name":"EVC Wallbox DC Pro"}]},{"@type":"WebSite","@id":"https:\/\/evconexion.com\/#website","url":"https:\/\/evconexion.com\/","name":"EV CONNEXION: BORNE DE CHARGE ELECTRIQUE","description":"EV CONNEXION BORNE DE CHARGE VEHICULE ELECTRIQUE","publisher":{"@id":"https:\/\/evconexion.com\/#organization"},"potentialAction":[{"@type":"SearchAction","target":{"@type":"EntryPoint","urlTemplate":"https:\/\/evconexion.com\/?s={search_term_string}"},"query-input":{"@type":"PropertyValueSpecification","valueRequired":true,"valueName":"search_term_string"}}],"inLanguage":"fr-FR"},{"@type":"Organization","@id":"https:\/\/evconexion.com\/#organization","name":"EV CONNEXION: BORNE DE CHARGE ELECTRIQUE","url":"https:\/\/evconexion.com\/","logo":{"@type":"ImageObject","inLanguage":"fr-FR","@id":"https:\/\/evconexion.com\/#\/schema\/logo\/image\/","url":"https:\/\/evconexion.com\/wp-content\/uploads\/2023\/10\/EVT.gif","contentUrl":"https:\/\/evconexion.com\/wp-content\/uploads\/2023\/10\/EVT.gif","width":500,"height":500,"caption":"EV CONNEXION: BORNE DE CHARGE ELECTRIQUE"},"image":{"@id":"https:\/\/evconexion.com\/#\/schema\/logo\/image\/"}}]}},"_links":{"self":[{"href":"https:\/\/evconexion.com\/index.php?rest_route=\/wp\/v2\/product\/2984","targetHints":{"allow":["GET"]}}],"collection":[{"href":"https:\/\/evconexion.com\/index.php?rest_route=\/wp\/v2\/product"}],"about":[{"href":"https:\/\/evconexion.com\/index.php?rest_route=\/wp\/v2\/types\/product"}],"replies":[{"embeddable":true,"href":"https:\/\/evconexion.com\/index.php?rest_route=%2Fwp%2Fv2%2Fcomments&post=2984"}],"version-history":[{"count":0,"href":"https:\/\/evconexion.com\/index.php?rest_route=\/wp\/v2\/product\/2984\/revisions"}],"wp:featuredmedia":[{"embeddable":true,"href":"https:\/\/evconexion.com\/index.php?rest_route=\/wp\/v2\/media\/7611"}],"wp:attachment":[{"href":"https:\/\/evconexion.com\/index.php?rest_route=%2Fwp%2Fv2%2Fmedia&parent=2984"}],"wp:term":[{"taxonomy":"product_brand","embeddable":true,"href":"https:\/\/evconexion.com\/index.php?rest_route=%2Fwp%2Fv2%2Fproduct_brand&post=2984"},{"taxonomy":"product_cat","embeddable":true,"href":"https:\/\/evconexion.com\/index.php?rest_route=%2Fwp%2Fv2%2Fproduct_cat&post=2984"},{"taxonomy":"product_tag","embeddable":true,"href":"https:\/\/evconexion.com\/index.php?rest_route=%2Fwp%2Fv2%2Fproduct_tag&post=2984"}],"curies":[{"name":"wp","href":"https:\/\/api.w.org\/{rel}","templated":true}]}}