{"id":3004,"date":"2024-02-25T14:26:39","date_gmt":"2024-02-25T13:26:39","guid":{"rendered":"https:\/\/evconexion.com\/?post_type=product&#038;p=3004"},"modified":"2025-10-01T23:58:29","modified_gmt":"2025-10-01T22:58:29","slug":"charger-dc-evc750150a-t08","status":"publish","type":"product","link":"https:\/\/evconexion.com\/?product=charger-dc-evc750150a-t08","title":{"rendered":"EVC Ultra DC"},"content":{"rendered":"<section class=\"elementor-section elementor-top-section elementor-element elementor-element-57153f0 elementor-section-boxed elementor-section-height-default elementor-section-height-default\" data-id=\"57153f0\" data-element_type=\"section\">\n<div class=\"elementor-container elementor-column-gap-default\">\n<div class=\"elementor-column elementor-col-100 elementor-top-column elementor-element elementor-element-a194ebe\" data-id=\"a194ebe\" data-element_type=\"column\">\n<div class=\"elementor-widget-wrap elementor-element-populated\">\n<div class=\"elementor-element elementor-element-724e766 elementor-widget elementor-widget-text-editor\" data-id=\"724e766\" data-element_type=\"widget\" data-widget_type=\"text-editor.default\">\n<div class=\"elementor-widget-container\">\n<p>De nos jours, de plus en plus de v\u00e9hicules \u00e9lectriques circulent sur les routes et les mod\u00e8les de v\u00e9hicules \u00e9lectriques \u00e0 grande autonomie sont de plus en plus r\u00e9pandus sur le march\u00e9. Lorsque les conducteurs de VE parcourent de longues distances, une charge plus rapide devient n\u00e9cessaire. Les chargeurs T08 sont d\u00e9sormais disponibles pour r\u00e9pondre aux demandes de charge rapide.<\/p>\n<p>&nbsp;<\/p>\n<\/div>\n<\/div>\n<\/div>\n<\/div>\n<\/div>\n<\/section>\n<section class=\"elementor-section elementor-top-section elementor-element elementor-element-83d7d0f elementor-section-boxed elementor-section-height-default elementor-section-height-default\" data-id=\"83d7d0f\" data-element_type=\"section\">\n<div class=\"elementor-container elementor-column-gap-default\">\n<div class=\"elementor-column elementor-col-50 elementor-top-column elementor-element elementor-element-7285334\" data-id=\"7285334\" data-element_type=\"column\">\n<div class=\"elementor-widget-wrap elementor-element-populated\">\n<div class=\"elementor-element elementor-element-7deac97 elementor-widget elementor-widget-text-editor\" data-id=\"7deac97\" data-element_type=\"widget\" data-widget_type=\"text-editor.default\">\n<div class=\"elementor-widget-container\">\n<p><strong>Caract\u00e9ristiques principales :<\/strong><\/p>\n<ul>\n<li>Chargeur rapide CC prenant en charge CCS<\/li>\n<li>ISO 15118 Plug &amp; Charge<\/li>\n<li>Prise en charge de plusieurs langues<\/li>\n<li>\u00c9cran tactile lisible \u00e0 la lumi\u00e8re du jour<\/li>\n<li>Autorisation RFID<\/li>\n<li>Prise en charge du code pin (OTP)<\/li>\n<li>Bo\u00eetier robuste en acier inoxydable r\u00e9sistant aux intemp\u00e9ries<\/li>\n<li>Installation rapide et facile<\/li>\n<\/ul>\n<\/div>\n<\/div>\n<\/div>\n<\/div>\n<div class=\"elementor-column elementor-col-50 elementor-top-column elementor-element elementor-element-5e05a1e\" data-id=\"5e05a1e\" data-element_type=\"column\">\n<div class=\"elementor-widget-wrap elementor-element-populated\">\n<div class=\"elementor-element elementor-element-07a83f2 elementor-widget elementor-widget-image\" data-id=\"07a83f2\" data-element_type=\"widget\" data-widget_type=\"image.default\">\n<div class=\"elementor-widget-container\"><strong style=\"font-size: 1rem;\">Le partenaire id\u00e9al pour la recharge rapide des v\u00e9hicules \u00e9lectriques<\/strong><\/div>\n<\/div>\n<\/div>\n<\/div>\n<\/div>\n<\/section>\n<div>\n<p>Les chargeurs rapides EVC Ultra DC sont con\u00e7us pour une charge rapide et pratique de tous les mod\u00e8les de v\u00e9hicules \u00e9lectriques compatibles avec les connecteurs CCS 1, CCS 2,. Gr\u00e2ce \u00e0 leur modularit\u00e9, ils permettent une puissance de charge maximale de 120kW 160kW 180kW 240kW et peuvent charger deux v\u00e9hicules \u00e9lectriques en m\u00eame temps.<\/p>\n<p>&nbsp;<\/p>\n<\/div>\n<section class=\"elementor-section elementor-top-section elementor-element elementor-element-7479d51 elementor-section-boxed elementor-section-height-default elementor-section-height-default\" data-id=\"7479d51\" data-element_type=\"section\">\n<div class=\"elementor-container elementor-column-gap-default\">\n<div class=\"elementor-column elementor-col-50 elementor-top-column elementor-element elementor-element-01b3914\" data-id=\"01b3914\" data-element_type=\"column\">\n<div class=\"elementor-widget-wrap elementor-element-populated\">\n<div class=\"elementor-element elementor-element-19e9715 elementor-widget elementor-widget-text-editor\" data-id=\"19e9715\" data-element_type=\"widget\" data-widget_type=\"text-editor.default\">\n<div class=\"elementor-widget-container\">\n<p><strong>Derni\u00e8re version conforme \u00e0 l&#8217;OCPP<\/strong><\/p>\n<p>EVC Ultra DC est enti\u00e8rement conforme aux normes OCPP 1.6J et OCPP 2.0, ce qui signifie que L&#8217;on peut facilement le connecter \u00e0 votre CCMS ou le notre pour une surveillance et une gestion \u00e0 distance. La fonction d&#8217;\u00e9quilibrage de charge des chargeurs EVC Ultra DC les rend parfaits pour une utilisation publique et pour les flottes.<\/p>\n<p>&nbsp;<\/p>\n<\/div>\n<\/div>\n<\/div>\n<\/div>\n<div class=\"elementor-column elementor-col-50 elementor-top-column elementor-element elementor-element-46f16ee\" data-id=\"46f16ee\" data-element_type=\"column\">\n<div class=\"elementor-widget-wrap elementor-element-populated\">\n<div class=\"elementor-element elementor-element-c00efcf elementor-widget elementor-widget-image\" data-id=\"c00efcf\" data-element_type=\"widget\" data-widget_type=\"image.default\">\n<div class=\"elementor-widget-container\"><img fetchpriority=\"high\" class=\"wp-image-2990 aligncenter lws-optimize-lazyload\"  alt=\"\" width=\"750\" height=\"750\" \/ data-src=\"https:\/\/evconexion.com\/wp-content\/uploads\/2024\/02\/PC-L-300x300.png\" srcset=\"https:\/\/evconexion.com\/wp-content\/uploads\/2024\/02\/PC-L-300x300.png 300w, https:\/\/evconexion.com\/wp-content\/uploads\/2024\/02\/PC-L-150x150.png 150w, https:\/\/evconexion.com\/wp-content\/uploads\/2024\/02\/PC-L-100x100.png 100w, https:\/\/evconexion.com\/wp-content\/uploads\/2024\/02\/PC-L-390x390.png 390w, https:\/\/evconexion.com\/wp-content\/uploads\/2024\/02\/PC-L.png 750w\" sizes=\"(max-width: 750px) 100vw, 750px\" \/><\/div>\n<\/div>\n<div>\n<p>&nbsp;<\/p>\n<p><strong>Chargement commercial harmonieux des VE<\/strong><\/p>\n<p>Gr\u00e2ce \u00e0 la technologie de gestion de charge avanc\u00e9e de EV CONEXION, l&#8217;\u00a0EVC Ultra DC peut distribuer la puissance de sortie de mani\u00e8re intelligente si la puissance de la station est limit\u00e9e, ce qui facilite la gestion de la station.<\/p>\n<p>&nbsp;<\/p>\n<\/div>\n<\/div>\n<\/div>\n<\/div>\n<\/section>\n<section class=\"elementor-section elementor-top-section elementor-element elementor-element-f676a35 elementor-section-boxed elementor-section-height-default elementor-section-height-default\" data-id=\"f676a35\" data-element_type=\"section\">\n<div class=\"elementor-container elementor-column-gap-default\">\n<div class=\"elementor-column elementor-col-50 elementor-top-column elementor-element elementor-element-95c2c8f\" data-id=\"95c2c8f\" data-element_type=\"column\">\n<div class=\"elementor-widget-wrap elementor-element-populated\">\n<div class=\"elementor-element elementor-element-fefd379 elementor-widget elementor-widget-image\" data-id=\"fefd379\" data-element_type=\"widget\" data-widget_type=\"image.default\">\n<div class=\"elementor-widget-container\"><img class=\"attachment-full size-full wp-image-3274 aligncenter lws-optimize-lazyload\"  sizes=\"(max-width: 750px) 100vw, 750px\" srcset=\"https:\/\/www.iocharger.com\/wp-content\/uploads\/2023\/05\/DC-Fast-Charger-4.png 750w, https:\/\/www.iocharger.com\/wp-content\/uploads\/2023\/05\/DC-Fast-Charger-4-300x300.png 300w, https:\/\/www.iocharger.com\/wp-content\/uploads\/2023\/05\/DC-Fast-Charger-4-150x150.png 150w, https:\/\/www.iocharger.com\/wp-content\/uploads\/2023\/05\/DC-Fast-Charger-4-285x285.png 285w, https:\/\/www.iocharger.com\/wp-content\/uploads\/2023\/05\/DC-Fast-Charger-4-270x270.png 270w, https:\/\/www.iocharger.com\/wp-content\/uploads\/2023\/05\/DC-Fast-Charger-4-540x540.png 540w, https:\/\/www.iocharger.com\/wp-content\/uploads\/2023\/05\/DC-Fast-Charger-4-660x660.png 660w\" alt=\"\" width=\"750\" height=\"750\" \/ data-src=\"https:\/\/www.iocharger.com\/wp-content\/uploads\/2023\/05\/DC-Fast-Charger-4.png\"><\/div>\n<\/div>\n<\/div>\n<\/div>\n<div class=\"elementor-column elementor-col-50 elementor-top-column elementor-element elementor-element-7c15c6e\" data-id=\"7c15c6e\" data-element_type=\"column\">\n<div class=\"elementor-widget-wrap elementor-element-populated\">\n<div class=\"elementor-element elementor-element-e722b97 elementor-widget elementor-widget-text-editor\" data-id=\"e722b97\" data-element_type=\"widget\" data-widget_type=\"text-editor.default\">\n<div class=\"elementor-widget-container\">\n<p>&nbsp;<\/p>\n<p>&nbsp;<\/p>\n<\/div>\n<\/div>\n<\/div>\n<\/div>\n<\/div>\n<\/section>\n","protected":false},"excerpt":{"rendered":"<h4 class=\"product_title entry-title\">Mode 4 OCPP 1.6J OCPP 2.0.1 60kW 90kW 120kW 150kW 180kW Chargeur rapide DC<\/h4>\n<div class=\"woocommerce-product-details__short-description\">\n<div class=\"pro_main_text clearfix\">\n<div class=\"pro_main_text clearfix\">\n<div class=\"pro_main_text clearfix\">\n<div class=\"pro_main_text clearfix\">\n<div class=\"pro_main_text clearfix\">\n<div class=\"pro_main_text clearfix\">\n<p>Le T08 est con\u00e7u pour une charge rapide et pratique afin de r\u00e9pondre aux demandes de charge rapide, facile \u00e0 utiliser pour tout le monde.<\/p>\n<p class=\"\">Capacit\u00e9 d&#8217;entr\u00e9e : Triphas\u00e9 400V\u00b115% AC<br \/>\nPuissance de sortie CC maximale : 60 kW\/90 kW\/120 kW\/150 kW\/180 kW<br \/>\nPlage de tension de sortie DC : 150-1000V DC<br \/>\nAffichage : \u00e9cran tactile LCD TFT de 8 pouces \u00c9cran tactile TFT LCD<br \/>\nInterface r\u00e9seau : Ethernet\/ WiFi\/ 4G connexion internet intelligente<br \/>\nOCPP : prise en charge des profils complets OCPP 1.6J\/ OCPP 2.0.1<br \/>\nISO15118 Plug&amp;Charge : \u00e9volutif<br \/>\nProtection contre les infiltrations : IP55<br \/>\nInterface de chargement : CCS1, CCS2, CHAdeMO et GB\/T<br \/>\nType de montage : Sol<br \/>\nDimension : 1816\u00d71007\u00d7640mm<\/p>\n<\/div>\n<\/div>\n<\/div>\n<\/div>\n<\/div>\n<\/div>\n<\/div>\n","protected":false},"featured_media":7597,"comment_status":"open","ping_status":"closed","template":"","meta":{"_seopress_robots_primary_cat":"none","_seopress_titles_title":"","_seopress_titles_desc":"","_seopress_robots_index":"","_sitemap_exclude":false,"_sitemap_priority":"","_sitemap_frequency":"","_monsterinsights_skip_tracking":false,"_monsterinsights_sitenote_active":false,"_monsterinsights_sitenote_note":"","_monsterinsights_sitenote_category":0},"product_brand":[],"product_cat":[110],"product_tag":[],"class_list":{"0":"post-3004","1":"product","2":"type-product","3":"status-publish","4":"has-post-thumbnail","6":"product_cat-borne-de-recharge-acdc","8":"first","9":"instock","10":"taxable","11":"shipping-taxable","12":"purchasable","13":"product-type-variable"},"aioseo_notices":[],"yoast_head":"<!-- This site is optimized with the Yoast SEO plugin v27.4 - https:\/\/yoast.com\/product\/yoast-seo-wordpress\/ -->\n<title>EVC Ultra DC - EV CONNEXION: BORNE DE CHARGE ELECTRIQUE<\/title>\n<meta name=\"robots\" content=\"index, follow, max-snippet:-1, max-image-preview:large, max-video-preview:-1\" \/>\n<link rel=\"canonical\" href=\"https:\/\/evconexion.com\/?product=charger-dc-evc750150a-t08\" \/>\n<meta property=\"og:locale\" content=\"fr_FR\" \/>\n<meta property=\"og:type\" content=\"article\" \/>\n<meta property=\"og:title\" content=\"EVC Ultra DC - EV CONNEXION: BORNE DE CHARGE ELECTRIQUE\" \/>\n<meta property=\"og:description\" content=\"Mode 4 OCPP 1.6J OCPP 2.0.1 60kW 90kW 120kW 150kW 180kW Chargeur rapide DC         Le T08 est con\u00e7u pour une charge rapide et pratique afin de r\u00e9pon\" \/>\n<meta property=\"og:url\" content=\"https:\/\/evconexion.com\/?product=charger-dc-evc750150a-t08\" \/>\n<meta property=\"og:site_name\" content=\"EV CONNEXION: BORNE DE CHARGE ELECTRIQUE\" \/>\n<meta property=\"article:modified_time\" content=\"2025-10-01T22:58:29+00:00\" \/>\n<meta property=\"og:image\" content=\"https:\/\/evconexion.com\/wp-content\/uploads\/2025\/10\/00-240kw.375-scaled.png\" \/>\n\t<meta property=\"og:image:width\" content=\"2560\" \/>\n\t<meta property=\"og:image:height\" content=\"2212\" \/>\n\t<meta property=\"og:image:type\" content=\"image\/png\" \/>\n<meta name=\"twitter:card\" content=\"summary_large_image\" \/>\n<meta name=\"twitter:label1\" content=\"Dur\u00e9e de lecture estim\u00e9e\" \/>\n\t<meta name=\"twitter:data1\" content=\"3 minutes\" \/>\n<script type=\"application\/ld+json\" class=\"yoast-schema-graph\">{\"@context\":\"https:\\\/\\\/schema.org\",\"@graph\":[{\"@type\":\"WebPage\",\"@id\":\"https:\\\/\\\/evconexion.com\\\/?product=charger-dc-evc750150a-t08\",\"url\":\"https:\\\/\\\/evconexion.com\\\/?product=charger-dc-evc750150a-t08\",\"name\":\"EVC Ultra DC - EV CONNEXION: BORNE DE CHARGE ELECTRIQUE\",\"isPartOf\":{\"@id\":\"https:\\\/\\\/evconexion.com\\\/#website\"},\"primaryImageOfPage\":{\"@id\":\"https:\\\/\\\/evconexion.com\\\/?product=charger-dc-evc750150a-t08#primaryimage\"},\"image\":{\"@id\":\"https:\\\/\\\/evconexion.com\\\/?product=charger-dc-evc750150a-t08#primaryimage\"},\"thumbnailUrl\":\"https:\\\/\\\/evconexion.com\\\/wp-content\\\/uploads\\\/2025\\\/10\\\/00-240kw.375-scaled.png\",\"datePublished\":\"2024-02-25T13:26:39+00:00\",\"dateModified\":\"2025-10-01T22:58:29+00:00\",\"breadcrumb\":{\"@id\":\"https:\\\/\\\/evconexion.com\\\/?product=charger-dc-evc750150a-t08#breadcrumb\"},\"inLanguage\":\"fr-FR\",\"potentialAction\":[{\"@type\":\"ReadAction\",\"target\":[\"https:\\\/\\\/evconexion.com\\\/?product=charger-dc-evc750150a-t08\"]}]},{\"@type\":\"ImageObject\",\"inLanguage\":\"fr-FR\",\"@id\":\"https:\\\/\\\/evconexion.com\\\/?product=charger-dc-evc750150a-t08#primaryimage\",\"url\":\"https:\\\/\\\/evconexion.com\\\/wp-content\\\/uploads\\\/2025\\\/10\\\/00-240kw.375-scaled.png\",\"contentUrl\":\"https:\\\/\\\/evconexion.com\\\/wp-content\\\/uploads\\\/2025\\\/10\\\/00-240kw.375-scaled.png\",\"width\":2560,\"height\":2212},{\"@type\":\"BreadcrumbList\",\"@id\":\"https:\\\/\\\/evconexion.com\\\/?product=charger-dc-evc750150a-t08#breadcrumb\",\"itemListElement\":[{\"@type\":\"ListItem\",\"position\":1,\"name\":\"Accueil\",\"item\":\"https:\\\/\\\/evconexion.com\\\/\"},{\"@type\":\"ListItem\",\"position\":2,\"name\":\"Boutique\",\"item\":\"https:\\\/\\\/evconexion.com\\\/?page_id=47\"},{\"@type\":\"ListItem\",\"position\":3,\"name\":\"EVC Ultra DC\"}]},{\"@type\":\"WebSite\",\"@id\":\"https:\\\/\\\/evconexion.com\\\/#website\",\"url\":\"https:\\\/\\\/evconexion.com\\\/\",\"name\":\"EV CONNEXION: BORNE DE CHARGE ELECTRIQUE\",\"description\":\"EV CONNEXION BORNE DE CHARGE VEHICULE ELECTRIQUE\",\"publisher\":{\"@id\":\"https:\\\/\\\/evconexion.com\\\/#organization\"},\"potentialAction\":[{\"@type\":\"SearchAction\",\"target\":{\"@type\":\"EntryPoint\",\"urlTemplate\":\"https:\\\/\\\/evconexion.com\\\/?s={search_term_string}\"},\"query-input\":{\"@type\":\"PropertyValueSpecification\",\"valueRequired\":true,\"valueName\":\"search_term_string\"}}],\"inLanguage\":\"fr-FR\"},{\"@type\":\"Organization\",\"@id\":\"https:\\\/\\\/evconexion.com\\\/#organization\",\"name\":\"EV CONNEXION: BORNE DE CHARGE ELECTRIQUE\",\"url\":\"https:\\\/\\\/evconexion.com\\\/\",\"logo\":{\"@type\":\"ImageObject\",\"inLanguage\":\"fr-FR\",\"@id\":\"https:\\\/\\\/evconexion.com\\\/#\\\/schema\\\/logo\\\/image\\\/\",\"url\":\"https:\\\/\\\/evconexion.com\\\/wp-content\\\/uploads\\\/2023\\\/10\\\/EVT.gif\",\"contentUrl\":\"https:\\\/\\\/evconexion.com\\\/wp-content\\\/uploads\\\/2023\\\/10\\\/EVT.gif\",\"width\":500,\"height\":500,\"caption\":\"EV CONNEXION: BORNE DE CHARGE ELECTRIQUE\"},\"image\":{\"@id\":\"https:\\\/\\\/evconexion.com\\\/#\\\/schema\\\/logo\\\/image\\\/\"}}]}<\/script>\n<!-- \/ Yoast SEO plugin. -->","yoast_head_json":{"title":"EVC Ultra DC - EV CONNEXION: BORNE DE CHARGE ELECTRIQUE","robots":{"index":"index","follow":"follow","max-snippet":"max-snippet:-1","max-image-preview":"max-image-preview:large","max-video-preview":"max-video-preview:-1"},"canonical":"https:\/\/evconexion.com\/?product=charger-dc-evc750150a-t08","og_locale":"fr_FR","og_type":"article","og_title":"EVC Ultra DC - EV CONNEXION: BORNE DE CHARGE ELECTRIQUE","og_description":"Mode 4 OCPP 1.6J OCPP 2.0.1 60kW 90kW 120kW 150kW 180kW Chargeur rapide DC         Le T08 est con\u00e7u pour une charge rapide et pratique afin de r\u00e9pon","og_url":"https:\/\/evconexion.com\/?product=charger-dc-evc750150a-t08","og_site_name":"EV CONNEXION: BORNE DE CHARGE ELECTRIQUE","article_modified_time":"2025-10-01T22:58:29+00:00","og_image":[{"width":2560,"height":2212,"url":"https:\/\/evconexion.com\/wp-content\/uploads\/2025\/10\/00-240kw.375-scaled.png","type":"image\/png"}],"twitter_card":"summary_large_image","twitter_misc":{"Dur\u00e9e de lecture estim\u00e9e":"3 minutes"},"schema":{"@context":"https:\/\/schema.org","@graph":[{"@type":"WebPage","@id":"https:\/\/evconexion.com\/?product=charger-dc-evc750150a-t08","url":"https:\/\/evconexion.com\/?product=charger-dc-evc750150a-t08","name":"EVC Ultra DC - EV CONNEXION: BORNE DE CHARGE ELECTRIQUE","isPartOf":{"@id":"https:\/\/evconexion.com\/#website"},"primaryImageOfPage":{"@id":"https:\/\/evconexion.com\/?product=charger-dc-evc750150a-t08#primaryimage"},"image":{"@id":"https:\/\/evconexion.com\/?product=charger-dc-evc750150a-t08#primaryimage"},"thumbnailUrl":"https:\/\/evconexion.com\/wp-content\/uploads\/2025\/10\/00-240kw.375-scaled.png","datePublished":"2024-02-25T13:26:39+00:00","dateModified":"2025-10-01T22:58:29+00:00","breadcrumb":{"@id":"https:\/\/evconexion.com\/?product=charger-dc-evc750150a-t08#breadcrumb"},"inLanguage":"fr-FR","potentialAction":[{"@type":"ReadAction","target":["https:\/\/evconexion.com\/?product=charger-dc-evc750150a-t08"]}]},{"@type":"ImageObject","inLanguage":"fr-FR","@id":"https:\/\/evconexion.com\/?product=charger-dc-evc750150a-t08#primaryimage","url":"https:\/\/evconexion.com\/wp-content\/uploads\/2025\/10\/00-240kw.375-scaled.png","contentUrl":"https:\/\/evconexion.com\/wp-content\/uploads\/2025\/10\/00-240kw.375-scaled.png","width":2560,"height":2212},{"@type":"BreadcrumbList","@id":"https:\/\/evconexion.com\/?product=charger-dc-evc750150a-t08#breadcrumb","itemListElement":[{"@type":"ListItem","position":1,"name":"Accueil","item":"https:\/\/evconexion.com\/"},{"@type":"ListItem","position":2,"name":"Boutique","item":"https:\/\/evconexion.com\/?page_id=47"},{"@type":"ListItem","position":3,"name":"EVC Ultra DC"}]},{"@type":"WebSite","@id":"https:\/\/evconexion.com\/#website","url":"https:\/\/evconexion.com\/","name":"EV CONNEXION: BORNE DE CHARGE ELECTRIQUE","description":"EV CONNEXION BORNE DE CHARGE VEHICULE ELECTRIQUE","publisher":{"@id":"https:\/\/evconexion.com\/#organization"},"potentialAction":[{"@type":"SearchAction","target":{"@type":"EntryPoint","urlTemplate":"https:\/\/evconexion.com\/?s={search_term_string}"},"query-input":{"@type":"PropertyValueSpecification","valueRequired":true,"valueName":"search_term_string"}}],"inLanguage":"fr-FR"},{"@type":"Organization","@id":"https:\/\/evconexion.com\/#organization","name":"EV CONNEXION: BORNE DE CHARGE ELECTRIQUE","url":"https:\/\/evconexion.com\/","logo":{"@type":"ImageObject","inLanguage":"fr-FR","@id":"https:\/\/evconexion.com\/#\/schema\/logo\/image\/","url":"https:\/\/evconexion.com\/wp-content\/uploads\/2023\/10\/EVT.gif","contentUrl":"https:\/\/evconexion.com\/wp-content\/uploads\/2023\/10\/EVT.gif","width":500,"height":500,"caption":"EV CONNEXION: BORNE DE CHARGE ELECTRIQUE"},"image":{"@id":"https:\/\/evconexion.com\/#\/schema\/logo\/image\/"}}]}},"_links":{"self":[{"href":"https:\/\/evconexion.com\/index.php?rest_route=\/wp\/v2\/product\/3004","targetHints":{"allow":["GET"]}}],"collection":[{"href":"https:\/\/evconexion.com\/index.php?rest_route=\/wp\/v2\/product"}],"about":[{"href":"https:\/\/evconexion.com\/index.php?rest_route=\/wp\/v2\/types\/product"}],"replies":[{"embeddable":true,"href":"https:\/\/evconexion.com\/index.php?rest_route=%2Fwp%2Fv2%2Fcomments&post=3004"}],"version-history":[{"count":0,"href":"https:\/\/evconexion.com\/index.php?rest_route=\/wp\/v2\/product\/3004\/revisions"}],"wp:featuredmedia":[{"embeddable":true,"href":"https:\/\/evconexion.com\/index.php?rest_route=\/wp\/v2\/media\/7597"}],"wp:attachment":[{"href":"https:\/\/evconexion.com\/index.php?rest_route=%2Fwp%2Fv2%2Fmedia&parent=3004"}],"wp:term":[{"taxonomy":"product_brand","embeddable":true,"href":"https:\/\/evconexion.com\/index.php?rest_route=%2Fwp%2Fv2%2Fproduct_brand&post=3004"},{"taxonomy":"product_cat","embeddable":true,"href":"https:\/\/evconexion.com\/index.php?rest_route=%2Fwp%2Fv2%2Fproduct_cat&post=3004"},{"taxonomy":"product_tag","embeddable":true,"href":"https:\/\/evconexion.com\/index.php?rest_route=%2Fwp%2Fv2%2Fproduct_tag&post=3004"}],"curies":[{"name":"wp","href":"https:\/\/api.w.org\/{rel}","templated":true}]}}