{"id":3035,"date":"2024-02-25T17:34:26","date_gmt":"2024-02-25T16:34:26","guid":{"rendered":"https:\/\/evconexion.com\/?post_type=product&#038;p=3035"},"modified":"2026-02-25T13:27:00","modified_gmt":"2026-02-25T12:27:00","slug":"pub-ac-charger-iocap25c","status":"publish","type":"product","link":"https:\/\/evconexion.com\/?product=pub-ac-charger-iocap25c","title":{"rendered":"Volta-e Totem Digital AC\/DC 55&#8243;"},"content":{"rendered":"<section class=\"elementor-section elementor-top-section elementor-element elementor-element-b7ea74d elementor-section-boxed elementor-section-height-default elementor-section-height-default\" data-id=\"b7ea74d\" data-element_type=\"section\">\n<div class=\"elementor-container elementor-column-gap-default\">\n<div class=\"elementor-column elementor-col-100 elementor-top-column elementor-element elementor-element-7907652\" data-id=\"7907652\" data-element_type=\"column\">\n<div class=\"elementor-widget-wrap elementor-element-populated\">\n<div class=\"elementor-element elementor-element-a224ce1 elementor-widget elementor-widget-text-editor\" data-id=\"a224ce1\" data-element_type=\"widget\" data-widget_type=\"text-editor.default\">\n<div class=\"elementor-widget-container\">\n<section class=\"elementor-section elementor-top-section elementor-element elementor-element-00e90a8 elementor-section-boxed elementor-section-height-default elementor-section-height-default\" data-id=\"00e90a8\" data-element_type=\"section\">\n<div class=\"elementor-container elementor-column-gap-default\">\n<div class=\"elementor-column elementor-col-100 elementor-top-column elementor-element elementor-element-b7cfd57\" data-id=\"b7cfd57\" data-element_type=\"column\">\n<div class=\"elementor-widget-wrap elementor-element-populated\">\n<div class=\"elementor-element elementor-element-c2e8bae elementor-widget elementor-widget-text-editor\" data-id=\"c2e8bae\" data-element_type=\"widget\" data-widget_type=\"text-editor.default\">\n<div class=\"elementor-widget-container\">\n<section class=\"elementor-section elementor-top-section elementor-element elementor-element-a293c89 elementor-section-boxed elementor-section-height-default elementor-section-height-default\" data-id=\"a293c89\" data-element_type=\"section\">\n<div class=\"elementor-container elementor-column-gap-default\">\n<div class=\"elementor-column elementor-col-100 elementor-top-column elementor-element elementor-element-186a873\" data-id=\"186a873\" data-element_type=\"column\">\n<div class=\"elementor-widget-wrap elementor-element-populated\">\n<div class=\"elementor-element elementor-element-bc78920 elementor-widget elementor-widget-text-editor\" data-id=\"bc78920\" data-element_type=\"widget\" data-widget_type=\"text-editor.default\">\n<div class=\"elementor-widget-container\">\n<p><strong>Partenaire publicitaire id\u00e9al<\/strong><\/p>\n<p>Avec un \u00e9cran LED de 55&#8242; 1080P d&#8217;une luminosit\u00e9 de 2500 nits et une protection IP66, Volta Totem 55&#8243; est le partenaire id\u00e9al des chargeurs de VE pour la publicit\u00e9 et la recharge des VE, en particulier dans les applications commerciales telles que les centres commerciaux, les cha\u00eenes de magasins, les parkings \u00e0 grande \u00e9chelle, etc.<\/p>\n<div id=\"product-description-short-3777\" class=\"rte-content\">\n<h4><b>Performances des panneaux publicitaires digitaux EV CONEXION<\/b><\/h4>\n<ul>\n<li>Dur\u00e9e de la campagne : 7 jours<\/li>\n<li>Formats des panneaux : 2 m2<\/li>\n<li>Nombre de faces : 191<\/li>\n<li>Nombre de spots : 25 200<\/li>\n<\/ul>\n<\/div>\n<\/div>\n<\/div>\n<\/div>\n<\/div>\n<\/div>\n<\/section>\n<section class=\"elementor-section elementor-top-section elementor-element elementor-element-942e1ab elementor-section-boxed elementor-section-height-default elementor-section-height-default\" data-id=\"942e1ab\" data-element_type=\"section\">\n<div class=\"elementor-container elementor-column-gap-default\">\n<div class=\"elementor-column elementor-col-50 elementor-top-column elementor-element elementor-element-c9112d8\" data-id=\"c9112d8\" data-element_type=\"column\">\n<div class=\"elementor-widget-wrap elementor-element-populated\">\n<div class=\"elementor-element elementor-element-d159d11 elementor-widget elementor-widget-text-editor\" data-id=\"d159d11\" data-element_type=\"widget\" data-widget_type=\"text-editor.default\">\n<div class=\"elementor-widget-container\">\n<p><strong>Caract\u00e9ristiques principales Du Chargeur VE :<\/strong><\/p>\n<p>\u25cf \u00c9cran LED de 55&#8242; pour une excellente exp\u00e9rience<br \/>\n\u25cf 1 phase 2\u00d77kW &amp; 3 phases 2\u00d722kW, 44KW, 60KW, 120KW, 160KW, 180KW disponibles<br \/>\n\u25cf 2\u00d7RCCB Type B, DC\u00a0 CCS<br \/>\n\u25cf 2\u00d7MID m\u00e8tre<br \/>\n\u25cf 2\u00d740kV SPD<br \/>\n\u25cf Commutation intelligente Ethernet, cellulaire, WLAN<br \/>\n\u25cf Authentification de l&#8217;utilisateur via l&#8217;identification par radiofr\u00e9quence ou l&#8217;application mobile.<\/p>\n<p>&nbsp;<\/p>\n<\/div>\n<\/div>\n<\/div>\n<\/div>\n<div class=\"elementor-column elementor-col-50 elementor-top-column elementor-element elementor-element-8b79c92\" data-id=\"8b79c92\" data-element_type=\"column\">\n<div class=\"elementor-widget-wrap elementor-element-populated\">\n<div class=\"elementor-element elementor-element-5257be1 elementor-widget elementor-widget-image\" data-id=\"5257be1\" data-element_type=\"widget\" data-widget_type=\"image.default\">\n<div class=\"elementor-widget-container\"><img  alt=\"Looking ahead:Shell Recharge EV charging stations across Europe - Lightning surge test equipment\" \/ class=\"lws-optimize-lazyload\" data-src=\"https:\/\/www.luxmanenergy.com\/wp-content\/uploads\/2025\/02\/image-24.png\"><\/div>\n<div>\n<p>&nbsp;<\/p>\n<p><strong>Affichage des publicit\u00e9s<\/strong><\/p>\n<p>Avec un \u00e9cran LED 1080P de 55&#8242; qui a une haute luminosit\u00e9 de 2500 nits, et aussi deux haut-parleurs, Volta-e Totem Digital peut prendre en charge les types de publicit\u00e9 image, texte et vid\u00e9o. La protection IP66 permet une utilisation par tous les temps, quel que soit l&#8217;endroit o\u00f9 vous souhaitez l&#8217;installer pour la publicit\u00e9 et la recharge des v\u00e9hicules \u00e9lectriques.<\/p>\n<p>&nbsp;<\/p>\n<\/div>\n<\/div>\n<\/div>\n<\/div>\n<\/div>\n<\/section>\n<section class=\"elementor-section elementor-top-section elementor-element elementor-element-9603aec elementor-section-boxed elementor-section-height-default elementor-section-height-default\" data-id=\"9603aec\" data-element_type=\"section\">\n<div class=\"elementor-container elementor-column-gap-default\">\n<div class=\"elementor-column elementor-col-50 elementor-top-column elementor-element elementor-element-eee12a2\" data-id=\"eee12a2\" data-element_type=\"column\">\n<div class=\"elementor-widget-wrap elementor-element-populated\">\n<div class=\"elementor-element elementor-element-6a87b62 elementor-widget elementor-widget-image\" data-id=\"6a87b62\" data-element_type=\"widget\" data-widget_type=\"image.default\">\n<div class=\"elementor-widget-container\"><img  alt=\"Looking ahead: Shell Recharge EV charging stations across Europe\" \/ class=\"lws-optimize-lazyload\" data-src=\"https:\/\/www.luxmanenergy.com\/wp-content\/uploads\/2025\/02\/image-23.png\"><\/div>\n<\/div>\n<\/div>\n<\/div>\n<div class=\"elementor-column elementor-col-50 elementor-top-column elementor-element elementor-element-5b864db\" data-id=\"5b864db\" data-element_type=\"column\">\n<div class=\"elementor-widget-wrap elementor-element-populated\">\n<div class=\"elementor-element elementor-element-4788f4e elementor-widget elementor-widget-text-editor\" data-id=\"4788f4e\" data-element_type=\"widget\" data-widget_type=\"text-editor.default\">\n<div class=\"elementor-widget-container\">\n<p>&nbsp;<\/p>\n<\/div>\n<\/div>\n<\/div>\n<\/div>\n<\/div>\n<\/section>\n<section class=\"elementor-section elementor-top-section elementor-element elementor-element-67a4712 elementor-section-boxed elementor-section-height-default elementor-section-height-default\" data-id=\"67a4712\" data-element_type=\"section\">\n<div class=\"elementor-container elementor-column-gap-default\">\n<div class=\"elementor-column elementor-col-50 elementor-top-column elementor-element elementor-element-351a9a2\" data-id=\"351a9a2\" data-element_type=\"column\">\n<div class=\"elementor-widget-wrap elementor-element-populated\">\n<div class=\"elementor-element elementor-element-7ee3b45 elementor-widget elementor-widget-text-editor\" data-id=\"7ee3b45\" data-element_type=\"widget\" data-widget_type=\"text-editor.default\">\n<div class=\"elementor-widget-container\">\n<p><strong>Chargement simultan\u00e9 de deux voitures<\/strong><\/p>\n<p>La conception de l&#8217;entr\u00e9e d&#8217;alimentation ind\u00e9pendante permet \u00e0 Volta-e Totem Digital de charger 2 VE en m\u00eame temps sans interf\u00e9rence avec une sortie maximale de 22kW, 44kw, 60kw, 120kw, 160kw, 180kw pour chaque connecteur de charge. L&#8217;\u00e9tat de charge de chaque VE peut \u00e9galement \u00eatre affich\u00e9 clairement sur l&#8217;\u00e9cran LED.<\/p>\n<p>&nbsp;<\/p>\n<\/div>\n<\/div>\n<\/div>\n<\/div>\n<div class=\"elementor-column elementor-col-50 elementor-top-column elementor-element elementor-element-0935c28\" data-id=\"0935c28\" data-element_type=\"column\">\n<div class=\"elementor-widget-wrap elementor-element-populated\">\n<div class=\"elementor-element elementor-element-c396476 elementor-widget elementor-widget-image\" data-id=\"c396476\" data-element_type=\"widget\" data-widget_type=\"image.default\">\n<div class=\"elementor-widget-container\"><\/div>\n<div>\n<p>&nbsp;<\/p>\n<p><strong>\u00c9quilibrage dynamique de la charge<\/strong><\/p>\n<p>La solution avanc\u00e9e d&#8217;\u00e9quilibrage de charge de EV CONEXION permet au EVCAP25C d&#8217;\u00eatre facilement mis en r\u00e9seau avec d&#8217;autres mod\u00e8les de chargeurs de VE de EV CONEXION au niveau de l&#8217;application de charge, m\u00eame si vous utilisez un syst\u00e8me d&#8217;alimentation hybride comprenant un panneau solaire et une batterie de stockage. Le contr\u00f4le de la puissance en temps r\u00e9el et la gestion intelligente de la charge entre les chargeurs de v\u00e9hicules \u00e9lectriques permettent au propri\u00e9taire de s&#8217;affranchir des probl\u00e8mes de surcharge.<\/p>\n<\/div>\n<\/div>\n<\/div>\n<\/div>\n<\/div>\n<\/section>\n<section class=\"elementor-section elementor-top-section elementor-element elementor-element-58c5698 elementor-section-boxed elementor-section-height-default elementor-section-height-default\" data-id=\"58c5698\" data-element_type=\"section\">\n<div class=\"elementor-container elementor-column-gap-default\">\n<div class=\"elementor-column elementor-col-50 elementor-top-column elementor-element elementor-element-49aa57d\" data-id=\"49aa57d\" data-element_type=\"column\">\n<div class=\"elementor-widget-wrap elementor-element-populated\">\n<div class=\"elementor-element elementor-element-4c21c78 elementor-widget elementor-widget-text-editor\" data-id=\"4c21c78\" data-element_type=\"widget\" data-widget_type=\"text-editor.default\">\n<div class=\"elementor-widget-container\">\n<p>&nbsp;<\/p>\n<\/div>\n<\/div>\n<\/div>\n<\/div>\n<\/div>\n<\/section>\n<\/div>\n<\/div>\n<\/div>\n<\/div>\n<\/div>\n<\/section>\n<\/div>\n<\/div>\n<\/div>\n<\/div>\n<\/div>\n<\/section>\n","protected":false},"excerpt":{"rendered":"<h4 class=\"product_title entry-title\">Borne de recharge pour v\u00e9hicules \u00e9lectriques OCPP 1.6J OCPP 2.0.1 de 2x22kW , 2x60KW, 2x120KW, 2x160KW, 2x180KW avec \u00e9cran publicitaire 55&#8243;<\/h4>\n<div class=\"woocommerce-product-details__short-description\">\n<div class=\"pro_main_text clearfix\">\n<div class=\"pro_main_text clearfix\">\n<div class=\"pro_main_text clearfix\">\n<div><span dir=\"auto\">Cette borne de recharge\u00a0 2 en 1 avec grand \u00e9cran publicitaire 55&#8243; IPS\u00a0 <\/span><span dir=\"auto\">HDV 2500cd\/m\u00b2<\/span><span dir=\"auto\">\u00a0est con\u00e7ue pour un usage commercial.<\/span><span style=\"color: #333333; font-family: Times New Roman;\">\u00a0<\/span><\/div>\n<div><span dir=\"auto\">Il dispose d&#8217;un compteur d&#8217;\u00e9nergie certifi\u00e9 MID et d&#8217;une protection contre les fuites de type A+DC 6mA.<\/span><\/div>\n<div><span dir=\"auto\">Le chargeur dispose de deux sorties qui permettent de charger deux voitures \u00e9lectriques en m\u00eame temps.<\/span><\/div>\n<div><\/div>\n<div><span dir=\"auto\">Caract\u00e9ristiques principales :<\/span><\/div>\n<div><span dir=\"auto\">Puissance : 2*22kW, 60kw, 120kw, 180kw<\/span><\/div>\n<div><span dir=\"auto\">Courant de sortie : 2*32A triphas\u00e9<\/span><\/div>\n<div><span dir=\"auto\">Prise de charge\u00a0: c\u00e2ble de 5\u00a0m avec pistolet de type\u00a02 (personnalisable)<\/span><\/div>\n<div><span dir=\"auto\">Fonction RFID, WIFI\/4G\/Ethernet (en option)<\/span><\/div>\n<div><span dir=\"auto\">Protection :\u00a0\u00a0<\/span><span dir=\"auto\">Ext\u00e9rieur<\/span><span dir=\"auto\">\u00a0IP65, IK10<\/span><span style=\"color: #333333; font-family: Times New Roman;\">\u00a0<\/span><\/div>\n<div><span dir=\"auto\">Garantie : 2 ans<\/span><\/div>\n<p>L&#8217;assistant fiable pour l&#8217;exploitation des points de charge.<\/p>\n<\/div>\n<ul class=\"clearfix\">\n<li>Puissance d&#8217;entr\u00e9e : 1-phase 230V\u00b120% ; 3-phase 400V\u00b120%<\/li>\n<li>Puissance de sortie : Monophas\u00e9 2 x 7kW 32A ; triphas\u00e9 2 x 22kW 32A<\/li>\n<li>RCD interne : 2 x RCCB de type B<\/li>\n<li>\u00c9cran : 55&#8243; LCD<\/li>\n<li>Compteur : 2 x MID m\u00e8tre<\/li>\n<li>Interface r\u00e9seau : Ethernet, WLAN, connexion internet intelligente Celluar<\/li>\n<li>OCPP : Prise en charge compl\u00e8te d&#8217;OCPP 1.6J\/ OCPP 2.0.1<\/li>\n<li>ISO15118 Plug&amp;Charge : \u00e9volutif<\/li>\n<li>Protection contre les infiltrations : IP66<\/li>\n<li>Interface de chargement : Prise de type 2, DC CCS Combo<\/li>\n<li>Type de montage : Sol<\/li>\n<\/ul>\n<\/div>\n<\/div>\n<\/div>\n","protected":false},"featured_media":7551,"comment_status":"open","ping_status":"closed","template":"","meta":{"_seopress_robots_primary_cat":"none","_seopress_titles_title":"","_seopress_titles_desc":"Volta Totem avec son \u00e9cran LED de 55' 1080P d'une luminosit\u00e9 de 2500 nits et une protection IP66, l'EVCAP25C est le partenaire id\u00e9al des chargeurs de VE pour la publicit\u00e9 et la recharge des VE, en particulier dans les applications commerciales telles que les centres commerciaux, les cha\u00eenes de magasins, les parkings \u00e0 grande \u00e9chelle, etc","_seopress_robots_index":"","_sitemap_exclude":false,"_sitemap_priority":"","_sitemap_frequency":"","_monsterinsights_skip_tracking":false,"_monsterinsights_sitenote_active":false,"_monsterinsights_sitenote_note":"","_monsterinsights_sitenote_category":0},"product_brand":[],"product_cat":[110],"product_tag":[],"class_list":{"0":"post-3035","1":"product","2":"type-product","3":"status-publish","4":"has-post-thumbnail","6":"product_cat-borne-de-recharge-acdc","8":"first","9":"instock","10":"taxable","11":"shipping-taxable","12":"purchasable","13":"product-type-variable"},"aioseo_notices":[],"yoast_head":"<!-- This site is optimized with the Yoast SEO plugin v27.4 - https:\/\/yoast.com\/product\/yoast-seo-wordpress\/ -->\n<title>Volta-e Totem Digital AC\/DC 55&quot; - EV CONNEXION: BORNE DE CHARGE ELECTRIQUE<\/title>\n<meta name=\"description\" content=\"Volta Totem avec son \u00e9cran LED de 55&#039; 1080P d&#039;une luminosit\u00e9 de 2500 nits et une protection IP66, l&#039;EVCAP25C est le partenaire id\u00e9al des chargeurs\" \/>\n<meta name=\"robots\" content=\"index, follow, max-snippet:-1, max-image-preview:large, max-video-preview:-1\" \/>\n<link rel=\"canonical\" href=\"https:\/\/evconexion.com\/?product=pub-ac-charger-iocap25c\" \/>\n<meta property=\"og:locale\" content=\"fr_FR\" \/>\n<meta property=\"og:type\" content=\"article\" \/>\n<meta property=\"og:title\" content=\"Volta-e Totem Digital AC\/DC 55&quot; - EV CONNEXION: BORNE DE CHARGE ELECTRIQUE\" \/>\n<meta property=\"og:description\" content=\"Volta Totem avec son \u00e9cran LED de 55&#039; 1080P d&#039;une luminosit\u00e9 de 2500 nits et une protection IP66, l&#039;EVCAP25C est le partenaire id\u00e9al des chargeurs\" \/>\n<meta property=\"og:url\" content=\"https:\/\/evconexion.com\/?product=pub-ac-charger-iocap25c\" \/>\n<meta property=\"og:site_name\" content=\"EV CONNEXION: BORNE DE CHARGE ELECTRIQUE\" \/>\n<meta property=\"article:modified_time\" content=\"2026-02-25T12:27:00+00:00\" \/>\n<meta property=\"og:image\" content=\"https:\/\/evconexion.com\/wp-content\/uploads\/2024\/02\/1_750.jpg\" \/>\n\t<meta property=\"og:image:width\" content=\"266\" \/>\n\t<meta property=\"og:image:height\" content=\"371\" \/>\n\t<meta property=\"og:image:type\" content=\"image\/jpeg\" \/>\n<meta name=\"twitter:card\" content=\"summary_large_image\" \/>\n<meta name=\"twitter:label1\" content=\"Dur\u00e9e de lecture estim\u00e9e\" \/>\n\t<meta name=\"twitter:data1\" content=\"3 minutes\" \/>\n<script type=\"application\/ld+json\" class=\"yoast-schema-graph\">{\"@context\":\"https:\\\/\\\/schema.org\",\"@graph\":[{\"@type\":\"WebPage\",\"@id\":\"https:\\\/\\\/evconexion.com\\\/?product=pub-ac-charger-iocap25c\",\"url\":\"https:\\\/\\\/evconexion.com\\\/?product=pub-ac-charger-iocap25c\",\"name\":\"Volta-e Totem Digital AC\\\/DC 55\\\" - EV CONNEXION: BORNE DE CHARGE ELECTRIQUE\",\"isPartOf\":{\"@id\":\"https:\\\/\\\/evconexion.com\\\/#website\"},\"primaryImageOfPage\":{\"@id\":\"https:\\\/\\\/evconexion.com\\\/?product=pub-ac-charger-iocap25c#primaryimage\"},\"image\":{\"@id\":\"https:\\\/\\\/evconexion.com\\\/?product=pub-ac-charger-iocap25c#primaryimage\"},\"thumbnailUrl\":\"https:\\\/\\\/evconexion.com\\\/wp-content\\\/uploads\\\/2024\\\/02\\\/1_750.jpg\",\"datePublished\":\"2024-02-25T16:34:26+00:00\",\"dateModified\":\"2026-02-25T12:27:00+00:00\",\"description\":\"Volta Totem avec son \u00e9cran LED de 55' 1080P d'une luminosit\u00e9 de 2500 nits et une protection IP66, l'EVCAP25C est le partenaire id\u00e9al des chargeurs de VE pour la publicit\u00e9 et la recharge des VE, en particulier dans les applications commerciales telles que les centres commerciaux, les cha\u00eenes de magasins, les parkings \u00e0 grande \u00e9chelle, etc\",\"breadcrumb\":{\"@id\":\"https:\\\/\\\/evconexion.com\\\/?product=pub-ac-charger-iocap25c#breadcrumb\"},\"inLanguage\":\"fr-FR\",\"potentialAction\":[{\"@type\":\"ReadAction\",\"target\":[\"https:\\\/\\\/evconexion.com\\\/?product=pub-ac-charger-iocap25c\"]}]},{\"@type\":\"ImageObject\",\"inLanguage\":\"fr-FR\",\"@id\":\"https:\\\/\\\/evconexion.com\\\/?product=pub-ac-charger-iocap25c#primaryimage\",\"url\":\"https:\\\/\\\/evconexion.com\\\/wp-content\\\/uploads\\\/2024\\\/02\\\/1_750.jpg\",\"contentUrl\":\"https:\\\/\\\/evconexion.com\\\/wp-content\\\/uploads\\\/2024\\\/02\\\/1_750.jpg\",\"width\":266,\"height\":371},{\"@type\":\"BreadcrumbList\",\"@id\":\"https:\\\/\\\/evconexion.com\\\/?product=pub-ac-charger-iocap25c#breadcrumb\",\"itemListElement\":[{\"@type\":\"ListItem\",\"position\":1,\"name\":\"Accueil\",\"item\":\"https:\\\/\\\/evconexion.com\\\/\"},{\"@type\":\"ListItem\",\"position\":2,\"name\":\"Boutique\",\"item\":\"https:\\\/\\\/evconexion.com\\\/?page_id=47\"},{\"@type\":\"ListItem\",\"position\":3,\"name\":\"Volta-e Totem Digital AC\\\/DC 55&#8243;\"}]},{\"@type\":\"WebSite\",\"@id\":\"https:\\\/\\\/evconexion.com\\\/#website\",\"url\":\"https:\\\/\\\/evconexion.com\\\/\",\"name\":\"EV CONNEXION: BORNE DE CHARGE ELECTRIQUE\",\"description\":\"EV CONNEXION BORNE DE CHARGE VEHICULE ELECTRIQUE\",\"publisher\":{\"@id\":\"https:\\\/\\\/evconexion.com\\\/#organization\"},\"potentialAction\":[{\"@type\":\"SearchAction\",\"target\":{\"@type\":\"EntryPoint\",\"urlTemplate\":\"https:\\\/\\\/evconexion.com\\\/?s={search_term_string}\"},\"query-input\":{\"@type\":\"PropertyValueSpecification\",\"valueRequired\":true,\"valueName\":\"search_term_string\"}}],\"inLanguage\":\"fr-FR\"},{\"@type\":\"Organization\",\"@id\":\"https:\\\/\\\/evconexion.com\\\/#organization\",\"name\":\"EV CONNEXION: BORNE DE CHARGE ELECTRIQUE\",\"url\":\"https:\\\/\\\/evconexion.com\\\/\",\"logo\":{\"@type\":\"ImageObject\",\"inLanguage\":\"fr-FR\",\"@id\":\"https:\\\/\\\/evconexion.com\\\/#\\\/schema\\\/logo\\\/image\\\/\",\"url\":\"https:\\\/\\\/evconexion.com\\\/wp-content\\\/uploads\\\/2023\\\/10\\\/EVT.gif\",\"contentUrl\":\"https:\\\/\\\/evconexion.com\\\/wp-content\\\/uploads\\\/2023\\\/10\\\/EVT.gif\",\"width\":500,\"height\":500,\"caption\":\"EV CONNEXION: BORNE DE CHARGE ELECTRIQUE\"},\"image\":{\"@id\":\"https:\\\/\\\/evconexion.com\\\/#\\\/schema\\\/logo\\\/image\\\/\"}}]}<\/script>\n<!-- \/ Yoast SEO plugin. -->","yoast_head_json":{"title":"Volta-e Totem Digital AC\/DC 55\" - EV CONNEXION: BORNE DE CHARGE ELECTRIQUE","description":"Volta Totem avec son \u00e9cran LED de 55' 1080P d'une luminosit\u00e9 de 2500 nits et une protection IP66, l'EVCAP25C est le partenaire id\u00e9al des chargeurs","robots":{"index":"index","follow":"follow","max-snippet":"max-snippet:-1","max-image-preview":"max-image-preview:large","max-video-preview":"max-video-preview:-1"},"canonical":"https:\/\/evconexion.com\/?product=pub-ac-charger-iocap25c","og_locale":"fr_FR","og_type":"article","og_title":"Volta-e Totem Digital AC\/DC 55\" - EV CONNEXION: BORNE DE CHARGE ELECTRIQUE","og_description":"Volta Totem avec son \u00e9cran LED de 55' 1080P d'une luminosit\u00e9 de 2500 nits et une protection IP66, l'EVCAP25C est le partenaire id\u00e9al des chargeurs","og_url":"https:\/\/evconexion.com\/?product=pub-ac-charger-iocap25c","og_site_name":"EV CONNEXION: BORNE DE CHARGE ELECTRIQUE","article_modified_time":"2026-02-25T12:27:00+00:00","og_image":[{"width":266,"height":371,"url":"https:\/\/evconexion.com\/wp-content\/uploads\/2024\/02\/1_750.jpg","type":"image\/jpeg"}],"twitter_card":"summary_large_image","twitter_misc":{"Dur\u00e9e de lecture estim\u00e9e":"3 minutes"},"schema":{"@context":"https:\/\/schema.org","@graph":[{"@type":"WebPage","@id":"https:\/\/evconexion.com\/?product=pub-ac-charger-iocap25c","url":"https:\/\/evconexion.com\/?product=pub-ac-charger-iocap25c","name":"Volta-e Totem Digital AC\/DC 55\" - EV CONNEXION: BORNE DE CHARGE ELECTRIQUE","isPartOf":{"@id":"https:\/\/evconexion.com\/#website"},"primaryImageOfPage":{"@id":"https:\/\/evconexion.com\/?product=pub-ac-charger-iocap25c#primaryimage"},"image":{"@id":"https:\/\/evconexion.com\/?product=pub-ac-charger-iocap25c#primaryimage"},"thumbnailUrl":"https:\/\/evconexion.com\/wp-content\/uploads\/2024\/02\/1_750.jpg","datePublished":"2024-02-25T16:34:26+00:00","dateModified":"2026-02-25T12:27:00+00:00","description":"Volta Totem avec son \u00e9cran LED de 55' 1080P d'une luminosit\u00e9 de 2500 nits et une protection IP66, l'EVCAP25C est le partenaire id\u00e9al des chargeurs de VE pour la publicit\u00e9 et la recharge des VE, en particulier dans les applications commerciales telles que les centres commerciaux, les cha\u00eenes de magasins, les parkings \u00e0 grande \u00e9chelle, etc","breadcrumb":{"@id":"https:\/\/evconexion.com\/?product=pub-ac-charger-iocap25c#breadcrumb"},"inLanguage":"fr-FR","potentialAction":[{"@type":"ReadAction","target":["https:\/\/evconexion.com\/?product=pub-ac-charger-iocap25c"]}]},{"@type":"ImageObject","inLanguage":"fr-FR","@id":"https:\/\/evconexion.com\/?product=pub-ac-charger-iocap25c#primaryimage","url":"https:\/\/evconexion.com\/wp-content\/uploads\/2024\/02\/1_750.jpg","contentUrl":"https:\/\/evconexion.com\/wp-content\/uploads\/2024\/02\/1_750.jpg","width":266,"height":371},{"@type":"BreadcrumbList","@id":"https:\/\/evconexion.com\/?product=pub-ac-charger-iocap25c#breadcrumb","itemListElement":[{"@type":"ListItem","position":1,"name":"Accueil","item":"https:\/\/evconexion.com\/"},{"@type":"ListItem","position":2,"name":"Boutique","item":"https:\/\/evconexion.com\/?page_id=47"},{"@type":"ListItem","position":3,"name":"Volta-e Totem Digital AC\/DC 55&#8243;"}]},{"@type":"WebSite","@id":"https:\/\/evconexion.com\/#website","url":"https:\/\/evconexion.com\/","name":"EV CONNEXION: BORNE DE CHARGE ELECTRIQUE","description":"EV CONNEXION BORNE DE CHARGE VEHICULE ELECTRIQUE","publisher":{"@id":"https:\/\/evconexion.com\/#organization"},"potentialAction":[{"@type":"SearchAction","target":{"@type":"EntryPoint","urlTemplate":"https:\/\/evconexion.com\/?s={search_term_string}"},"query-input":{"@type":"PropertyValueSpecification","valueRequired":true,"valueName":"search_term_string"}}],"inLanguage":"fr-FR"},{"@type":"Organization","@id":"https:\/\/evconexion.com\/#organization","name":"EV CONNEXION: BORNE DE CHARGE ELECTRIQUE","url":"https:\/\/evconexion.com\/","logo":{"@type":"ImageObject","inLanguage":"fr-FR","@id":"https:\/\/evconexion.com\/#\/schema\/logo\/image\/","url":"https:\/\/evconexion.com\/wp-content\/uploads\/2023\/10\/EVT.gif","contentUrl":"https:\/\/evconexion.com\/wp-content\/uploads\/2023\/10\/EVT.gif","width":500,"height":500,"caption":"EV CONNEXION: BORNE DE CHARGE ELECTRIQUE"},"image":{"@id":"https:\/\/evconexion.com\/#\/schema\/logo\/image\/"}}]}},"_links":{"self":[{"href":"https:\/\/evconexion.com\/index.php?rest_route=\/wp\/v2\/product\/3035","targetHints":{"allow":["GET"]}}],"collection":[{"href":"https:\/\/evconexion.com\/index.php?rest_route=\/wp\/v2\/product"}],"about":[{"href":"https:\/\/evconexion.com\/index.php?rest_route=\/wp\/v2\/types\/product"}],"replies":[{"embeddable":true,"href":"https:\/\/evconexion.com\/index.php?rest_route=%2Fwp%2Fv2%2Fcomments&post=3035"}],"version-history":[{"count":0,"href":"https:\/\/evconexion.com\/index.php?rest_route=\/wp\/v2\/product\/3035\/revisions"}],"wp:featuredmedia":[{"embeddable":true,"href":"https:\/\/evconexion.com\/index.php?rest_route=\/wp\/v2\/media\/7551"}],"wp:attachment":[{"href":"https:\/\/evconexion.com\/index.php?rest_route=%2Fwp%2Fv2%2Fmedia&parent=3035"}],"wp:term":[{"taxonomy":"product_brand","embeddable":true,"href":"https:\/\/evconexion.com\/index.php?rest_route=%2Fwp%2Fv2%2Fproduct_brand&post=3035"},{"taxonomy":"product_cat","embeddable":true,"href":"https:\/\/evconexion.com\/index.php?rest_route=%2Fwp%2Fv2%2Fproduct_cat&post=3035"},{"taxonomy":"product_tag","embeddable":true,"href":"https:\/\/evconexion.com\/index.php?rest_route=%2Fwp%2Fv2%2Fproduct_tag&post=3035"}],"curies":[{"name":"wp","href":"https:\/\/api.w.org\/{rel}","templated":true}]}}