{"id":3798,"date":"2024-05-15T16:40:03","date_gmt":"2024-05-15T15:40:03","guid":{"rendered":"https:\/\/evconexion.com\/?post_type=product&#038;p=3798"},"modified":"2025-10-05T00:03:16","modified_gmt":"2025-10-04T23:03:16","slug":"pub-dc-charger-pub-evc060ny2","status":"publish","type":"product","link":"https:\/\/evconexion.com\/?product=pub-dc-charger-pub-evc060ny2","title":{"rendered":"EVC Ultra DC+"},"content":{"rendered":"<section class=\"elementor-section elementor-top-section elementor-element elementor-element-b7ea74d elementor-section-boxed elementor-section-height-default elementor-section-height-default\" data-id=\"b7ea74d\" data-element_type=\"section\">\n<div class=\"elementor-container elementor-column-gap-default\">\n<div class=\"elementor-column elementor-col-100 elementor-top-column elementor-element elementor-element-7907652\" data-id=\"7907652\" data-element_type=\"column\">\n<div class=\"elementor-widget-wrap elementor-element-populated\">\n<div class=\"elementor-element elementor-element-a224ce1 elementor-widget elementor-widget-text-editor\" data-id=\"a224ce1\" data-element_type=\"widget\" data-widget_type=\"text-editor.default\">\n<div class=\"elementor-widget-container\">\n<section class=\"elementor-section elementor-top-section elementor-element elementor-element-00e90a8 elementor-section-boxed elementor-section-height-default elementor-section-height-default\" data-id=\"00e90a8\" data-element_type=\"section\">\n<div class=\"elementor-container elementor-column-gap-default\">\n<div class=\"elementor-column elementor-col-100 elementor-top-column elementor-element elementor-element-b7cfd57\" data-id=\"b7cfd57\" data-element_type=\"column\">\n<div class=\"elementor-widget-wrap elementor-element-populated\">\n<div class=\"elementor-element elementor-element-c2e8bae elementor-widget elementor-widget-text-editor\" data-id=\"c2e8bae\" data-element_type=\"widget\" data-widget_type=\"text-editor.default\">\n<div class=\"elementor-widget-container\">\n<section class=\"elementor-section elementor-top-section elementor-element elementor-element-a293c89 elementor-section-boxed elementor-section-height-default elementor-section-height-default\" data-id=\"a293c89\" data-element_type=\"section\">\n<div class=\"elementor-container elementor-column-gap-default\">\n<div class=\"elementor-column elementor-col-100 elementor-top-column elementor-element elementor-element-186a873\" data-id=\"186a873\" data-element_type=\"column\">\n<div class=\"elementor-widget-wrap elementor-element-populated\">\n<div class=\"elementor-element elementor-element-bc78920 elementor-widget elementor-widget-text-editor\" data-id=\"bc78920\" data-element_type=\"widget\" data-widget_type=\"text-editor.default\">\n<div class=\"elementor-widget-container\">\n<section class=\"elementor-section elementor-top-section elementor-element elementor-element-57153f0 elementor-section-boxed elementor-section-height-default elementor-section-height-default\" data-id=\"57153f0\" data-element_type=\"section\">\n<div class=\"elementor-container elementor-column-gap-default\">\n<div class=\"elementor-column elementor-col-100 elementor-top-column elementor-element elementor-element-a194ebe\" data-id=\"a194ebe\" data-element_type=\"column\">\n<div class=\"elementor-widget-wrap elementor-element-populated\">\n<div class=\"elementor-element elementor-element-724e766 elementor-widget elementor-widget-text-editor\" data-id=\"724e766\" data-element_type=\"widget\" data-widget_type=\"text-editor.default\">\n<div class=\"elementor-widget-container\">\n<p style=\"text-align: center;\"><strong>\u00a0 \u00a0 \u00a0 \u00a0 \u00a0 \u00a0 \u00a0 EVC Ultra DC+ est le nouveau chargeur CC d&#8217;EV CONEXION. Tout nouveau design pour une exp\u00e9rience de charge rapide.\u00a0<\/strong><\/p>\n<\/div>\n<\/div>\n<\/div>\n<\/div>\n<\/div>\n<\/section>\n<section class=\"elementor-section elementor-top-section elementor-element elementor-element-83d7d0f elementor-section-boxed elementor-section-height-default elementor-section-height-default\" data-id=\"83d7d0f\" data-element_type=\"section\">\n<div class=\"elementor-container elementor-column-gap-default\">\n<div class=\"elementor-column elementor-col-50 elementor-top-column elementor-element elementor-element-7285334\" data-id=\"7285334\" data-element_type=\"column\">\n<div class=\"elementor-widget-wrap elementor-element-populated\">\n<div class=\"elementor-element elementor-element-7deac97 elementor-widget elementor-widget-text-editor\" data-id=\"7deac97\" data-element_type=\"widget\" data-widget_type=\"text-editor.default\">\n<div class=\"elementor-widget-container\">\n<p>&nbsp;<\/p>\n<p><strong>Caract\u00e9ristiques principales:<\/strong><\/p>\n<ul>\n<li><span style=\"vertical-align: inherit;\"><span style=\"vertical-align: inherit;\">De 60 kW \u00e0 240 kW<\/span><\/span><\/li>\n<li>Prise et charge ISO15118 (PnC)<\/li>\n<li>Prise en charge compl\u00e8te des profils OCPP 1.6J et OCPP 2.0.1<\/li>\n<li>Syst\u00e8me de publicit\u00e9 int\u00e9gr\u00e9<\/li>\n<li>Syst\u00e8me de gestion des c\u00e2bles<\/li>\n<li>Syst\u00e8me de t\u00e9l\u00e9maintenance en ligne<\/li>\n<li>Mise \u00e0 jour du micrologiciel via OTA<\/li>\n<\/ul>\n<\/div>\n<\/div>\n<\/div>\n<\/div>\n<\/div>\n<\/section>\n<section class=\"elementor-section elementor-top-section elementor-element elementor-element-c44a971 elementor-section-boxed elementor-section-height-default elementor-section-height-default\" data-id=\"c44a971\" data-element_type=\"section\">\n<div class=\"elementor-container elementor-column-gap-default\">\n<div class=\"elementor-column elementor-col-50 elementor-top-column elementor-element elementor-element-b41e707\" data-id=\"b41e707\" data-element_type=\"column\">\n<div class=\"elementor-widget-wrap elementor-element-populated\">\n<div class=\"elementor-element elementor-element-366be1c elementor-widget elementor-widget-text-editor\" data-id=\"366be1c\" data-element_type=\"widget\" data-widget_type=\"text-editor.default\">\n<div class=\"elementor-widget-container\">\n<p><strong style=\"font-size: 1rem;\">Syst\u00e8me de publicit\u00e9 puissant<\/strong><\/p>\n<\/div>\n<\/div>\n<\/div>\n<\/div>\n<\/div>\n<\/section>\n<section class=\"elementor-section elementor-top-section elementor-element elementor-element-c44a971 elementor-section-boxed elementor-section-height-default elementor-section-height-default\" data-id=\"c44a971\" data-element_type=\"section\">\n<div class=\"elementor-container elementor-column-gap-default\">\n<div class=\"elementor-column elementor-col-50 elementor-top-column elementor-element elementor-element-b41e707\" data-id=\"b41e707\" data-element_type=\"column\">\n<div class=\"elementor-widget-wrap elementor-element-populated\">\n<div class=\"elementor-element elementor-element-366be1c elementor-widget elementor-widget-text-editor\" data-id=\"366be1c\" data-element_type=\"widget\" data-widget_type=\"text-editor.default\">\n<div class=\"elementor-widget-container\">\n<p>Avec l&#8217;\u00e9cran tactile CTP 1080P de 21,5 pouces et notre syst\u00e8me publicitaire avanc\u00e9, les u<span style=\"font-size: 1rem;\">tilisateurs peuvent profiter de mani\u00e8re transparente du con<\/span><span style=\"font-size: 1rem;\">tenu publicitaire pendant le chargement. Cette fonctionnalit\u00e9 \u00e0 valeur ajout\u00e9e am\u00e9liore non seulement l&#8217;exp\u00e9rienc<\/span><span style=\"font-size: 1rem;\">e utilisateur, mais offre<\/span><span style=\"font-size: 1rem;\"> \u00e9gal<\/span><span style=\"font-size: 1rem;\">ement aux op\u00e9rateurs la possibilit\u00e9 d&#8217;augmenter leurs revenus en sp\u00e9cifiant et en affichant des publicit\u00e9s sur la borne de recharge rapide DC.<\/span><\/p>\n<p><strong style=\"font-size: 1rem;\">Paiements multiples facultatifs<\/strong><\/p>\n<\/div>\n<\/div>\n<\/div>\n<\/div>\n<\/div>\n<\/section>\n<section class=\"elementor-section elementor-top-section elementor-element elementor-element-7479d51 elementor-section-boxed elementor-section-height-default elementor-section-height-default\" data-id=\"7479d51\" data-element_type=\"section\">\n<div class=\"elementor-container elementor-column-gap-default\">\n<div class=\"elementor-column elementor-col-50 elementor-top-column elementor-element elementor-element-01b3914\" data-id=\"01b3914\" data-element_type=\"column\">\n<div class=\"elementor-widget-wrap elementor-element-populated\">\n<div class=\"elementor-element elementor-element-19e9715 elementor-widget elementor-widget-text-editor\" data-id=\"19e9715\" data-element_type=\"widget\" data-widget_type=\"text-editor.default\">\n<div class=\"elementor-widget-container\">\n<p>La compatibilit\u00e9 d&#8217;EVCNY2 avec une gamme de syst\u00e8mes de point de vente, notamment Nayax, Payter, PAX, Payten, New Land, garantit des options de paiement polyvalentes. La fonction Plug &amp; Charge ISO15118 en option simplifie la recharge des v\u00e9hicules \u00e9lectriques pour les conducteurs, am\u00e9liorant ainsi leur exp\u00e9rience. De plus, les fonctionnalit\u00e9s standard telles que la RFID et l\u2019utilisation d\u2019applications mobiles am\u00e9liorent encore le confort de l\u2019utilisateur.<\/p>\n<\/div>\n<\/div>\n<\/div>\n<\/div>\n<div class=\"elementor-column elementor-col-50 elementor-top-column elementor-element elementor-element-46f16ee\" data-id=\"46f16ee\" data-element_type=\"column\">\n<div class=\"elementor-widget-wrap elementor-element-populated\">\n<div class=\"elementor-element elementor-element-c00efcf elementor-widget elementor-widget-image\" data-id=\"c00efcf\" data-element_type=\"widget\" data-widget_type=\"image.default\"><\/div>\n<\/div>\n<\/div>\n<\/div>\n<\/section>\n<section class=\"elementor-section elementor-top-section elementor-element elementor-element-f676a35 elementor-section-boxed elementor-section-height-default elementor-section-height-default\" data-id=\"f676a35\" data-element_type=\"section\">\n<div class=\"elementor-container elementor-column-gap-default\">\n<div class=\"elementor-column elementor-col-50 elementor-top-column elementor-element elementor-element-7c15c6e\" data-id=\"7c15c6e\" data-element_type=\"column\">\n<div class=\"elementor-widget-wrap elementor-element-populated\">\n<div class=\"elementor-element elementor-element-e722b97 elementor-widget elementor-widget-text-editor\" data-id=\"e722b97\" data-element_type=\"widget\" data-widget_type=\"text-editor.default\">\n<div class=\"elementor-widget-container\">\n<p><strong>Technologie avanc\u00e9e<\/strong><\/p>\n<p>EVC Ultra DC+ est enti\u00e8rement conforme aux normes OCPP 1.6J et OCPP 2.0.1 et prend en charge les fonctionnalit\u00e9s ISO15118 et Plug and Charge (PnC). Gr\u00e2ce \u00e0 la solution d&#8217;\u00e9quilibrage de charge dynamique de EV conexion, il peut ajuster intelligemment la puissance de sortie pour optimiser l&#8217;efficacit\u00e9 de la charge. De plus, son syst\u00e8me de gestion des c\u00e2bles repens\u00e9 garantit une utilisation facile et pratique du c\u00e2ble de charge pour les conducteurs de v\u00e9hicules \u00e9lectriques.<\/p>\n<\/div>\n<\/div>\n<\/div>\n<\/div>\n<\/div>\n<\/section>\n<p>&nbsp;<\/p>\n<\/div>\n<\/div>\n<\/div>\n<\/div>\n<\/div>\n<\/section>\n<section class=\"elementor-section elementor-top-section elementor-element elementor-element-58c5698 elementor-section-boxed elementor-section-height-default elementor-section-height-default\" data-id=\"58c5698\" data-element_type=\"section\">\n<div class=\"elementor-container elementor-column-gap-default\">\n<div class=\"elementor-column elementor-col-50 elementor-top-column elementor-element elementor-element-49aa57d\" data-id=\"49aa57d\" data-element_type=\"column\">\n<div class=\"elementor-widget-wrap elementor-element-populated\">\n<div class=\"elementor-element elementor-element-4c21c78 elementor-widget elementor-widget-text-editor\" data-id=\"4c21c78\" data-element_type=\"widget\" data-widget_type=\"text-editor.default\">\n<div class=\"elementor-widget-container\">\n<p>&nbsp;<\/p>\n<\/div>\n<\/div>\n<\/div>\n<\/div>\n<\/div>\n<\/section>\n<\/div>\n<\/div>\n<\/div>\n<\/div>\n<\/div>\n<\/section>\n<\/div>\n<\/div>\n<\/div>\n<\/div>\n<\/div>\n<\/section>\n","protected":false},"excerpt":{"rendered":"<h4 class=\"product_title entry-title\">Station de recharge pour v\u00e9hicules \u00e9lectriques OCPP 1.6J OCPP 2.0.1 de 60 et 120KW avec \u00e9cran publicitaire 21.5&#8243;<\/h4>\n<div class=\"woocommerce-product-details__short-description\">\n<div class=\"pro_main_text clearfix\">\n<div class=\"pro_main_text clearfix\">\n<div class=\"pro_main_text clearfix\">\n<p>L&#8217;assistant fiable pour l&#8217;exploitation des points de charge.<\/p>\n<\/div>\n<ul class=\"clearfix\">\n<li>De 60 kW \u00e0 240 kW<\/li>\n<li>Prise et charge ISO15118 (PnC)<\/li>\n<li>Prise en charge compl\u00e8te des profils OCPP 1.6J et OCPP 2.0.1<\/li>\n<li>Syst\u00e8me de publicit\u00e9 int\u00e9gr\u00e9<\/li>\n<li>Syst\u00e8me de gestion des c\u00e2bles<\/li>\n<li>Syst\u00e8me de t\u00e9l\u00e9maintenance en ligne<\/li>\n<li>Mise \u00e0 jour du micrologiciel via OTA<\/li>\n<li><\/li>\n<\/ul>\n<\/div>\n<\/div>\n<\/div>\n","protected":false},"featured_media":7592,"comment_status":"open","ping_status":"closed","template":"","meta":{"_seopress_robots_primary_cat":"none","_seopress_titles_title":"","_seopress_titles_desc":"Nous fournissons des solutions \u00e9nerg\u00e9tiques haut de gamme et intelligentes de bout en bout, notamment des bornes de recharge pour v\u00e9hicules \u00e9lectriques AC\/DC certifi\u00e9es CE&UL, des syst\u00e8mes de gestion de stations de recharge (CSMS), des syst\u00e8mes de stockage d\u2019\u00e9nergie (ESS) et des syst\u00e8mes de gestion de l\u2019\u00e9nergie (EMS), avec une conception mat\u00e9rielle et logicielle fiable.","_seopress_robots_index":"","_sitemap_exclude":false,"_sitemap_priority":"","_sitemap_frequency":"","_monsterinsights_skip_tracking":false,"_monsterinsights_sitenote_active":false,"_monsterinsights_sitenote_note":"","_monsterinsights_sitenote_category":0},"product_brand":[],"product_cat":[110,80],"product_tag":[],"class_list":{"0":"post-3798","1":"product","2":"type-product","3":"status-publish","4":"has-post-thumbnail","6":"product_cat-borne-de-recharge-acdc","7":"product_cat-bornes-de-charge","9":"first","10":"instock","11":"taxable","12":"shipping-taxable","13":"purchasable","14":"product-type-variable"},"aioseo_notices":[],"yoast_head":"<!-- This site is optimized with the Yoast SEO plugin v27.4 - https:\/\/yoast.com\/product\/yoast-seo-wordpress\/ -->\n<title>EVC Ultra DC+ - EV CONNEXION: BORNE DE CHARGE ELECTRIQUE<\/title>\n<meta name=\"robots\" content=\"index, follow, max-snippet:-1, max-image-preview:large, max-video-preview:-1\" \/>\n<link rel=\"canonical\" href=\"https:\/\/evconexion.com\/?product=pub-dc-charger-pub-evc060ny2\" \/>\n<meta property=\"og:locale\" content=\"fr_FR\" \/>\n<meta property=\"og:type\" content=\"article\" \/>\n<meta property=\"og:title\" content=\"EVC Ultra DC+ - EV CONNEXION: BORNE DE CHARGE ELECTRIQUE\" \/>\n<meta property=\"og:description\" content=\"Station de recharge pour v\u00e9hicules \u00e9lectriques OCPP 1.6J OCPP 2.0.1 de 60 et 120KW avec \u00e9cran publicitaire 21.5&quot;      L&#039;assistant fiable pour l&#039;exp\" \/>\n<meta property=\"og:url\" content=\"https:\/\/evconexion.com\/?product=pub-dc-charger-pub-evc060ny2\" \/>\n<meta property=\"og:site_name\" content=\"EV CONNEXION: BORNE DE CHARGE ELECTRIQUE\" \/>\n<meta property=\"article:modified_time\" content=\"2025-10-04T23:03:16+00:00\" \/>\n<meta property=\"og:image\" content=\"https:\/\/evconexion.com\/wp-content\/uploads\/2025\/09\/00-240kw.363-scaled.jpg\" \/>\n\t<meta property=\"og:image:width\" content=\"2560\" \/>\n\t<meta property=\"og:image:height\" content=\"2212\" \/>\n\t<meta property=\"og:image:type\" content=\"image\/jpeg\" \/>\n<meta name=\"twitter:card\" content=\"summary_large_image\" \/>\n<meta name=\"twitter:label1\" content=\"Dur\u00e9e de lecture estim\u00e9e\" \/>\n\t<meta name=\"twitter:data1\" content=\"2 minutes\" \/>\n<script type=\"application\/ld+json\" class=\"yoast-schema-graph\">{\"@context\":\"https:\\\/\\\/schema.org\",\"@graph\":[{\"@type\":\"WebPage\",\"@id\":\"https:\\\/\\\/evconexion.com\\\/?product=pub-dc-charger-pub-evc060ny2\",\"url\":\"https:\\\/\\\/evconexion.com\\\/?product=pub-dc-charger-pub-evc060ny2\",\"name\":\"EVC Ultra DC+ - EV CONNEXION: BORNE DE CHARGE ELECTRIQUE\",\"isPartOf\":{\"@id\":\"https:\\\/\\\/evconexion.com\\\/#website\"},\"primaryImageOfPage\":{\"@id\":\"https:\\\/\\\/evconexion.com\\\/?product=pub-dc-charger-pub-evc060ny2#primaryimage\"},\"image\":{\"@id\":\"https:\\\/\\\/evconexion.com\\\/?product=pub-dc-charger-pub-evc060ny2#primaryimage\"},\"thumbnailUrl\":\"https:\\\/\\\/evconexion.com\\\/wp-content\\\/uploads\\\/2025\\\/09\\\/00-240kw.363-scaled.jpg\",\"datePublished\":\"2024-05-15T15:40:03+00:00\",\"dateModified\":\"2025-10-04T23:03:16+00:00\",\"breadcrumb\":{\"@id\":\"https:\\\/\\\/evconexion.com\\\/?product=pub-dc-charger-pub-evc060ny2#breadcrumb\"},\"inLanguage\":\"fr-FR\",\"potentialAction\":[{\"@type\":\"ReadAction\",\"target\":[\"https:\\\/\\\/evconexion.com\\\/?product=pub-dc-charger-pub-evc060ny2\"]}]},{\"@type\":\"ImageObject\",\"inLanguage\":\"fr-FR\",\"@id\":\"https:\\\/\\\/evconexion.com\\\/?product=pub-dc-charger-pub-evc060ny2#primaryimage\",\"url\":\"https:\\\/\\\/evconexion.com\\\/wp-content\\\/uploads\\\/2025\\\/09\\\/00-240kw.363-scaled.jpg\",\"contentUrl\":\"https:\\\/\\\/evconexion.com\\\/wp-content\\\/uploads\\\/2025\\\/09\\\/00-240kw.363-scaled.jpg\",\"width\":2560,\"height\":2212},{\"@type\":\"BreadcrumbList\",\"@id\":\"https:\\\/\\\/evconexion.com\\\/?product=pub-dc-charger-pub-evc060ny2#breadcrumb\",\"itemListElement\":[{\"@type\":\"ListItem\",\"position\":1,\"name\":\"Accueil\",\"item\":\"https:\\\/\\\/evconexion.com\\\/\"},{\"@type\":\"ListItem\",\"position\":2,\"name\":\"Boutique\",\"item\":\"https:\\\/\\\/evconexion.com\\\/?page_id=47\"},{\"@type\":\"ListItem\",\"position\":3,\"name\":\"EVC Ultra DC+\"}]},{\"@type\":\"WebSite\",\"@id\":\"https:\\\/\\\/evconexion.com\\\/#website\",\"url\":\"https:\\\/\\\/evconexion.com\\\/\",\"name\":\"EV CONNEXION: BORNE DE CHARGE ELECTRIQUE\",\"description\":\"EV CONNEXION BORNE DE CHARGE VEHICULE ELECTRIQUE\",\"publisher\":{\"@id\":\"https:\\\/\\\/evconexion.com\\\/#organization\"},\"potentialAction\":[{\"@type\":\"SearchAction\",\"target\":{\"@type\":\"EntryPoint\",\"urlTemplate\":\"https:\\\/\\\/evconexion.com\\\/?s={search_term_string}\"},\"query-input\":{\"@type\":\"PropertyValueSpecification\",\"valueRequired\":true,\"valueName\":\"search_term_string\"}}],\"inLanguage\":\"fr-FR\"},{\"@type\":\"Organization\",\"@id\":\"https:\\\/\\\/evconexion.com\\\/#organization\",\"name\":\"EV CONNEXION: BORNE DE CHARGE ELECTRIQUE\",\"url\":\"https:\\\/\\\/evconexion.com\\\/\",\"logo\":{\"@type\":\"ImageObject\",\"inLanguage\":\"fr-FR\",\"@id\":\"https:\\\/\\\/evconexion.com\\\/#\\\/schema\\\/logo\\\/image\\\/\",\"url\":\"https:\\\/\\\/evconexion.com\\\/wp-content\\\/uploads\\\/2023\\\/10\\\/EVT.gif\",\"contentUrl\":\"https:\\\/\\\/evconexion.com\\\/wp-content\\\/uploads\\\/2023\\\/10\\\/EVT.gif\",\"width\":500,\"height\":500,\"caption\":\"EV CONNEXION: BORNE DE CHARGE ELECTRIQUE\"},\"image\":{\"@id\":\"https:\\\/\\\/evconexion.com\\\/#\\\/schema\\\/logo\\\/image\\\/\"}}]}<\/script>\n<!-- \/ Yoast SEO plugin. -->","yoast_head_json":{"title":"EVC Ultra DC+ - EV CONNEXION: BORNE DE CHARGE ELECTRIQUE","robots":{"index":"index","follow":"follow","max-snippet":"max-snippet:-1","max-image-preview":"max-image-preview:large","max-video-preview":"max-video-preview:-1"},"canonical":"https:\/\/evconexion.com\/?product=pub-dc-charger-pub-evc060ny2","og_locale":"fr_FR","og_type":"article","og_title":"EVC Ultra DC+ - EV CONNEXION: BORNE DE CHARGE ELECTRIQUE","og_description":"Station de recharge pour v\u00e9hicules \u00e9lectriques OCPP 1.6J OCPP 2.0.1 de 60 et 120KW avec \u00e9cran publicitaire 21.5\"      L'assistant fiable pour l'exp","og_url":"https:\/\/evconexion.com\/?product=pub-dc-charger-pub-evc060ny2","og_site_name":"EV CONNEXION: BORNE DE CHARGE ELECTRIQUE","article_modified_time":"2025-10-04T23:03:16+00:00","og_image":[{"width":2560,"height":2212,"url":"https:\/\/evconexion.com\/wp-content\/uploads\/2025\/09\/00-240kw.363-scaled.jpg","type":"image\/jpeg"}],"twitter_card":"summary_large_image","twitter_misc":{"Dur\u00e9e de lecture estim\u00e9e":"2 minutes"},"schema":{"@context":"https:\/\/schema.org","@graph":[{"@type":"WebPage","@id":"https:\/\/evconexion.com\/?product=pub-dc-charger-pub-evc060ny2","url":"https:\/\/evconexion.com\/?product=pub-dc-charger-pub-evc060ny2","name":"EVC Ultra DC+ - EV CONNEXION: BORNE DE CHARGE ELECTRIQUE","isPartOf":{"@id":"https:\/\/evconexion.com\/#website"},"primaryImageOfPage":{"@id":"https:\/\/evconexion.com\/?product=pub-dc-charger-pub-evc060ny2#primaryimage"},"image":{"@id":"https:\/\/evconexion.com\/?product=pub-dc-charger-pub-evc060ny2#primaryimage"},"thumbnailUrl":"https:\/\/evconexion.com\/wp-content\/uploads\/2025\/09\/00-240kw.363-scaled.jpg","datePublished":"2024-05-15T15:40:03+00:00","dateModified":"2025-10-04T23:03:16+00:00","breadcrumb":{"@id":"https:\/\/evconexion.com\/?product=pub-dc-charger-pub-evc060ny2#breadcrumb"},"inLanguage":"fr-FR","potentialAction":[{"@type":"ReadAction","target":["https:\/\/evconexion.com\/?product=pub-dc-charger-pub-evc060ny2"]}]},{"@type":"ImageObject","inLanguage":"fr-FR","@id":"https:\/\/evconexion.com\/?product=pub-dc-charger-pub-evc060ny2#primaryimage","url":"https:\/\/evconexion.com\/wp-content\/uploads\/2025\/09\/00-240kw.363-scaled.jpg","contentUrl":"https:\/\/evconexion.com\/wp-content\/uploads\/2025\/09\/00-240kw.363-scaled.jpg","width":2560,"height":2212},{"@type":"BreadcrumbList","@id":"https:\/\/evconexion.com\/?product=pub-dc-charger-pub-evc060ny2#breadcrumb","itemListElement":[{"@type":"ListItem","position":1,"name":"Accueil","item":"https:\/\/evconexion.com\/"},{"@type":"ListItem","position":2,"name":"Boutique","item":"https:\/\/evconexion.com\/?page_id=47"},{"@type":"ListItem","position":3,"name":"EVC Ultra DC+"}]},{"@type":"WebSite","@id":"https:\/\/evconexion.com\/#website","url":"https:\/\/evconexion.com\/","name":"EV CONNEXION: BORNE DE CHARGE ELECTRIQUE","description":"EV CONNEXION BORNE DE CHARGE VEHICULE ELECTRIQUE","publisher":{"@id":"https:\/\/evconexion.com\/#organization"},"potentialAction":[{"@type":"SearchAction","target":{"@type":"EntryPoint","urlTemplate":"https:\/\/evconexion.com\/?s={search_term_string}"},"query-input":{"@type":"PropertyValueSpecification","valueRequired":true,"valueName":"search_term_string"}}],"inLanguage":"fr-FR"},{"@type":"Organization","@id":"https:\/\/evconexion.com\/#organization","name":"EV CONNEXION: BORNE DE CHARGE ELECTRIQUE","url":"https:\/\/evconexion.com\/","logo":{"@type":"ImageObject","inLanguage":"fr-FR","@id":"https:\/\/evconexion.com\/#\/schema\/logo\/image\/","url":"https:\/\/evconexion.com\/wp-content\/uploads\/2023\/10\/EVT.gif","contentUrl":"https:\/\/evconexion.com\/wp-content\/uploads\/2023\/10\/EVT.gif","width":500,"height":500,"caption":"EV CONNEXION: BORNE DE CHARGE ELECTRIQUE"},"image":{"@id":"https:\/\/evconexion.com\/#\/schema\/logo\/image\/"}}]}},"_links":{"self":[{"href":"https:\/\/evconexion.com\/index.php?rest_route=\/wp\/v2\/product\/3798","targetHints":{"allow":["GET"]}}],"collection":[{"href":"https:\/\/evconexion.com\/index.php?rest_route=\/wp\/v2\/product"}],"about":[{"href":"https:\/\/evconexion.com\/index.php?rest_route=\/wp\/v2\/types\/product"}],"replies":[{"embeddable":true,"href":"https:\/\/evconexion.com\/index.php?rest_route=%2Fwp%2Fv2%2Fcomments&post=3798"}],"version-history":[{"count":0,"href":"https:\/\/evconexion.com\/index.php?rest_route=\/wp\/v2\/product\/3798\/revisions"}],"wp:featuredmedia":[{"embeddable":true,"href":"https:\/\/evconexion.com\/index.php?rest_route=\/wp\/v2\/media\/7592"}],"wp:attachment":[{"href":"https:\/\/evconexion.com\/index.php?rest_route=%2Fwp%2Fv2%2Fmedia&parent=3798"}],"wp:term":[{"taxonomy":"product_brand","embeddable":true,"href":"https:\/\/evconexion.com\/index.php?rest_route=%2Fwp%2Fv2%2Fproduct_brand&post=3798"},{"taxonomy":"product_cat","embeddable":true,"href":"https:\/\/evconexion.com\/index.php?rest_route=%2Fwp%2Fv2%2Fproduct_cat&post=3798"},{"taxonomy":"product_tag","embeddable":true,"href":"https:\/\/evconexion.com\/index.php?rest_route=%2Fwp%2Fv2%2Fproduct_tag&post=3798"}],"curies":[{"name":"wp","href":"https:\/\/api.w.org\/{rel}","templated":true}]}}