{"id":581,"date":"2025-08-12T08:34:05","date_gmt":"2025-08-12T08:34:05","guid":{"rendered":"https:\/\/demo.bosathemes.com\/bosa\/ev-rental-car\/?page_id=829"},"modified":"2026-03-10T10:39:02","modified_gmt":"2026-03-10T09:39:02","slug":"partenaires-cartes-de-recharge","status":"publish","type":"page","link":"https:\/\/evconexion.com\/rechargeCartes\/partenaires-cartes-de-recharge\/","title":{"rendered":"PARTENAIRES CARTE DE RECHARGE"},"content":{"rendered":"\t\t<div data-elementor-type=\"wp-page\" data-elementor-id=\"581\" class=\"elementor elementor-581\">\n\t\t\t\t<div class=\"has_eae_slider elementor-element elementor-element-3861427 e-flex e-con-boxed wpr-particle-no wpr-jarallax-no wpr-parallax-no wpr-sticky-section-no wpr-equal-height-no e-con e-parent\" data-eae-slider=\"53370\" data-id=\"3861427\" data-element_type=\"container\" data-e-type=\"container\" data-settings=\"{&quot;background_background&quot;:&quot;classic&quot;}\">\n\t\t\t\t\t<div class=\"e-con-inner\">\n\t\t<div class=\"has_eae_slider elementor-element elementor-element-207f270 e-con-full e-flex wpr-particle-no wpr-jarallax-no wpr-parallax-no wpr-sticky-section-no wpr-equal-height-no e-con e-child\" data-eae-slider=\"93336\" data-id=\"207f270\" data-element_type=\"container\" data-e-type=\"container\">\n\t\t\t\t<div class=\"elementor-element elementor-element-bdcd4d3 elementor-widget__width-inherit elementor-widget elementor-widget-video\" data-id=\"bdcd4d3\" data-element_type=\"widget\" data-e-type=\"widget\" data-settings=\"{&quot;video_type&quot;:&quot;hosted&quot;,&quot;autoplay&quot;:&quot;yes&quot;,&quot;play_on_mobile&quot;:&quot;yes&quot;,&quot;mute&quot;:&quot;yes&quot;,&quot;loop&quot;:&quot;yes&quot;}\" data-widget_type=\"video.default\">\n\t\t\t\t<div class=\"elementor-widget-container\">\n\t\t\t\t\t\t\t<div class=\"e-hosted-video elementor-wrapper elementor-open-inline\">\n\t\t\t\t\t<video class=\"elementor-video\" src=\"https:\/\/evconexion.com\/wp-content\/uploads\/2026\/02\/1.mp4\" autoplay=\"\" loop=\"\" muted=\"muted\" playsinline=\"\" controlsList=\"nodownload\"><\/video>\n\t\t\t\t<\/div>\n\t\t\t\t\t\t<\/div>\n\t\t\t\t<\/div>\n\t\t\t\t<\/div>\n\t\t\t\t\t<\/div>\n\t\t\t\t<\/div>\n\t\t<div class=\"has_eae_slider elementor-element elementor-element-c799db2 e-con-full e-flex wpr-particle-no wpr-jarallax-no wpr-parallax-no wpr-sticky-section-no wpr-equal-height-no e-con e-parent\" data-eae-slider=\"7145\" data-id=\"c799db2\" data-element_type=\"container\" data-e-type=\"container\">\n\t\t<div class=\"has_eae_slider elementor-element elementor-element-141066c e-flex e-con-boxed wpr-particle-no wpr-jarallax-no wpr-parallax-no wpr-sticky-section-no wpr-equal-height-no e-con e-child\" data-eae-slider=\"59006\" data-id=\"141066c\" data-element_type=\"container\" data-e-type=\"container\">\n\t\t\t\t\t<div class=\"e-con-inner\">\n\t\t<div class=\"has_eae_slider elementor-element elementor-element-e941471 e-grid e-con-boxed wpr-particle-no wpr-jarallax-no wpr-parallax-no wpr-sticky-section-no wpr-equal-height-no e-con e-child\" data-eae-slider=\"58763\" data-id=\"e941471\" data-element_type=\"container\" data-e-type=\"container\">\n\t\t\t\t\t<div class=\"e-con-inner\">\n\t\t\t\t<div class=\"elementor-element elementor-element-b7e19a2 elementor-widget elementor-widget-bew-elements-site-logo\" data-id=\"b7e19a2\" data-element_type=\"widget\" data-e-type=\"widget\" data-widget_type=\"bew-elements-site-logo.default\">\n\t\t\t\t<div class=\"elementor-widget-container\">\n\t\t\t\t\t\t\t\t<div class=\"bew-site-logo\">\t\n\t\t\t\t\t\t\t\t\t<a href=\"https:\/\/evconexion.com\/rechargeCartes\">\n\t\t\t\t\t\t\t\t\t\t<img decoding=\"async\" class=\"bew-site-logo-img\" src=\"https:\/\/evconexion.com\/rechargeCartes\/wp-content\/uploads\/sites\/5\/2025\/11\/CC-300x146.png\" alt=\"CC\"\/>\n\t\t\t\t\t\t\t\t\t<\/a>\n\t\t\t\t\t\t\t<\/div> \n\t\t\t\t\t\t<\/div>\n\t\t\t\t<\/div>\n\t\t\t\t<div class=\"elementor-element elementor-element-8700f93 elementor-widget elementor-widget-bew-elements-site-logo\" data-id=\"8700f93\" data-element_type=\"widget\" data-e-type=\"widget\" data-widget_type=\"bew-elements-site-logo.default\">\n\t\t\t\t<div class=\"elementor-widget-container\">\n\t\t\t\t\t\t\t\t<div class=\"bew-site-logo\">\t\n\t\t\t\t\t\t\t\t\t<a href=\"https:\/\/evconexion.com\/rechargeCartes\">\n\t\t\t\t\t\t\t\t\t\t<img decoding=\"async\" class=\"bew-site-logo-img\" src=\"https:\/\/evconexion.com\/rechargeCartes\/wp-content\/uploads\/sites\/5\/2025\/10\/cropped-cropped-EV-CONEXION-1-300x148.png\" alt=\"cropped-cropped-EV-CONEXION-1.png\"\/>\n\t\t\t\t\t\t\t\t\t<\/a>\n\t\t\t\t\t\t\t<\/div> \n\t\t\t\t\t\t<\/div>\n\t\t\t\t<\/div>\n\t\t\t\t\t<\/div>\n\t\t\t\t<\/div>\n\t\t\t\t\t<\/div>\n\t\t\t\t<\/div>\n\t\t\t\t<div class=\"elementor-element elementor-element-1943d8a elementor-widget elementor-widget-spacer\" data-id=\"1943d8a\" data-element_type=\"widget\" data-e-type=\"widget\" data-widget_type=\"spacer.default\">\n\t\t\t\t<div class=\"elementor-widget-container\">\n\t\t\t\t\t\t\t<div class=\"elementor-spacer\">\n\t\t\t<div class=\"elementor-spacer-inner\"><\/div>\n\t\t<\/div>\n\t\t\t\t\t\t<\/div>\n\t\t\t\t<\/div>\n\t\t\t\t<div class=\"elementor-element elementor-element-db2e797 elementor-widget elementor-widget-elementskit-heading\" data-id=\"db2e797\" data-element_type=\"widget\" data-e-type=\"widget\" data-widget_type=\"elementskit-heading.default\">\n\t\t\t\t<div class=\"elementor-widget-container\">\n\t\t\t\t\t<div class=\"ekit-wid-con\" ><div class=\"ekit-heading elementskit-section-title-wraper text_center   ekit_heading_tablet-   ekit_heading_mobile-\"><h2 class=\"ekit-heading--title elementskit-section-title \">FORMULAIRE DE VALIDATION <span><span>Carte Pass<\/span><\/span><\/h2><\/div><\/div>\t\t\t\t<\/div>\n\t\t\t\t<\/div>\n\t\t\t\t<div class=\"elementor-element elementor-element-9e9798a elementor-widget elementor-widget-spacer\" data-id=\"9e9798a\" data-element_type=\"widget\" data-e-type=\"widget\" data-widget_type=\"spacer.default\">\n\t\t\t\t<div class=\"elementor-widget-container\">\n\t\t\t\t\t\t\t<div class=\"elementor-spacer\">\n\t\t\t<div class=\"elementor-spacer-inner\"><\/div>\n\t\t<\/div>\n\t\t\t\t\t\t<\/div>\n\t\t\t\t<\/div>\n\t\t\t\t<div class=\"elementor-element elementor-element-0e71f4e elementor-widget elementor-widget-spacer\" data-id=\"0e71f4e\" data-element_type=\"widget\" data-e-type=\"widget\" data-widget_type=\"spacer.default\">\n\t\t\t\t<div class=\"elementor-widget-container\">\n\t\t\t\t\t\t\t<div class=\"elementor-spacer\">\n\t\t\t<div class=\"elementor-spacer-inner\"><\/div>\n\t\t<\/div>\n\t\t\t\t\t\t<\/div>\n\t\t\t\t<\/div>\n\t\t\t\t<div class=\"elementor-element elementor-element-7d70199 elementor-widget elementor-widget-elementskit-heading\" data-id=\"7d70199\" data-element_type=\"widget\" data-e-type=\"widget\" data-widget_type=\"elementskit-heading.default\">\n\t\t\t\t<div class=\"elementor-widget-container\">\n\t\t\t\t\t<div class=\"ekit-wid-con\" ><div class=\"ekit-heading elementskit-section-title-wraper text_left   ekit_heading_tablet-   ekit_heading_mobile-text_center\"><h2 class=\"ekit-heading--title elementskit-section-title  ekit-heading__title-has-border start\">EV CONEXION <span><span> Conception  &amp; Cartes de Recharge VE<\/span><\/span><\/h2><\/div><\/div>\t\t\t\t<\/div>\n\t\t\t\t<\/div>\n\t\t<div class=\"has_eae_slider elementor-element elementor-element-ce903b7 e-con-full e-flex wpr-particle-no wpr-jarallax-no wpr-parallax-no wpr-sticky-section-no wpr-equal-height-no e-con e-child\" data-eae-slider=\"79302\" data-id=\"ce903b7\" data-element_type=\"container\" data-e-type=\"container\">\n\t\t<div class=\"has_eae_slider elementor-element elementor-element-8411ef1 e-con-full e-flex wpr-particle-no wpr-jarallax-no wpr-parallax-no wpr-sticky-section-no wpr-equal-height-no e-con e-child\" data-eae-slider=\"61596\" data-id=\"8411ef1\" data-element_type=\"container\" data-e-type=\"container\">\n\t\t<div class=\"has_eae_slider elementor-element elementor-element-ebcb8d4 e-con-full e-flex wpr-particle-no wpr-jarallax-no wpr-parallax-no wpr-sticky-section-no wpr-equal-height-no e-con e-child\" data-eae-slider=\"84876\" data-id=\"ebcb8d4\" data-element_type=\"container\" data-e-type=\"container\">\n\t\t<div class=\"has_eae_slider elementor-element elementor-element-4dab304 e-con-full e-flex wpr-particle-no wpr-jarallax-no wpr-parallax-no wpr-sticky-section-no wpr-equal-height-no e-con e-child\" data-eae-slider=\"87501\" data-id=\"4dab304\" data-element_type=\"container\" data-e-type=\"container\">\n\t\t<div class=\"has_eae_slider elementor-element elementor-element-b0d2761 e-con-full e-flex wpr-particle-no wpr-jarallax-no wpr-parallax-no wpr-sticky-section-no wpr-equal-height-no e-con e-child\" data-eae-slider=\"839\" data-id=\"b0d2761\" data-element_type=\"container\" data-e-type=\"container\" data-settings=\"{&quot;background_background&quot;:&quot;classic&quot;}\">\n\t\t\t\t<div class=\"elementor-element elementor-element-d00555d elementor-widget elementor-widget-text-editor\" data-id=\"d00555d\" data-element_type=\"widget\" data-e-type=\"widget\" data-widget_type=\"text-editor.default\">\n\t\t\t\t<div class=\"elementor-widget-container\">\n\t\t\t\t\t\t\t\t\t<p>D\u00e9s la r\u00e9ception de vos informations par le biais de ce formulaire, votre carte sera imm\u00e9diatement enregistr\u00e9e avec son ID RFID (N\u00b0 au verso derri\u00e8re en dor\u00e9)&nbsp;dans notre base de donn\u00e9es et l&#8217;action d\u00e9clenchera un e-mail qui vous invitera \u00e0 t\u00e9l\u00e9charger notre application et de d\u00e9poser la somme&nbsp;choisie&nbsp; sans inscription ou d\u00e9p\u00f4t de CB&nbsp; de votre part.<\/p>\t\t\t\t\t\t\t\t<\/div>\n\t\t\t\t<\/div>\n\t\t\t\t<div class=\"elementor-element elementor-element-ac2d676 elementor-widget elementor-widget-shortcode\" data-id=\"ac2d676\" data-element_type=\"widget\" data-e-type=\"widget\" data-widget_type=\"shortcode.default\">\n\t\t\t\t<div class=\"elementor-widget-container\">\n\t\t\t\t\t\t\t<div class=\"elementor-shortcode\"><style id=\"wpforms-css-vars-965\">\n\t\t\t\t#wpforms-965 {\n\t\t\t\t--wpforms-container-padding: 0px;\n--wpforms-container-border-width: 1px;\n--wpforms-container-border-radius: 3px;\n--wpforms-background-color: rgba(0, 0, 0, 0);\n--wpforms-field-size-input-height: 43px;\n--wpforms-field-size-input-spacing: 15px;\n--wpforms-field-size-font-size: 16px;\n--wpforms-field-size-line-height: 19px;\n--wpforms-field-size-padding-h: 14px;\n--wpforms-field-size-checkbox-size: 16px;\n--wpforms-field-size-sublabel-spacing: 5px;\n--wpforms-field-size-icon-size: 1;\n--wpforms-label-size-font-size: 16px;\n--wpforms-label-size-line-height: 19px;\n--wpforms-label-size-sublabel-font-size: 14px;\n--wpforms-label-size-sublabel-line-height: 17px;\n--wpforms-button-size-font-size: 17px;\n--wpforms-button-size-height: 41px;\n--wpforms-button-size-padding-h: 15px;\n--wpforms-button-size-margin-top: 10px;\n--wpforms-container-shadow-size-box-shadow: none;\n\t\t\t}\n\t\t\t<\/style><div class=\"wpforms-container wpforms-container-full wpforms-render-modern\" id=\"wpforms-965\"><form id=\"wpforms-form-965\" class=\"wpforms-validate wpforms-form wpforms-ajax-form\" data-formid=\"965\" method=\"post\" enctype=\"multipart\/form-data\" action=\"\/rechargeCartes\/wp-json\/wp\/v2\/pages\/581\" data-token=\"1798ceeaa6718148c9145e3feb149092\" data-token-time=\"1776965484\"><noscript class=\"wpforms-error-noscript\">Veuillez activer JavaScript dans votre navigateur pour remplir ce formulaire.<\/noscript><div id=\"wpforms-error-noscript\" style=\"display: none;\">Veuillez activer JavaScript dans votre navigateur pour remplir ce formulaire.<\/div><div class=\"wpforms-field-container\">\t\t<div id=\"wpforms-965-field_3-container\"\n\t\t\tclass=\"wpforms-field wpforms-field-text\"\n\t\t\tdata-field-type=\"text\"\n\t\t\tdata-field-id=\"3\"\n\t\t\t>\n\t\t\t<label class=\"wpforms-field-label\" for=\"wpforms-965-field_3\" >( DE le<\/label>\n\t\t\t<input type=\"text\" id=\"wpforms-965-field_3\" class=\"wpforms-field-medium\" name=\"wpforms[fields][3]\" >\n\t\t<\/div>\n\t\t<div id=\"wpforms-965-field_7-container\" class=\"wpforms-field wpforms-field-text\" data-field-id=\"7\"><label class=\"wpforms-field-label\" for=\"wpforms-965-field_7\">NOM DU TABAC:<\/label><input type=\"text\" id=\"wpforms-965-field_7\" class=\"wpforms-field-medium\" name=\"wpforms[fields][7]\" aria-errormessage=\"wpforms-965-field_7-error\" aria-describedby=\"wpforms-965-field_7-description\" ><div id=\"wpforms-965-field_7-description\" class=\"wpforms-field-description\">achat au bureau de Tabac de:<\/div><\/div><div id=\"wpforms-965-field_8-container\" class=\"wpforms-field wpforms-field-text\" data-field-id=\"8\"><label class=\"wpforms-field-label\" for=\"wpforms-965-field_8\">Ville du bureau de tabac  <span class=\"wpforms-required-label\" aria-hidden=\"true\">*<\/span><\/label><input type=\"text\" id=\"wpforms-965-field_8\" class=\"wpforms-field-medium wpforms-field-required\" name=\"wpforms[fields][8]\" aria-errormessage=\"wpforms-965-field_8-error\" required><\/div><div id=\"wpforms-965-field_1-container\" class=\"wpforms-field wpforms-field-name\" data-field-id=\"1\"><fieldset><legend class=\"wpforms-field-label\">INFORMATION SUR VOUS <span class=\"wpforms-required-label\" aria-hidden=\"true\">*<\/span><\/legend><div class=\"wpforms-field-row wpforms-field-medium\"><div class=\"wpforms-field-row-block wpforms-first wpforms-one-half\"><input type=\"text\" id=\"wpforms-965-field_1\" class=\"wpforms-field-name-first wpforms-field-required\" name=\"wpforms[fields][1][first]\" aria-errormessage=\"wpforms-965-field_1-error\" required><label for=\"wpforms-965-field_1\" class=\"wpforms-field-sublabel after\">Pr\u00e9nom<\/label><\/div><div class=\"wpforms-field-row-block wpforms-one-half\"><input type=\"text\" id=\"wpforms-965-field_1-last\" class=\"wpforms-field-name-last wpforms-field-required\" name=\"wpforms[fields][1][last]\" aria-errormessage=\"wpforms-965-field_1-last-error\" required><label for=\"wpforms-965-field_1-last\" class=\"wpforms-field-sublabel after\">Nom<\/label><\/div><\/div><\/fieldset><\/div><div id=\"wpforms-965-field_11-container\" class=\"wpforms-field wpforms-field-number\" data-field-id=\"11\"><label class=\"wpforms-field-label\" for=\"wpforms-965-field_11\">Code postal <span class=\"wpforms-required-label\" aria-hidden=\"true\">*<\/span><\/label><input type=\"number\" id=\"wpforms-965-field_11\" class=\"wpforms-field-small wpforms-field-required\" name=\"wpforms[fields][11]\" min=\"6\" step=\"any\" aria-errormessage=\"wpforms-965-field_11-error\" required><\/div><div id=\"wpforms-965-field_12-container\" class=\"wpforms-field wpforms-field-number\" data-field-id=\"12\"><label class=\"wpforms-field-label\" for=\"wpforms-965-field_12\">votre num\u00e9ro de t\u00e9l\u00e9phone <span class=\"wpforms-required-label\" aria-hidden=\"true\">*<\/span><\/label><input type=\"number\" id=\"wpforms-965-field_12\" class=\"wpforms-field-small wpforms-field-required\" name=\"wpforms[fields][12]\" step=\"any\" aria-errormessage=\"wpforms-965-field_12-error\" required><\/div><div id=\"wpforms-965-field_2-container\" class=\"wpforms-field wpforms-field-email\" data-field-id=\"2\"><label class=\"wpforms-field-label\" for=\"wpforms-965-field_2\">Votre adresse E-mail <span class=\"wpforms-required-label\" aria-hidden=\"true\">*<\/span><\/label><input type=\"email\" id=\"wpforms-965-field_2\" class=\"wpforms-field-medium wpforms-field-required\" name=\"wpforms[fields][2]\" spellcheck=\"false\" aria-errormessage=\"wpforms-965-field_2-error\" required><\/div><div id=\"wpforms-965-field_4-container\" class=\"wpforms-field wpforms-field-radio wpforms-list-inline\" data-field-id=\"4\"><fieldset><legend class=\"wpforms-field-label\">CHOIX  DU CREDIT DE VOTRE CARTE DE RECHARGE RFID ( ces cartes ont une date de validit\u00e9 de 1 mois, le solde votre compte doit \u00eatre utilis\u00e9 sous 30 jours)  <span class=\"wpforms-required-label\" aria-hidden=\"true\">*<\/span><\/legend><ul id=\"wpforms-965-field_4\" class=\"wpforms-field-required wpforms-image-choices wpforms-image-choices-modern\"><li class=\"choice-1 depth-1 wpforms-image-choices-item wpforms-selected\"><label class=\"wpforms-field-label-inline\" for=\"wpforms-965-field_4_1\" tabindex=\"0\"><span class=\"wpforms-image-choices-image\"><img decoding=\"async\" src=\"https:\/\/evconexion.com\/rechargeCartes\/wp-content\/uploads\/sites\/5\/2026\/01\/1499E-TRA.png\" alt=\"Carte de recharge \u00e0 14,99\u20ac\" title=\"Carte de recharge \u00e0 14,99\u20ac\"><\/span><input type=\"radio\" id=\"wpforms-965-field_4_1\" class=\"wpforms-screen-reader-element\" name=\"wpforms[fields][4]\" value=\"Carte de recharge \u00e0 14,99\u20ac\" aria-errormessage=\"wpforms-965-field_4_1-error\" tabindex=\"-1\" required  checked='checked'><span class=\"wpforms-image-choices-label\">Carte de recharge \u00e0 14,99\u20ac<\/span><\/label><\/li><li class=\"choice-2 depth-1 wpforms-image-choices-item\"><label class=\"wpforms-field-label-inline\" for=\"wpforms-965-field_4_2\" tabindex=\"0\"><span class=\"wpforms-image-choices-image\"><img decoding=\"async\" src=\"https:\/\/evconexion.com\/rechargeCartes\/wp-content\/uploads\/sites\/5\/2026\/01\/2499E.png\" alt=\"Carte de recharge \u00e0 24,99\u20ac\" title=\"Carte de recharge \u00e0 24,99\u20ac\"><\/span><input type=\"radio\" id=\"wpforms-965-field_4_2\" class=\"wpforms-screen-reader-element\" name=\"wpforms[fields][4]\" value=\"Carte de recharge \u00e0 24,99\u20ac\" aria-errormessage=\"wpforms-965-field_4_2-error\" tabindex=\"-1\" required ><span class=\"wpforms-image-choices-label\">Carte de recharge \u00e0 24,99\u20ac<\/span><\/label><\/li><li class=\"choice-3 depth-1 wpforms-image-choices-item\"><label class=\"wpforms-field-label-inline\" for=\"wpforms-965-field_4_3\" tabindex=\"0\"><span class=\"wpforms-image-choices-image\"><img decoding=\"async\" src=\"https:\/\/evconexion.com\/rechargeCartes\/wp-content\/uploads\/sites\/5\/2025\/11\/11-3.jpg\" alt=\"Carte de recharge \u00e0 36,99\u20ac\" title=\"Carte de recharge \u00e0 36,99\u20ac\"><\/span><input type=\"radio\" id=\"wpforms-965-field_4_3\" class=\"wpforms-screen-reader-element\" name=\"wpforms[fields][4]\" value=\"Carte de recharge \u00e0 36,99\u20ac\" aria-errormessage=\"wpforms-965-field_4_3-error\" tabindex=\"-1\" required ><span class=\"wpforms-image-choices-label\">Carte de recharge \u00e0 36,99\u20ac<\/span><\/label><\/li><\/ul><\/fieldset><\/div><div id=\"wpforms-965-field_13-container\" class=\"wpforms-field wpforms-field-text\" data-field-id=\"13\"><label class=\"wpforms-field-label\" for=\"wpforms-965-field_13\">ID DE LA CARTE DE RECHARGE  <span class=\"wpforms-required-label\" aria-hidden=\"true\">*<\/span><\/label><input type=\"text\" id=\"wpforms-965-field_13\" class=\"wpforms-field-medium wpforms-field-required\" name=\"wpforms[fields][13]\" aria-errormessage=\"wpforms-965-field_13-error\" aria-describedby=\"wpforms-965-field_13-description\" required><div id=\"wpforms-965-field_13-description\" class=\"wpforms-field-description\">L'ID sont les nombres de chiffres au dos de la carte en couleur OR.<\/div><\/div><script>\n\t\t\t\t( function() {\n\t\t\t\t\tconst style = document.createElement( 'style' );\n\t\t\t\t\tstyle.appendChild( document.createTextNode( '#wpforms-965-field_3-container { position: absolute !important; overflow: hidden !important; display: inline !important; height: 1px !important; width: 1px !important; z-index: -1000 !important; padding: 0 !important; } #wpforms-965-field_3-container input { visibility: hidden; } #wpforms-conversational-form-page #wpforms-965-field_3-container label { counter-increment: none; }' ) );\n\t\t\t\t\tdocument.head.appendChild( style );\n\t\t\t\t\tdocument.currentScript?.remove();\n\t\t\t\t} )();\n\t\t\t<\/script><\/div><!-- .wpforms-field-container --><div class=\"wpforms-submit-container\" ><input type=\"hidden\" name=\"wpforms[id]\" value=\"965\"><input type=\"hidden\" name=\"page_title\" value=\"\"><input type=\"hidden\" name=\"page_url\" value=\"https:\/\/evconexion.com\/rechargeCartes\/wp-json\/wp\/v2\/pages\/581\"><input type=\"hidden\" name=\"url_referer\" value=\"\"><button type=\"submit\" name=\"wpforms[submit]\" id=\"wpforms-submit-965\" class=\"wpforms-submit\" data-alt-text=\"Sending...\" data-submit-text=\"Envoyer\" aria-live=\"assertive\" value=\"wpforms-submit\">Envoyer<\/button><img decoding=\"async\" src=\"https:\/\/evconexion.com\/rechargeCartes\/wp-content\/plugins\/wpforms-lite\/assets\/images\/submit-spin.svg\" class=\"wpforms-submit-spinner\" style=\"display: none;\" width=\"26\" height=\"26\" alt=\"Chargement en cours\"><\/div><\/form><\/div>  <!-- .wpforms-container --><\/div>\n\t\t\t\t\t\t<\/div>\n\t\t\t\t<\/div>\n\t\t<div class=\"has_eae_slider elementor-element elementor-element-94199ed e-con-full e-flex wpr-particle-no wpr-jarallax-no wpr-parallax-no wpr-sticky-section-no wpr-equal-height-no e-con e-child\" data-eae-slider=\"55902\" data-id=\"94199ed\" data-element_type=\"container\" data-e-type=\"container\">\n\t\t<div class=\"has_eae_slider elementor-element elementor-element-369ea99 e-con-full e-flex wpr-particle-no wpr-jarallax-no wpr-parallax-no wpr-sticky-section-no wpr-equal-height-no e-con e-child\" data-eae-slider=\"31655\" data-id=\"369ea99\" data-element_type=\"container\" data-e-type=\"container\">\n\t\t\t\t<div class=\"elementor-element elementor-element-39c20b3 elementor-view-default elementor-widget elementor-widget-icon\" data-id=\"39c20b3\" data-element_type=\"widget\" data-e-type=\"widget\" data-widget_type=\"icon.default\">\n\t\t\t\t<div class=\"elementor-widget-container\">\n\t\t\t\t\t\t\t<div class=\"elementor-icon-wrapper\">\n\t\t\t<div class=\"elementor-icon\">\n\t\t\t<i aria-hidden=\"true\" class=\"icon icon-phone-call2\"><\/i>\t\t\t<\/div>\n\t\t<\/div>\n\t\t\t\t\t\t<\/div>\n\t\t\t\t<\/div>\n\t\t\t\t<div class=\"elementor-element elementor-element-2f3fba6 elementor-widget elementor-widget-heading\" data-id=\"2f3fba6\" data-element_type=\"widget\" data-e-type=\"widget\" data-widget_type=\"heading.default\">\n\t\t\t\t<div class=\"elementor-widget-container\">\n\t\t\t\t\t<h2 class=\"elementor-heading-title elementor-size-default\">NOUS JOINDRE: +33 5 25 36 02 56<\/h2>\t\t\t\t<\/div>\n\t\t\t\t<\/div>\n\t\t\t\t<\/div>\n\t\t<div class=\"has_eae_slider elementor-element elementor-element-3ff4878 e-con-full e-flex wpr-particle-no wpr-jarallax-no wpr-parallax-no wpr-sticky-section-no wpr-equal-height-no e-con e-child\" data-eae-slider=\"23103\" data-id=\"3ff4878\" data-element_type=\"container\" data-e-type=\"container\">\n\t\t\t\t<div class=\"elementor-element elementor-element-1b4243c elementor-widget elementor-widget-button\" data-id=\"1b4243c\" data-element_type=\"widget\" data-e-type=\"widget\" data-widget_type=\"button.default\">\n\t\t\t\t<div class=\"elementor-widget-container\">\n\t\t\t\t\t\t\t\t\t<div class=\"elementor-button-wrapper\">\n\t\t\t\t\t<a class=\"elementor-button elementor-button-link elementor-size-sm\" href=\"https:\/\/evconexion.com\/\">\n\t\t\t\t\t\t<span class=\"elementor-button-content-wrapper\">\n\t\t\t\t\t\t\t\t\t<span class=\"elementor-button-text\">PLUS SUR NOUS<\/span>\n\t\t\t\t\t<\/span>\n\t\t\t\t\t<\/a>\n\t\t\t\t<\/div>\n\t\t\t\t\t\t\t\t<\/div>\n\t\t\t\t<\/div>\n\t\t\t\t<\/div>\n\t\t\t\t<\/div>\n\t\t\t\t<\/div>\n\t\t<div class=\"has_eae_slider elementor-element elementor-element-7483f80 e-con-full e-flex wpr-particle-no wpr-jarallax-no wpr-parallax-no wpr-sticky-section-no wpr-equal-height-no e-con e-child\" data-eae-slider=\"77426\" data-id=\"7483f80\" data-element_type=\"container\" data-e-type=\"container\">\n\t\t\t\t<div class=\"elementor-element elementor-element-6abecd0 elementor-widget elementor-widget-image\" data-id=\"6abecd0\" data-element_type=\"widget\" data-e-type=\"widget\" data-widget_type=\"image.default\">\n\t\t\t\t<div class=\"elementor-widget-container\">\n\t\t\t\t\t\t\t\t\t\t\t\t\t\t\t<img fetchpriority=\"high\" decoding=\"async\" width=\"720\" height=\"540\" src=\"https:\/\/evconexion.com\/rechargeCartes\/wp-content\/uploads\/sites\/5\/2025\/10\/810929d6-8776-4fa0-89f5-806412da5501-1024x768.jpg\" class=\"attachment-large size-large wp-image-752\" alt=\"\" srcset=\"https:\/\/evconexion.com\/rechargeCartes\/wp-content\/uploads\/sites\/5\/2025\/10\/810929d6-8776-4fa0-89f5-806412da5501-1024x768.jpg 1024w, https:\/\/evconexion.com\/rechargeCartes\/wp-content\/uploads\/sites\/5\/2025\/10\/810929d6-8776-4fa0-89f5-806412da5501-600x450.jpg 600w, https:\/\/evconexion.com\/rechargeCartes\/wp-content\/uploads\/sites\/5\/2025\/10\/810929d6-8776-4fa0-89f5-806412da5501-300x225.jpg 300w, https:\/\/evconexion.com\/rechargeCartes\/wp-content\/uploads\/sites\/5\/2025\/10\/810929d6-8776-4fa0-89f5-806412da5501-768x576.jpg 768w, https:\/\/evconexion.com\/rechargeCartes\/wp-content\/uploads\/sites\/5\/2025\/10\/810929d6-8776-4fa0-89f5-806412da5501-1536x1152.jpg 1536w, https:\/\/evconexion.com\/rechargeCartes\/wp-content\/uploads\/sites\/5\/2025\/10\/810929d6-8776-4fa0-89f5-806412da5501-80x60.jpg 80w, https:\/\/evconexion.com\/rechargeCartes\/wp-content\/uploads\/sites\/5\/2025\/10\/810929d6-8776-4fa0-89f5-806412da5501.jpg 1600w\" sizes=\"(max-width: 720px) 100vw, 720px\" \/>\t\t\t\t\t\t\t\t\t\t\t\t\t\t\t<\/div>\n\t\t\t\t<\/div>\n\t\t\t\t<\/div>\n\t\t\t\t<\/div>\n\t\t\t\t<\/div>\n\t\t\t\t<\/div>\n\t\t\t\t<\/div>\n\t\t\t\t<\/div>\n\t\t\t\t<\/div>\n\t\t","protected":false},"excerpt":{"rendered":"<p>https:\/\/evconexion.com\/wp-content\/uploads\/2026\/02\/1.mp4 FORMULAIRE DE VALIDATION Carte Pass EV CONEXION Conception &amp; Cartes de Recharge VE D\u00e9s la r\u00e9ception de vos informations par le biais de ce formulaire, votre carte sera imm\u00e9diatement enregistr\u00e9e avec son ID RFID (N\u00b0 au verso derri\u00e8re en dor\u00e9)&nbsp;dans notre base de donn\u00e9es et l&#8217;action d\u00e9clenchera un e-mail qui vous invitera \u00e0 t\u00e9l\u00e9charger notre application et de d\u00e9poser<\/p>\n","protected":false},"author":1,"featured_media":0,"parent":0,"menu_order":0,"comment_status":"closed","ping_status":"closed","template":"elementor_header_footer","meta":{"_sitemap_exclude":false,"_sitemap_priority":"","_sitemap_frequency":"","footnotes":""},"class_list":["post-581","page","type-page","status-publish","hentry"],"aioseo_notices":[],"_links":{"self":[{"href":"https:\/\/evconexion.com\/rechargeCartes\/wp-json\/wp\/v2\/pages\/581","targetHints":{"allow":["GET"]}}],"collection":[{"href":"https:\/\/evconexion.com\/rechargeCartes\/wp-json\/wp\/v2\/pages"}],"about":[{"href":"https:\/\/evconexion.com\/rechargeCartes\/wp-json\/wp\/v2\/types\/page"}],"author":[{"embeddable":true,"href":"https:\/\/evconexion.com\/rechargeCartes\/wp-json\/wp\/v2\/users\/1"}],"replies":[{"embeddable":true,"href":"https:\/\/evconexion.com\/rechargeCartes\/wp-json\/wp\/v2\/comments?post=581"}],"version-history":[{"count":53,"href":"https:\/\/evconexion.com\/rechargeCartes\/wp-json\/wp\/v2\/pages\/581\/revisions"}],"predecessor-version":[{"id":1312,"href":"https:\/\/evconexion.com\/rechargeCartes\/wp-json\/wp\/v2\/pages\/581\/revisions\/1312"}],"wp:attachment":[{"href":"https:\/\/evconexion.com\/rechargeCartes\/wp-json\/wp\/v2\/media?parent=581"}],"curies":[{"name":"wp","href":"https:\/\/api.w.org\/{rel}","templated":true}]}}