{"id":1442,"date":"2026-03-24T16:13:21","date_gmt":"2026-03-24T15:13:21","guid":{"rendered":"https:\/\/evconexion.com\/rechargeCartes\/?post_type=product&#038;p=1442"},"modified":"2026-04-02T23:46:38","modified_gmt":"2026-04-02T21:46:38","slug":"easy-prepaid-small-pass","status":"publish","type":"product","link":"https:\/\/evconexion.com\/rechargeCartes\/produit\/easy-prepaid-small-pass\/","title":{"rendered":"Easy Prepaid Starter pass"},"content":{"rendered":"<p><strong>Cette carte de recharge est une carte libert\u00e9: Prix 14.99\u20ac + le cr\u00e9dit souhait\u00e9<\/strong><\/p>\n<p>Elle vous permet une libert\u00e9 totale\u00a0 sans obligation de cr\u00e9ation de cr\u00e9ation de compte.<\/p>\n","protected":false},"excerpt":{"rendered":"<p>Vous avez la possibilit\u00e9 d\u2019ajouter simplement\u00a0<strong>un cr\u00e9dit de 14,99\u20ac<\/strong>\u00a0dans votre porte monnaie et charger votre v\u00e9hicules sur plus de\u00a0<strong>500000 bornes de recharges partenaires en itin\u00e9rance<\/strong>\u00a0, nos bornes de recharge y compris en\u00a0<strong>France ou en Europe sans aucune commission ou de frais cach\u00e9s<\/strong>.<\/p>\n<p><strong>A Savoir:<\/strong>\u00a0Apr\u00e8s la premi\u00e8re charge de cr\u00e9dit dans votre Wallet (le porte monnaie) vous pouvez y d\u00e9poser le cr\u00e9dit de votre choix).<\/p>\n<p><span data-path-to-node=\"4,1,2,0\"><strong>Cr\u00e9dit<\/strong>\u00a0: Ideal pour la recharge d\u2019appoint<\/span><span data-path-to-node=\"4,2,2,0\">:\u00a0<\/span><span data-path-to-node=\"4,1,2,0\">(<b data-path-to-node=\"4,1,2,0\" data-index-in-node=\"20\">14,99 \u20ac<\/b>)<\/span><span data-path-to-node=\"4,1,3,0\">\u00a0Citadins, petits trajets.<\/span><span data-path-to-node=\"4,2,3,0\">\u00a0<\/span><\/p>\n","protected":false},"featured_media":1446,"template":"","meta":{"_sitemap_exclude":false,"_sitemap_priority":"","_sitemap_frequency":""},"product_brand":[],"product_cat":[60],"product_tag":[],"class_list":{"0":"post-1442","1":"product","2":"type-product","3":"status-publish","4":"has-post-thumbnail","6":"product_cat-rfid-cards","8":"first","9":"instock","10":"shipping-taxable","11":"purchasable","12":"product-type-simple"},"aioseo_notices":[],"_links":{"self":[{"href":"https:\/\/evconexion.com\/rechargeCartes\/wp-json\/wp\/v2\/product\/1442","targetHints":{"allow":["GET"]}}],"collection":[{"href":"https:\/\/evconexion.com\/rechargeCartes\/wp-json\/wp\/v2\/product"}],"about":[{"href":"https:\/\/evconexion.com\/rechargeCartes\/wp-json\/wp\/v2\/types\/product"}],"version-history":[{"count":4,"href":"https:\/\/evconexion.com\/rechargeCartes\/wp-json\/wp\/v2\/product\/1442\/revisions"}],"predecessor-version":[{"id":1535,"href":"https:\/\/evconexion.com\/rechargeCartes\/wp-json\/wp\/v2\/product\/1442\/revisions\/1535"}],"wp:featuredmedia":[{"embeddable":true,"href":"https:\/\/evconexion.com\/rechargeCartes\/wp-json\/wp\/v2\/media\/1446"}],"wp:attachment":[{"href":"https:\/\/evconexion.com\/rechargeCartes\/wp-json\/wp\/v2\/media?parent=1442"}],"wp:term":[{"taxonomy":"product_brand","embeddable":true,"href":"https:\/\/evconexion.com\/rechargeCartes\/wp-json\/wp\/v2\/product_brand?post=1442"},{"taxonomy":"product_cat","embeddable":true,"href":"https:\/\/evconexion.com\/rechargeCartes\/wp-json\/wp\/v2\/product_cat?post=1442"},{"taxonomy":"product_tag","embeddable":true,"href":"https:\/\/evconexion.com\/rechargeCartes\/wp-json\/wp\/v2\/product_tag?post=1442"}],"curies":[{"name":"wp","href":"https:\/\/api.w.org\/{rel}","templated":true}]}}